{"id":13488,"date":"2025-07-30T13:09:19","date_gmt":"2025-07-30T11:09:19","guid":{"rendered":"https:\/\/ziolazycia.com\/nowa\/?post_type=product&#038;p=13488"},"modified":"2025-11-26T15:59:46","modified_gmt":"2025-11-26T14:59:46","slug":"mumio-himalajskie-zywe-shilajit-gold-pasta-herbin-30g","status":"publish","type":"product","link":"https:\/\/ziolazycia.com\/nowa\/product\/mumio-himalajskie-zywe-shilajit-gold-pasta-herbin-30g\/","title":{"rendered":"Mumio Himalajskie \u017bywe Shilajit Gold Pasta Herbin 30g"},"content":{"rendered":"<p data-start=\"336\" data-end=\"808\">Mumio Balsam G\u00f3r 30g to produkt naturalny, kt\u00f3ry w \u015brodowisku naturalnym wyst\u0119puje w postaci skorup znajduj\u0105cych si\u0119 w p\u0119kni\u0119ciach ska\u0142 wysokog\u00f3rskich. Oferowane mumio to ciemny ekstrakt pochodz\u0105cy z Himalaj\u00f3w, zaliczany do szczeg\u00f3lnych rodzaj\u00f3w ska\u0142 geologicznych dost\u0119pnych tylko w wybranych rejonach \u015bwiata. Sk\u0142ad produktu obejmuje oczyszczony ekstrakt mumio Shilajit (Asphaltum Panjabinum), substancje s\u0142odz\u0105ce: maltitol i erytrytol, wod\u0119 oczyszczon\u0105 oraz L-glutation.<\/p>\n<p data-start=\"810\" data-end=\"1114\">Porcja dzienna (500 mg) zawiera 485 mg oczyszczonego ekstraktu mumio Shilajit oraz 0,25 mg L-glutationu. Zalecane stosowanie dla doros\u0142ych to 2 razy dziennie po 250 mg lub 1 raz dziennie 500 mg, po rozcie\u0144czeniu w 75\u2013100 ml ciep\u0142ej wody. Do odmierzania produktu zaleca si\u0119 u\u017cywanie szpatu\u0142ki pomiarowej.<\/p>\n<p data-start=\"1116\" data-end=\"1491\">Nie przekracza\u0107 zalecanej dziennej porcji do spo\u017cycia. Suplement diety nie mo\u017ce by\u0107 stosowany jako substytut zr\u00f3\u017cnicowanej diety. Przechowywa\u0107 w temperaturze nie wy\u017cszej ni\u017c +25\u2103, w suchym miejscu, chroni\u0107 przed bezpo\u015brednim \u015bwiat\u0142em s\u0142onecznym oraz w spos\u00f3b niedost\u0119pny dla dzieci, w szczelnie zamkni\u0119tym opakowaniu. Spo\u017cycie du\u017cych ilo\u015bci produktu mo\u017ce powodowa\u0107 biegunk\u0119.<\/p>\n<p data-start=\"1493\" data-end=\"1533\">Dystrybutor: ARAM NATURA Aram Szaginian.<\/p>\n","protected":false},"excerpt":{"rendered":"<p>Mumio Balsam G\u00f3r 30g \u2013 naturalny ekstrakt mumio Shilajit z wysokog\u00f3rskich rejon\u00f3w. Produkt zawiera L-glutation i s\u0142odziki. Dla os\u00f3b poszukuj\u0105cych unikalnych sk\u0142adnik\u00f3w pochodzenia naturalnego.<\/p>\n","protected":false},"featured_media":13489,"comment_status":"open","ping_status":"closed","template":"","meta":[],"product_brand":[],"product_cat":[72],"product_tag":[],"class_list":{"0":"post-13488","1":"product","2":"type-product","3":"status-publish","4":"has-post-thumbnail","6":"product_cat-suplementy-diety","8":"first","9":"instock","10":"taxable","11":"shipping-taxable","12":"purchasable","13":"product-type-simple"},"_links":{"self":[{"href":"https:\/\/ziolazycia.com\/nowa\/wp-json\/wp\/v2\/product\/13488","targetHints":{"allow":["GET"]}}],"collection":[{"href":"https:\/\/ziolazycia.com\/nowa\/wp-json\/wp\/v2\/product"}],"about":[{"href":"https:\/\/ziolazycia.com\/nowa\/wp-json\/wp\/v2\/types\/product"}],"replies":[{"embeddable":true,"href":"https:\/\/ziolazycia.com\/nowa\/wp-json\/wp\/v2\/comments?post=13488"}],"wp:featuredmedia":[{"embeddable":true,"href":"https:\/\/ziolazycia.com\/nowa\/wp-json\/wp\/v2\/media\/13489"}],"wp:attachment":[{"href":"https:\/\/ziolazycia.com\/nowa\/wp-json\/wp\/v2\/media?parent=13488"}],"wp:term":[{"taxonomy":"product_brand","embeddable":true,"href":"https:\/\/ziolazycia.com\/nowa\/wp-json\/wp\/v2\/product_brand?post=13488"},{"taxonomy":"product_cat","embeddable":true,"href":"https:\/\/ziolazycia.com\/nowa\/wp-json\/wp\/v2\/product_cat?post=13488"},{"taxonomy":"product_tag","embeddable":true,"href":"https:\/\/ziolazycia.com\/nowa\/wp-json\/wp\/v2\/product_tag?post=13488"}],"curies":[{"name":"wp","href":"https:\/\/api.w.org\/{rel}","templated":true}]}}