{"id":13410,"date":"2025-07-25T17:58:13","date_gmt":"2025-07-25T15:58:13","guid":{"rendered":"https:\/\/ziolazycia.com\/nowa\/?post_type=product&#038;p=13410"},"modified":"2025-11-26T15:59:46","modified_gmt":"2025-11-26T14:59:46","slug":"e-book-mozna-bez-miesa","status":"publish","type":"product","link":"https:\/\/ziolazycia.com\/nowa\/product\/e-book-mozna-bez-miesa\/","title":{"rendered":"E-Book Mo\u017cna bez Mi\u0119sa?"},"content":{"rendered":"<p data-start=\"281\" data-end=\"640\">\u201eMo\u017cna bez Mi\u0119sa?\u201d to wyj\u0105tkowy ebook autorstwa Anny Kosmali, kt\u00f3ry powsta\u0142 z my\u015bl\u0105 zar\u00f3wno o wegetarianach, weganach, jak i osobach chc\u0105cych spr\u00f3bowa\u0107 zdrowych, ro\u015blinnych da\u0144. W ksi\u0105\u017cce znajdziesz a\u017c 50 sprawdzonych, prostych i smacznych przepis\u00f3w wegetaria\u0144skich i wega\u0144skich na r\u00f3\u017cnorodne posi\u0142ki \u2013 od \u015bniada\u0144, przez obiady i kolacje, a\u017c po pyszne desery.<\/p>\n<p data-start=\"642\" data-end=\"960\">Ebook \u201eMo\u017cna bez Mi\u0119sa?\u201d to nie tylko zbi\u00f3r przepis\u00f3w, ale te\u017c praktyczny przewodnik po komponowaniu zdrowych i zbilansowanych posi\u0142k\u00f3w zgodnie z zasadami ajurwedy. Dzi\u0119ki do\u0142\u0105czonemu schematowi budowania posi\u0142k\u00f3w dowiesz si\u0119, jak \u0142\u0105czy\u0107 sk\u0142adniki, by wspiera\u0107 swoje zdrowie, energi\u0119 i dobre samopoczucie ka\u017cdego dnia.<\/p>\n<p data-start=\"962\" data-end=\"1169\">Ksi\u0105\u017cka sprawdzi si\u0119 zar\u00f3wno u os\u00f3b chc\u0105cych ograniczy\u0107 mi\u0119so w diecie, jak i tych, kt\u00f3rzy szukaj\u0105 inspiracji w kuchni ro\u015blinnej lub po prostu chc\u0105 je\u015b\u0107 zdrowiej \u2013 bez wyrzecze\u0144 i skomplikowanych sk\u0142adnik\u00f3w.<\/p>\n<p data-start=\"1171\" data-end=\"1281\">Przekonaj si\u0119, \u017ce mo\u017cna bez mi\u0119sa \u2013 smacznie, zdrowo i r\u00f3\u017cnorodnie! Zam\u00f3w ju\u017c teraz i zacznij gotowa\u0107 z pasj\u0105!<\/p>\n","protected":false},"excerpt":{"rendered":"<p>Odkryj ebook \u201eMo\u017cna bez Mi\u0119sa?\u201d Anny Kosmali \u2013 50 przepis\u00f3w wegetaria\u0144skich i wega\u0144skich oraz schemat budowania posi\u0142k\u00f3w wed\u0142ug ajurwedy!<\/p>\n","protected":false},"featured_media":13411,"comment_status":"open","ping_status":"closed","template":"","meta":[],"product_brand":[],"product_cat":[91],"product_tag":[],"class_list":{"0":"post-13410","1":"product","2":"type-product","3":"status-publish","4":"has-post-thumbnail","6":"product_cat-e-booki","8":"first","9":"instock","10":"sale","11":"downloadable","12":"virtual","13":"taxable","14":"purchasable","15":"product-type-simple"},"_links":{"self":[{"href":"https:\/\/ziolazycia.com\/nowa\/wp-json\/wp\/v2\/product\/13410","targetHints":{"allow":["GET"]}}],"collection":[{"href":"https:\/\/ziolazycia.com\/nowa\/wp-json\/wp\/v2\/product"}],"about":[{"href":"https:\/\/ziolazycia.com\/nowa\/wp-json\/wp\/v2\/types\/product"}],"replies":[{"embeddable":true,"href":"https:\/\/ziolazycia.com\/nowa\/wp-json\/wp\/v2\/comments?post=13410"}],"wp:featuredmedia":[{"embeddable":true,"href":"https:\/\/ziolazycia.com\/nowa\/wp-json\/wp\/v2\/media\/13411"}],"wp:attachment":[{"href":"https:\/\/ziolazycia.com\/nowa\/wp-json\/wp\/v2\/media?parent=13410"}],"wp:term":[{"taxonomy":"product_brand","embeddable":true,"href":"https:\/\/ziolazycia.com\/nowa\/wp-json\/wp\/v2\/product_brand?post=13410"},{"taxonomy":"product_cat","embeddable":true,"href":"https:\/\/ziolazycia.com\/nowa\/wp-json\/wp\/v2\/product_cat?post=13410"},{"taxonomy":"product_tag","embeddable":true,"href":"https:\/\/ziolazycia.com\/nowa\/wp-json\/wp\/v2\/product_tag?post=13410"}],"curies":[{"name":"wp","href":"https:\/\/api.w.org\/{rel}","templated":true}]}}