{"id":13101,"date":"2025-06-18T15:18:53","date_gmt":"2025-06-18T13:18:53","guid":{"rendered":"https:\/\/ziolazycia.com\/nowa\/?post_type=product&#038;p=13101"},"modified":"2025-11-26T15:59:46","modified_gmt":"2025-11-26T14:59:46","slug":"milk-thistle-ostropest-plamisty-w-plynie-296-ml","status":"publish","type":"product","link":"https:\/\/ziolazycia.com\/nowa\/product\/milk-thistle-ostropest-plamisty-w-plynie-296-ml\/","title":{"rendered":"Milk Thistle \u2013 Ostropest plamisty w p\u0142ynie \u2013 29,6 ml"},"content":{"rendered":"<p data-start=\"271\" data-end=\"600\">Milk Thistle to suplement diety w p\u0142ynnej formie, zawieraj\u0105cy ekstrakt z nasion ostropestu plamistego (Silybum marianum) w proporcji 1:1. Ka\u017cda zalecana dzienna porcja \u2013 13 kropli \u2013 dostarcza 400 mg ekstraktu. Suplement zosta\u0142 opracowany z my\u015bl\u0105 o osobach, kt\u00f3re chc\u0105 wzbogaci\u0107 codzienn\u0105 diet\u0119 w sk\u0142adniki pochodzenia ro\u015blinnego.<\/p>\n<p data-start=\"602\" data-end=\"859\">Formu\u0142a oparta jest na prostym sk\u0142adzie \u2013 opr\u00f3cz ekstraktu ro\u015blinnego zawiera jedynie wegetaria\u0144ski glicerol jako no\u015bnik oraz oczyszczon\u0105 wod\u0119. Dzi\u0119ki temu preparat nie zawiera zb\u0119dnych dodatk\u00f3w i jest odpowiedni r\u00f3wnie\u017c dla os\u00f3b stosuj\u0105cych diet\u0119 ro\u015blinn\u0105.<\/p>\n<p data-start=\"861\" data-end=\"1184\">Produkt przeznaczony jest dla os\u00f3b doros\u0142ych. Zalecane spo\u017cycie to 13 kropli dziennie. Nie nale\u017cy przekracza\u0107 zalecanej porcji do spo\u017cycia w ci\u0105gu dnia. Suplement diety nie mo\u017ce by\u0107 stosowany jako substytut zr\u00f3\u017cnicowanej diety i zdrowego trybu \u017cycia. Produkt nie jest przeznaczony dla kobiet w ci\u0105\u017cy ani karmi\u0105cych piersi\u0105.<\/p>\n<p data-start=\"1186\" data-end=\"1291\">Preparat nale\u017cy przechowywa\u0107 w temperaturze pokojowej, w miejscu suchym i niedost\u0119pnym dla ma\u0142ych dzieci.<\/p>\n<p data-start=\"1298\" data-end=\"1342\"><strong data-start=\"1298\" data-end=\"1320\">Zalecane spo\u017cycie:<\/strong><br data-start=\"1320\" data-end=\"1323\" \/>13 kropli dziennie.<\/p>\n<p data-start=\"1298\" data-end=\"1342\"><strong data-start=\"1349\" data-end=\"1363\">Sk\u0142adniki:<\/strong><br data-start=\"1363\" data-end=\"1366\" \/>Ekstrakt z nasion ostropestu plamistego (Silybum marianum), wegetaria\u0144ski glicerol, woda oczyszczona.<\/p>\n","protected":false},"excerpt":{"rendered":"<p data-start=\"1519\" data-end=\"1666\">Milk Thistle \u2013 Ostropest plamisty w p\u0142ynie 29,6 ml. Suplement diety z ekstraktem z ostropestu w formie kropli. Prosty sk\u0142ad, bez zb\u0119dnych dodatk\u00f3w.<\/p>\n","protected":false},"featured_media":13102,"comment_status":"open","ping_status":"closed","template":"","meta":[],"product_brand":[107],"product_cat":[72],"product_tag":[],"class_list":{"0":"post-13101","1":"product","2":"type-product","3":"status-publish","4":"has-post-thumbnail","6":"product_brand-swanson","7":"product_cat-suplementy-diety","9":"first","10":"instock","11":"taxable","12":"shipping-taxable","13":"purchasable","14":"product-type-simple"},"_links":{"self":[{"href":"https:\/\/ziolazycia.com\/nowa\/wp-json\/wp\/v2\/product\/13101","targetHints":{"allow":["GET"]}}],"collection":[{"href":"https:\/\/ziolazycia.com\/nowa\/wp-json\/wp\/v2\/product"}],"about":[{"href":"https:\/\/ziolazycia.com\/nowa\/wp-json\/wp\/v2\/types\/product"}],"replies":[{"embeddable":true,"href":"https:\/\/ziolazycia.com\/nowa\/wp-json\/wp\/v2\/comments?post=13101"}],"wp:featuredmedia":[{"embeddable":true,"href":"https:\/\/ziolazycia.com\/nowa\/wp-json\/wp\/v2\/media\/13102"}],"wp:attachment":[{"href":"https:\/\/ziolazycia.com\/nowa\/wp-json\/wp\/v2\/media?parent=13101"}],"wp:term":[{"taxonomy":"product_brand","embeddable":true,"href":"https:\/\/ziolazycia.com\/nowa\/wp-json\/wp\/v2\/product_brand?post=13101"},{"taxonomy":"product_cat","embeddable":true,"href":"https:\/\/ziolazycia.com\/nowa\/wp-json\/wp\/v2\/product_cat?post=13101"},{"taxonomy":"product_tag","embeddable":true,"href":"https:\/\/ziolazycia.com\/nowa\/wp-json\/wp\/v2\/product_tag?post=13101"}],"curies":[{"name":"wp","href":"https:\/\/api.w.org\/{rel}","templated":true}]}}