{"id":13097,"date":"2025-06-18T15:12:15","date_gmt":"2025-06-18T13:12:15","guid":{"rendered":"https:\/\/ziolazycia.com\/nowa\/?post_type=product&#038;p=13097"},"modified":"2025-11-26T15:59:44","modified_gmt":"2025-11-26T14:59:44","slug":"vernikabon-syrop-z-ekstraktami-i-olejkami-roslinnymi-100-ml","status":"publish","type":"product","link":"https:\/\/ziolazycia.com\/nowa\/product\/vernikabon-syrop-z-ekstraktami-i-olejkami-roslinnymi-100-ml\/","title":{"rendered":"Vernikabon \u2013 syrop z ekstraktami i olejkami ro\u015blinnymi \u2013 100 ml"},"content":{"rendered":"<p>Vernikabon to suplement diety w postaci syropu, opracowany z my\u015bl\u0105 o osobach doros\u0142ych, kt\u00f3re chc\u0105 wzbogaci\u0107 swoj\u0105 codzienn\u0105 diet\u0119 o wyselekcjonowane sk\u0142adniki pochodzenia ro\u015blinnego. Produkt zawiera naturalny mi\u00f3d pszczeli oraz kompozycj\u0119 ekstrakt\u00f3w, wyci\u0105g\u00f3w i olejk\u00f3w eterycznych pochodz\u0105cych z bylicy pospolitej, czarnuszki, orzecha w\u0142oskiego, li\u015bci papai, r\u00f3\u017cy, imbiru i pieprzu czarnego, a tak\u017ce olejk\u00f3w: go\u017adzikowego, kminkowego, tymiankowego, kolendrowego, mi\u0119towego i cytrynowego.<\/p>\n<p>Dzienna porcja (4 \u0142y\u017ceczki) dostarcza m.in. 600 mg wyci\u0105gu z bylicy pospolitej oraz 600 mg wyci\u0105gu z czarnuszki. Sk\u0142ad zosta\u0142 opracowany z my\u015bl\u0105 o wsparciu codziennego sposobu od\u017cywiania i prowadzenia zr\u00f3wnowa\u017conego trybu \u017cycia. Syrop mo\u017ce by\u0107 stosowany jako element uzupe\u0142niaj\u0105cy codzienn\u0105 diet\u0119 w sk\u0142adniki pochodzenia ro\u015blinnego.<\/p>\n<p>Produkt przeznaczony jest dla os\u00f3b doros\u0142ych. Zaleca si\u0119 spo\u017cywanie 2 \u0142y\u017ceczek dwa razy dziennie, przed posi\u0142kiem. Nie nale\u017cy przekracza\u0107 zalecanej dziennej porcji. Suplement nie mo\u017ce by\u0107 stosowany jako zamiennik zr\u00f3\u017cnicowanej diety. Kobiety w ci\u0105\u017cy, karmi\u0105ce oraz osoby z nadwra\u017cliwo\u015bci\u0105 na sk\u0142adniki preparatu nie powinny go stosowa\u0107. Preparatu nie nale\u017cy podawa\u0107 dzieciom bez wcze\u015bniejszej konsultacji z lekarzem.<\/p>\n<p>Syrop nale\u017cy przechowywa\u0107 w suchym miejscu, w temperaturze pokojowej (do 25\u00b0C), z dala od \u015bwiat\u0142a i wilgoci oraz w spos\u00f3b niedost\u0119pny dla ma\u0142ych dzieci.<\/p>\n","protected":false},"excerpt":{"rendered":"<p>Vernikabon syrop 100 ml \u2013 suplement diety dla doros\u0142ych z naturalnym miodem, ekstraktami ro\u015blinnymi i olejkami eterycznymi. 2 razy dziennie przed posi\u0142kiem.<\/p>\n","protected":false},"featured_media":13098,"comment_status":"open","ping_status":"closed","template":"","meta":[],"product_brand":[],"product_cat":[72],"product_tag":[],"class_list":{"0":"post-13097","1":"product","2":"type-product","3":"status-publish","4":"has-post-thumbnail","6":"product_cat-suplementy-diety","8":"first","9":"instock","10":"taxable","11":"shipping-taxable","12":"purchasable","13":"product-type-simple"},"_links":{"self":[{"href":"https:\/\/ziolazycia.com\/nowa\/wp-json\/wp\/v2\/product\/13097","targetHints":{"allow":["GET"]}}],"collection":[{"href":"https:\/\/ziolazycia.com\/nowa\/wp-json\/wp\/v2\/product"}],"about":[{"href":"https:\/\/ziolazycia.com\/nowa\/wp-json\/wp\/v2\/types\/product"}],"replies":[{"embeddable":true,"href":"https:\/\/ziolazycia.com\/nowa\/wp-json\/wp\/v2\/comments?post=13097"}],"wp:featuredmedia":[{"embeddable":true,"href":"https:\/\/ziolazycia.com\/nowa\/wp-json\/wp\/v2\/media\/13098"}],"wp:attachment":[{"href":"https:\/\/ziolazycia.com\/nowa\/wp-json\/wp\/v2\/media?parent=13097"}],"wp:term":[{"taxonomy":"product_brand","embeddable":true,"href":"https:\/\/ziolazycia.com\/nowa\/wp-json\/wp\/v2\/product_brand?post=13097"},{"taxonomy":"product_cat","embeddable":true,"href":"https:\/\/ziolazycia.com\/nowa\/wp-json\/wp\/v2\/product_cat?post=13097"},{"taxonomy":"product_tag","embeddable":true,"href":"https:\/\/ziolazycia.com\/nowa\/wp-json\/wp\/v2\/product_tag?post=13097"}],"curies":[{"name":"wp","href":"https:\/\/api.w.org\/{rel}","templated":true}]}}