{"id":13082,"date":"2025-06-17T22:04:59","date_gmt":"2025-06-17T20:04:59","guid":{"rendered":"https:\/\/ziolazycia.com\/nowa\/?post_type=product&#038;p=13082"},"modified":"2025-11-26T15:59:43","modified_gmt":"2025-11-26T14:59:43","slug":"anna-kosmala-przez-nature-do-szczescia-ksiazka-z-podpisem","status":"publish","type":"product","link":"https:\/\/ziolazycia.com\/nowa\/product\/anna-kosmala-przez-nature-do-szczescia-ksiazka-z-podpisem\/","title":{"rendered":"Anna Kosmala. Przez natur\u0119 do szcz\u0119\u015bcia \u2013 ksi\u0105\u017cka z podpisem"},"content":{"rendered":"<p data-start=\"215\" data-end=\"443\">Dzie\u0144 dobry!<br data-start=\"227\" data-end=\"230\" \/>Nazywam si\u0119 <strong data-start=\"242\" data-end=\"258\">Anna Kosmala<\/strong> i z ca\u0142ego serca dzi\u0119kuj\u0119 Ci, \u017ce tu jeste\u015b. Ta ksi\u0105\u017cka powsta\u0142a z potrzeby dzielenia si\u0119 tym, co od lat praktykuj\u0119 i co sprawia, \u017ce codziennie budz\u0119 si\u0119 z energi\u0105 i spokojem w sercu.<\/p>\n<p data-start=\"445\" data-end=\"687\">Na co dzie\u0144 tworz\u0119 profil <a class=\"\" href=\"https:\/\/www.instagram.com\/ziolazycia\" target=\"_new\" rel=\"noopener\" data-start=\"471\" data-end=\"522\">@ziolazycia<\/a>, gdzie pokazuj\u0119, jak \u017cy\u0107 zdrowo, naturalnie i w zgodzie ze sob\u0105. Teraz wszystkie moje do\u015bwiadczenia, wiedz\u0119 i sprawdzone metody zebra\u0142am dla Ciebie w tej ksi\u0105\u017cce.<\/p>\n<p data-start=\"689\" data-end=\"988\">\ud83c\udf00 <strong data-start=\"692\" data-end=\"738\">To nie jest kolejna ksi\u0105\u017cka o dietach cud.<\/strong><br data-start=\"738\" data-end=\"741\" \/>To przewodnik po naturalnym stylu \u017cycia \u2013 prostym, codziennym i dost\u0119pnym dla ka\u017cdego. Je\u015bli czujesz, \u017ce Twoje cia\u0142o m\u00f3wi do Ciebie zm\u0119czeniem, b\u00f3lem lub brakiem si\u0142 \u2013 zatrzymaj si\u0119 i pos\u0142uchaj. Ja poka\u017c\u0119 Ci, jak krok po kroku wr\u00f3ci\u0107 do r\u00f3wnowagi.<\/p>\n<p data-start=\"990\" data-end=\"1017\">W ksi\u0105\u017cce znajdziesz m.in.:<\/p>\n<ul data-start=\"1018\" data-end=\"1292\">\n<li data-start=\"1018\" data-end=\"1054\">\n<p data-start=\"1020\" data-end=\"1054\">porady z zakresu <strong data-start=\"1037\" data-end=\"1051\">od\u017cywiania<\/strong>,<\/p>\n<\/li>\n<li data-start=\"1055\" data-end=\"1110\">\n<p data-start=\"1057\" data-end=\"1110\">wsparcie w <strong data-start=\"1068\" data-end=\"1107\">r\u00f3wnowadze hormonalnej i menopauzie<\/strong>,<\/p>\n<\/li>\n<li data-start=\"1111\" data-end=\"1137\">\n<p data-start=\"1113\" data-end=\"1137\">wiedz\u0119 z <strong data-start=\"1122\" data-end=\"1134\">ajurwedy<\/strong>,<\/p>\n<\/li>\n<li data-start=\"1138\" data-end=\"1174\">\n<p data-start=\"1140\" data-end=\"1174\"><strong data-start=\"1140\" data-end=\"1159\">zio\u0142owe rytua\u0142y<\/strong> i receptury,<\/p>\n<\/li>\n<li data-start=\"1175\" data-end=\"1224\">\n<p data-start=\"1177\" data-end=\"1224\">\u0107wiczenia <strong data-start=\"1187\" data-end=\"1221\">oddechowe, jog\u0119, \u015bwiadomy ruch<\/strong>,<\/p>\n<\/li>\n<li data-start=\"1225\" data-end=\"1292\">\n<p data-start=\"1227\" data-end=\"1292\">sposoby na <strong data-start=\"1238\" data-end=\"1260\">redukowanie stresu<\/strong> i wzmacnianie energii \u017cyciowej.<\/p>\n<\/li>\n<\/ul>\n<p data-start=\"1294\" data-end=\"1472\">Nie musisz od razu zmienia\u0107 ca\u0142ego \u017cycia \u2013 wystarczy zacz\u0105\u0107 od ma\u0142ych krok\u00f3w. Tw\u00f3j organizm wie, co jest dla niego dobre \u2013 tylko daj mu przestrze\u0144 i ws\u0142uchaj si\u0119 w jego potrzeby.<\/p>\n<p data-start=\"1474\" data-end=\"1659\">\ud83d\udcd6 <strong data-start=\"1477\" data-end=\"1568\">Ka\u017cdy egzemplarz tej ksi\u0105\u017cki podpisuj\u0119 w\u0142asnor\u0119cznie z ogromn\u0105 wdzi\u0119czno\u015bci\u0105 i ciep\u0142em.<\/strong><br data-start=\"1568\" data-end=\"1571\" \/>To m\u00f3j osobisty prezent dla Ciebie \u2013 dzi\u0119kuj\u0119, \u017ce chcesz zadba\u0107 o siebie razem ze mn\u0105.<\/p>\n<p data-start=\"1661\" data-end=\"1691\">Z mi\u0142o\u015bci\u0105,<br data-start=\"1672\" data-end=\"1675\" \/><strong data-start=\"1675\" data-end=\"1691\">Anna Kosmala<\/strong><\/p>\n","protected":false},"excerpt":{"rendered":"<p data-start=\"1778\" data-end=\"1937\">Holistyczny poradnik Anny Kosmali (@ziolazycia) \u2013 naturalne metody na zdrowie, r\u00f3wnowag\u0119 hormonaln\u0105, zio\u0142owe rytua\u0142y i ajurwed\u0119. Ka\u017cdy egzemplarz z autografem!<\/p>\n","protected":false},"featured_media":13083,"comment_status":"open","ping_status":"closed","template":"","meta":[],"product_brand":[],"product_cat":[66],"product_tag":[],"class_list":{"0":"post-13082","1":"product","2":"type-product","3":"status-publish","4":"has-post-thumbnail","6":"product_cat-ksiazki","8":"first","9":"instock","10":"taxable","11":"shipping-taxable","12":"purchasable","13":"product-type-simple"},"_links":{"self":[{"href":"https:\/\/ziolazycia.com\/nowa\/wp-json\/wp\/v2\/product\/13082","targetHints":{"allow":["GET"]}}],"collection":[{"href":"https:\/\/ziolazycia.com\/nowa\/wp-json\/wp\/v2\/product"}],"about":[{"href":"https:\/\/ziolazycia.com\/nowa\/wp-json\/wp\/v2\/types\/product"}],"replies":[{"embeddable":true,"href":"https:\/\/ziolazycia.com\/nowa\/wp-json\/wp\/v2\/comments?post=13082"}],"wp:featuredmedia":[{"embeddable":true,"href":"https:\/\/ziolazycia.com\/nowa\/wp-json\/wp\/v2\/media\/13083"}],"wp:attachment":[{"href":"https:\/\/ziolazycia.com\/nowa\/wp-json\/wp\/v2\/media?parent=13082"}],"wp:term":[{"taxonomy":"product_brand","embeddable":true,"href":"https:\/\/ziolazycia.com\/nowa\/wp-json\/wp\/v2\/product_brand?post=13082"},{"taxonomy":"product_cat","embeddable":true,"href":"https:\/\/ziolazycia.com\/nowa\/wp-json\/wp\/v2\/product_cat?post=13082"},{"taxonomy":"product_tag","embeddable":true,"href":"https:\/\/ziolazycia.com\/nowa\/wp-json\/wp\/v2\/product_tag?post=13082"}],"curies":[{"name":"wp","href":"https:\/\/api.w.org\/{rel}","templated":true}]}}