{"id":1292,"date":"2023-11-30T12:35:13","date_gmt":"2023-11-30T11:35:13","guid":{"rendered":"https:\/\/ziolazycia.com\/nowa\/?post_type=product&#038;p=1292"},"modified":"2025-11-26T15:58:42","modified_gmt":"2025-11-26T14:58:42","slug":"kalamegha-tea-100g-everest-ayurveda","status":"publish","type":"product","link":"https:\/\/ziolazycia.com\/nowa\/product\/kalamegha-tea-100g-everest-ayurveda\/","title":{"rendered":"Kalamegha Tea (W\u0105troba i p\u0119cherzyk \u017c\u00f3\u0142ciowy) 100g"},"content":{"rendered":"<h2>Sk\u0142adniki ro\u015blinne zawarte w suplemencie diety Kalamegha Tea:<\/h2>\n<p><strong>Andrographis paniculata<\/strong> czyli <strong>Brodziuszka wiechowata\u00a0<\/strong> mo\u017ce stanowi\u0107 wsparcie w og\u00f3lnym oczyszczaniu i detoksykacji organizmu oraz\u00a0 korzystnie dzia\u0142a\u0107 na prac\u0119 w\u0105troby w stanach jej nadmiernego obci\u0105\u017cenia.<\/p>\n<p><strong>Curcuma longa<\/strong> czyli <strong>Kurkuma <\/strong>mo\u017ce stanowi\u0107 barier\u0119 przeciwzapaln\u0105 dla w\u0105troby<\/p>\n<p><strong>Terminalia arjuna<\/strong> czyli <strong>Migda\u0142ecznik Arjuna<\/strong> wspiera prawid\u0142owe funkcje i prac\u0119 w\u0105troby.<\/p>\n<p><strong>Tinospora cordifolia<\/strong> czyli tzw. <strong>Chinina indyjska<\/strong> wp\u0142ywa na zwi\u0119kszenie odporno\u015bci organizmu.<\/p>\n<p>Mieszanki zio\u0142owe s\u0105 przygotowywane pod \u015bcis\u0142\u0105 kontrol\u0105 nepalskiego lekarza ajurwedyjskiego dr Ka Dev Jha, kt\u00f3ry uko\u0144czy\u0142 studia medycyny ajurwedyjskiej na Uniwersytecie Pa\u0144stwowym w Patne oraz wydzia\u0142 medycyny na Uniwersytecie Benarest. Herbatki posiadaj\u0105 \u015bwiadectwa i atesty do sprzeda\u017cy na terenie Unii Europejskiej.<\/p>\n<h2>Kalamegha Tea 100g \u2013 spos\u00f3b u\u017cycia:<\/h2>\n<p>Zaleca si\u0119 spo\u017cywa\u0107 6 gram produktu dziennie. Jedn\u0105 \u0142y\u017ceczk\u0119 suszu ro\u015blinnego tj.: 2 g zale\u0107 ok. 200 ml wrz\u0105tku i gotowa\u0107 do 3 minut. Tak przygotowan\u0105 herbatk\u0119 spo\u017cywa\u0107 ciep\u0142\u0105 lub gor\u0105c\u0105 trzy razy dziennie, najlepiej przed jedzeniem. W razie potrzeby mo\u017cna s\u0142odzi\u0107 miodem, jednak specyficzny smak zi\u00f3\u0142 jest jednym z element\u00f3w terapeutycznych, zgodnie z ajurwedyjsk\u0105 zasad\u0105 6 smak\u00f3w. Zalecana dawka to 2 -3 fili\u017canki dziennie.<\/p>\n<p>Ponadto zaleca si\u0119 stosowanie maksymalnie dw\u00f3ch rodzaj\u00f3w herbat jednocze\u015bnie. Wi\u0119ksz\u0105 ilo\u015b\u0107 mo\u017cna stosowa\u0107 np. w re\u017cimie tygodniowym, dla normalizacji bie\u017c\u0105cych objaw\u00f3w. Herbat nie nale\u017cy miesza\u0107. Nale\u017cy pi\u0107 je zawsze oddzielnie, w odst\u0119pie przynajmniej godzinnym.<\/p>\n<p><strong>Sk\u0142adniki:<\/strong> andrographis paniculata, curcuma longa, terminalia arjuna, tinospora cordifolia, terminalia bellirica, piper longum, glycyrrhiza glabra, phyllanthus emblica.<\/p>\n<p><strong>Waga<\/strong>:\u00a0100 g<\/p>\n<p>Nie przekracza\u0107 zalecanej porcji do spo\u017cycia w ci\u0105gu dnia. Produkt nie mo\u017ce by\u0107 stosowany jako substytut zr\u00f3\u017cnicowanej diety. Wa\u017cne jest stosowanie zr\u00f3\u017cnicowanej i zbilansowanej diety oraz prowadzenie zdrowego trybu \u017cycia. Nie jest przeznaczony dla dzieci, kobiet w ci\u0105\u017cy i karmi\u0105cych.<\/p>\n<p><strong>Przechowywanie<\/strong>: Przechowywa\u0107 w suchym miejscu, w temperaturze do 25 \u00b0 C.<\/p>\n<p><strong>Kraj pochodzenia<\/strong>: Nepal<\/p>\n<p><strong>Producent:<\/strong>\u00a0Everest Ayurveda s.r.o.<\/p>\n<p>&nbsp;<\/p>\n","protected":false},"excerpt":{"rendered":"<p>Suplement diety w postaci suszu ro\u015blinnego.<br \/>\nWsparcie w problemach zwi\u0105zanych z prac\u0105 w\u0105troby i p\u0119cherzyka \u017c\u00f3\u0142ciowego.<\/p>\n<h2>Ajurwedyjska mieszanka zio\u0142owa Kalamegha w formie herbatki do zaparzania, kt\u00f3ra mo\u017ce mie\u0107 wp\u0142yw na popraw\u0119 pracy w\u0105troby i woreczka \u017c\u00f3\u0142ciowego.<\/h2>\n","protected":false},"featured_media":9581,"comment_status":"closed","ping_status":"closed","template":"","meta":[],"product_brand":[],"product_cat":[79],"product_tag":[],"class_list":{"0":"post-1292","1":"product","2":"type-product","3":"status-publish","4":"has-post-thumbnail","6":"product_cat-ziola-i-herbatki-ziolowe","8":"first","9":"instock","10":"sale","11":"taxable","12":"shipping-taxable","13":"purchasable","14":"product-type-simple"},"_links":{"self":[{"href":"https:\/\/ziolazycia.com\/nowa\/wp-json\/wp\/v2\/product\/1292","targetHints":{"allow":["GET"]}}],"collection":[{"href":"https:\/\/ziolazycia.com\/nowa\/wp-json\/wp\/v2\/product"}],"about":[{"href":"https:\/\/ziolazycia.com\/nowa\/wp-json\/wp\/v2\/types\/product"}],"replies":[{"embeddable":true,"href":"https:\/\/ziolazycia.com\/nowa\/wp-json\/wp\/v2\/comments?post=1292"}],"wp:featuredmedia":[{"embeddable":true,"href":"https:\/\/ziolazycia.com\/nowa\/wp-json\/wp\/v2\/media\/9581"}],"wp:attachment":[{"href":"https:\/\/ziolazycia.com\/nowa\/wp-json\/wp\/v2\/media?parent=1292"}],"wp:term":[{"taxonomy":"product_brand","embeddable":true,"href":"https:\/\/ziolazycia.com\/nowa\/wp-json\/wp\/v2\/product_brand?post=1292"},{"taxonomy":"product_cat","embeddable":true,"href":"https:\/\/ziolazycia.com\/nowa\/wp-json\/wp\/v2\/product_cat?post=1292"},{"taxonomy":"product_tag","embeddable":true,"href":"https:\/\/ziolazycia.com\/nowa\/wp-json\/wp\/v2\/product_tag?post=1292"}],"curies":[{"name":"wp","href":"https:\/\/api.w.org\/{rel}","templated":true}]}}