{"id":12821,"date":"2025-05-24T16:12:45","date_gmt":"2025-05-24T14:12:45","guid":{"rendered":"https:\/\/ziolazycia.com\/nowa\/?post_type=product&#038;p=12821"},"modified":"2026-03-23T11:28:06","modified_gmt":"2026-03-23T10:28:06","slug":"olejek-z-glistnika-jaskolcze-ziele-skora-z-wypryskami","status":"publish","type":"product","link":"https:\/\/ziolazycia.com\/nowa\/product\/olejek-z-glistnika-jaskolcze-ziele-skora-z-wypryskami\/","title":{"rendered":"Olejek z Glistnika Jask\u00f3\u0142cze Ziele &#8211; sk\u00f3ra z wypryskami"},"content":{"rendered":"<p data-start=\"206\" data-end=\"1407\">Olejek z Glistnika Jask\u00f3\u0142cze Ziele to delikatna, ale skuteczna propozycja dla os\u00f3b zmagaj\u0105cych si\u0119 z wypryskami i niedoskona\u0142o\u015bciami sk\u00f3ry, w tym dzieci powy\u017cej 3. roku \u017cycia. \u0141agodniejszy ni\u017c mazid\u0142o z glistnika, mo\u017ce by\u0107 stosowany tak\u017ce przy sk\u00f3rze wra\u017cliwej. Dzi\u0119ki obecno\u015bci olejku eterycznego z drzewa herbacianego wspiera walk\u0119 z wypryskami, \u0142agodzi stany zapalne i normalizuje sk\u00f3r\u0119. Olejek doskonale sprawdza si\u0119 w piel\u0119gnacji sk\u00f3ry po goleniu i depilacji, a tak\u017ce w piel\u0119gnacji zarostu u m\u0119\u017cczyzn. Mo\u017ce by\u0107 stosowany jako dodatek do krem\u00f3w tr\u0105dzikowych, maseczek glinkowych czy k\u0105pieli st\u00f3p. Produkt polecany jest tak\u017ce do piel\u0119gnacji sk\u00f3ry sk\u0142onnej do kurzajek. Wystarczy kilka kropli, aby wzmocni\u0107 efekt nawil\u017cenia i dzia\u0142ania normalizuj\u0105cego. Idealny do stosowania rano i wieczorem, na oczyszczon\u0105 i lekko wilgotn\u0105 sk\u00f3r\u0119. Jego lekka konsystencja nie obci\u0105\u017ca sk\u00f3ry, co czyni go odpowiednim tak\u017ce dla nastolatk\u00f3w z pierwszymi zmianami tr\u0105dzikowymi. Kosmetyk naturalny, bez konserwant\u00f3w, produkowany w ma\u0142ych partiach, aby zachowa\u0107 \u015bwie\u017co\u015b\u0107 i skuteczno\u015b\u0107 sk\u0142adnik\u00f3w. Ka\u017cdy sk\u0142adnik jest starannie wyselekcjonowany, a ekstrakt z glistnika tworzony jest na wy\u0142\u0105czno\u015b\u0107 w laboratorium Tyma Herbs.<\/p>\n<p data-start=\"1409\" data-end=\"1618\">Sk\u0142ad: Ekstrakt olejowy z glistnika jask\u00f3\u0142cze ziele, Olejek z drzewa herbacianego (jako\u015b\u0107 kosmetyczna, mi\u0119dzynarodowa dokumentacja IFRA)<br data-start=\"1545\" data-end=\"1548\" \/>*Ekstrakt z glistnika tworzony na wy\u0142\u0105czno\u015b\u0107 w Laboratorium Tyma Herbs<\/p>\n<p data-start=\"1409\" data-end=\"1618\"><a href=\"https:\/\/tymaherbs.com\/products\/ziolun-glistnik-jaskolcze-ziele-olejek-ziolowy\" rel=\"noopener\">https:\/\/tymaherbs.com\/products\/ziolun-glistnik-jaskolcze-ziele-olejek-ziolowy<\/a><\/p>\n","protected":false},"excerpt":{"rendered":"<p>Naturalny olejek z glistnika i drzewa herbacianego wspiera piel\u0119gnacj\u0119 sk\u00f3ry z wypryskami. Delikatny dla sk\u00f3ry wra\u017cliwej i dzieci od 3 lat.<\/p>\n","protected":false},"featured_media":12822,"comment_status":"open","ping_status":"closed","template":"","meta":[],"product_brand":[105],"product_cat":[82],"product_tag":[],"class_list":{"0":"post-12821","1":"product","2":"type-product","3":"status-publish","4":"has-post-thumbnail","6":"product_brand-tyma-herbs","7":"product_cat-kosmetyki-naturalne","9":"first","10":"outofstock","11":"taxable","12":"shipping-taxable","13":"purchasable","14":"product-type-simple"},"_links":{"self":[{"href":"https:\/\/ziolazycia.com\/nowa\/wp-json\/wp\/v2\/product\/12821","targetHints":{"allow":["GET"]}}],"collection":[{"href":"https:\/\/ziolazycia.com\/nowa\/wp-json\/wp\/v2\/product"}],"about":[{"href":"https:\/\/ziolazycia.com\/nowa\/wp-json\/wp\/v2\/types\/product"}],"replies":[{"embeddable":true,"href":"https:\/\/ziolazycia.com\/nowa\/wp-json\/wp\/v2\/comments?post=12821"}],"wp:featuredmedia":[{"embeddable":true,"href":"https:\/\/ziolazycia.com\/nowa\/wp-json\/wp\/v2\/media\/12822"}],"wp:attachment":[{"href":"https:\/\/ziolazycia.com\/nowa\/wp-json\/wp\/v2\/media?parent=12821"}],"wp:term":[{"taxonomy":"product_brand","embeddable":true,"href":"https:\/\/ziolazycia.com\/nowa\/wp-json\/wp\/v2\/product_brand?post=12821"},{"taxonomy":"product_cat","embeddable":true,"href":"https:\/\/ziolazycia.com\/nowa\/wp-json\/wp\/v2\/product_cat?post=12821"},{"taxonomy":"product_tag","embeddable":true,"href":"https:\/\/ziolazycia.com\/nowa\/wp-json\/wp\/v2\/product_tag?post=12821"}],"curies":[{"name":"wp","href":"https:\/\/api.w.org\/{rel}","templated":true}]}}