{"id":12809,"date":"2025-05-23T13:29:26","date_gmt":"2025-05-23T11:29:26","guid":{"rendered":"https:\/\/ziolazycia.com\/nowa\/?post_type=product&#038;p=12809"},"modified":"2026-03-23T11:28:07","modified_gmt":"2026-03-23T10:28:07","slug":"olejek-eteryczny-ziolowa-laka","status":"publish","type":"product","link":"https:\/\/ziolazycia.com\/nowa\/product\/olejek-eteryczny-ziolowa-laka\/","title":{"rendered":"Olejek Eteryczny Zio\u0142owa \u0141\u0105ka"},"content":{"rendered":"<p>Zio\u0142owa \u0141\u0105ka od Tyma Herbs to autorska mieszanka olejk\u00f3w: lawendy, geranium, amyrisu oraz jagodlinu wonnego. Kompozycja ta wprowadza r\u00f3wnowag\u0119, wycisza umys\u0142 i podkre\u015bla subteln\u0105 si\u0142\u0119 kobiecej energii.<\/p>\n<p>Jakiego zapachu mo\u017cesz si\u0119 spodziewa\u0107? To elegancka mieszanka kobiecych zapach\u00f3w geranium i lawendy, subtelnie wzbogacona g\u0142\u0119bi\u0105 jagodlinu oraz ciep\u0142em drzewnego zapachu, o s\u0142odkich nutach czyli amyrisu.<\/p>\n<p>Zio\u0142owa \u0141\u0105ka to zapach pe\u0142en harmonii i zmys\u0142owo\u015bci. Delikatne, kwiatowe akordy przenikaj\u0105 si\u0119 z wyrazist\u0105, ro\u015blinn\u0105 nut\u0105, otulaj\u0105c aur\u0105 spokoju i elegancji.<\/p>\n<p>Dla kogo polecamy Zio\u0142ow\u0105 \u0141\u0105k\u0119? G\u0142\u00f3wnie dla kobiet, kt\u00f3re szukaj\u0105 olejk\u00f3w eterycznych otulaj\u0105cych, pomagaj\u0105cych odzyska\u0107 r\u00f3wnowag\u0119 i spok\u00f3j, regeneruj\u0105cych i wspieraj\u0105cych przy PMS i menopauzie.<\/p>\n<p>Zio\u0142owa \u0141\u0105ka sprawdzi si\u0119 w aromaterapii, k\u0105pieli, masa\u017cach, ale tak\u017ce jako botaniczny perfum wspieraj\u0105cy kobiec\u0105 energi\u0119.<\/p>\n<p>Przeznaczenie:<br data-start=\"1201\" data-end=\"1204\" \/>\ud83c\udf3f Aromaterapia<\/p>\n<p>Jako\u015b\u0107:<br data-start=\"1230\" data-end=\"1233\" \/>\u2714\ufe0f 100% naturalny<\/p>\n<p>Nuta zapachowa:<br data-start=\"1269\" data-end=\"1272\" \/>\ud83c\udf38 kwiatowy, s\u0142odki<\/p>\n<p>Sk\u0142ad:<br data-start=\"1301\" data-end=\"1304\" \/>Olejek Ylang Ylang, Olejek lawendowy, Olejek geraniowy, Olejek amyrisowy<\/p>\n<p>Ekstrakty:<br data-start=\"1390\" data-end=\"1393\" \/>Cananga Odorata Flower Oil, Lavandula Angustifolia Oil, Pelargonium Graveolens Flower Oil, Amyris Balsamifera Bark Oil<\/p>\n<p>Zastosowanie:<br data-start=\"1528\" data-end=\"1531\" \/>Dodaj kilka kropli do dyfuzora, aby stworzy\u0107 przyjemny nastr\u00f3j, zredukowa\u0107 stres i poprawi\u0107 jako\u015b\u0107 snu.<\/p>\n<p>Dzieci (od 3 lat): 1 kropla na miseczk\u0119 soli gruboziarnistej (wcze\u015bniej podgrzej s\u00f3l).<\/p>\n<p>Doro\u015bli: 4 krople na miseczk\u0119 soli gruboziarnistej (wcze\u015bniej podgrzej s\u00f3l).<\/p>\n<p>Nie stosuj bezpo\u015brednio na sk\u00f3r\u0119 \u2014 rozcie\u0144czaj w oleju bazowym np. bezzapachowy Olejek z Uczepu.<\/p>\n<p>Bezpiecze\u0144stwo:<\/p>\n<ul data-start=\"1926\" data-end=\"2115\">\n<li data-start=\"1926\" data-end=\"1974\">Unikaj kontaktu z oczami i b\u0142onami \u015bluzowymi<\/li>\n<li data-start=\"1975\" data-end=\"2007\">Przeprowad\u017a test uczuleniowy<\/li>\n<li data-start=\"2008\" data-end=\"2024\">Nie spo\u017cywaj<\/li>\n<li data-start=\"2025\" data-end=\"2067\">Przechowuj z dala od dzieci i zwierz\u0105t<\/li>\n<li data-start=\"2068\" data-end=\"2115\">Po u\u017cyciu olejk\u00f3w cytrusowych unikaj s\u0142o\u0144ca<\/li>\n<\/ul>\n<p><a href=\"https:\/\/tymaherbs.com\/products\/olejek-eteryczny-ziolowa-laka\" rel=\"noopener\">https:\/\/tymaherbs.com\/products\/olejek-eteryczny-ziolowa-laka<\/a><\/p>\n","protected":false},"excerpt":{"rendered":"<p>Olejek Eteryczny Zio\u0142owa \u0141\u0105ka \u2013 naturalna mieszanka lawendy, geranium, amyrisu i jagodlinu dla r\u00f3wnowagi i ukojenia zmys\u0142\u00f3w \ud83c\udf3f\ud83c\udf38<\/p>\n","protected":false},"featured_media":12810,"comment_status":"open","ping_status":"closed","template":"","meta":[],"product_brand":[105],"product_cat":[106],"product_tag":[],"class_list":{"0":"post-12809","1":"product","2":"type-product","3":"status-publish","4":"has-post-thumbnail","6":"product_brand-tyma-herbs","7":"product_cat-olejki-eteryczne","9":"first","10":"outofstock","11":"taxable","12":"shipping-taxable","13":"purchasable","14":"product-type-simple"},"_links":{"self":[{"href":"https:\/\/ziolazycia.com\/nowa\/wp-json\/wp\/v2\/product\/12809","targetHints":{"allow":["GET"]}}],"collection":[{"href":"https:\/\/ziolazycia.com\/nowa\/wp-json\/wp\/v2\/product"}],"about":[{"href":"https:\/\/ziolazycia.com\/nowa\/wp-json\/wp\/v2\/types\/product"}],"replies":[{"embeddable":true,"href":"https:\/\/ziolazycia.com\/nowa\/wp-json\/wp\/v2\/comments?post=12809"}],"wp:featuredmedia":[{"embeddable":true,"href":"https:\/\/ziolazycia.com\/nowa\/wp-json\/wp\/v2\/media\/12810"}],"wp:attachment":[{"href":"https:\/\/ziolazycia.com\/nowa\/wp-json\/wp\/v2\/media?parent=12809"}],"wp:term":[{"taxonomy":"product_brand","embeddable":true,"href":"https:\/\/ziolazycia.com\/nowa\/wp-json\/wp\/v2\/product_brand?post=12809"},{"taxonomy":"product_cat","embeddable":true,"href":"https:\/\/ziolazycia.com\/nowa\/wp-json\/wp\/v2\/product_cat?post=12809"},{"taxonomy":"product_tag","embeddable":true,"href":"https:\/\/ziolazycia.com\/nowa\/wp-json\/wp\/v2\/product_tag?post=12809"}],"curies":[{"name":"wp","href":"https:\/\/api.w.org\/{rel}","templated":true}]}}