{"id":12799,"date":"2025-05-23T13:17:15","date_gmt":"2025-05-23T11:17:15","guid":{"rendered":"https:\/\/ziolazycia.com\/nowa\/?post_type=product&#038;p=12799"},"modified":"2026-03-23T11:28:08","modified_gmt":"2026-03-23T10:28:08","slug":"olejek-z-uczepu-skora-odwodniona","status":"publish","type":"product","link":"https:\/\/ziolazycia.com\/nowa\/product\/olejek-z-uczepu-skora-odwodniona\/","title":{"rendered":"Olejek z Uczepu &#8211; sk\u00f3ra odwodniona"},"content":{"rendered":"<p data-start=\"253\" data-end=\"420\"><strong data-start=\"275\" data-end=\"294\">Olejek z Uczepu<\/strong> to naturalna esencja \u0142agodno\u015bci i skuteczno\u015bci \u2013 stworzony specjalnie dla sk\u00f3ry odwodnionej, wra\u017cliwej i sk\u0142onnej do AZS \ud83c\udf3e\ud83d\udc76<\/p>\n<p data-start=\"422\" data-end=\"742\">To najdelikatniejszy olejek z oferty Tyma Herbs \u2013 bezzapachowy, wolny od olejk\u00f3w eterycznych, idealny r\u00f3wnie\u017c dla dzieci od 3. roku \u017cycia. Wzmacnia barier\u0119 hydrolipidow\u0105, koi podra\u017cnienia, przynosi natychmiastowe nawil\u017cenie i komfort. Mo\u017ce by\u0107 stosowany na twarz, cia\u0142o, sk\u00f3r\u0119 g\u0142owy, a tak\u017ce jako no\u015bnik do aromaterapii.<\/p>\n<p data-start=\"744\" data-end=\"941\"><strong data-start=\"744\" data-end=\"757\">Dla kogo:<\/strong><br data-start=\"757\" data-end=\"760\" \/>\ud83e\uddf4 Dla os\u00f3b z AZS, egzem\u0105, \u0142uszczyc\u0105<br data-start=\"796\" data-end=\"799\" \/>\ud83d\udc76 Dla dzieci od 3. roku \u017cycia<br data-start=\"829\" data-end=\"832\" \/>\ud83d\udc86\u200d\u2640\ufe0f Dla wra\u017cliwej, odwodnionej sk\u00f3ry twarzy i cia\u0142a<br data-start=\"885\" data-end=\"888\" \/>\ud83d\udd8c\ufe0f Dla sk\u00f3ry z tatua\u017cami \u2013 idealny na etapie gojenia<\/p>\n<p data-start=\"943\" data-end=\"1113\"><strong data-start=\"943\" data-end=\"960\">Zastosowanie:<\/strong><br data-start=\"960\" data-end=\"963\" \/>\ud83d\udca7 Nawil\u017cenie i ukojenie sk\u00f3ry wra\u017cliwej<br data-start=\"1003\" data-end=\"1006\" \/>\ud83d\udec1 Do k\u0105pieli oraz masa\u017cu<br data-start=\"1031\" data-end=\"1034\" \/>\ud83c\udf3f Olej bazowy do aromaterapii<br data-start=\"1064\" data-end=\"1067\" \/>\ud83d\udc87 Na ko\u0144c\u00f3wki w\u0142os\u00f3w dla mi\u0119kko\u015bci i blasku<\/p>\n<p data-start=\"1115\" data-end=\"1225\"><strong data-start=\"1115\" data-end=\"1137\">Sk\u0142adniki aktywne:<\/strong><br data-start=\"1137\" data-end=\"1140\" \/>\ud83c\udf31 Ekstrakt z uczepu tr\u00f3jlistkowego \u2013 znany z w\u0142a\u015bciwo\u015bci przeciwzapalnych i koj\u0105cych<\/p>\n<p data-start=\"1115\" data-end=\"1225\"><strong data-start=\"376\" data-end=\"393\">\ud83c\udf3f Sk\u0142adniki:<\/strong><br data-start=\"393\" data-end=\"396\" \/>Ekstrakt olejowy z uczepu tr\u00f3jlistkowego (Bidens Tripartita Flower\/Leaf\/Stem Extract), Olej ry\u017cowy (Oryza Sativa Bran Oil)<\/p>\n<p data-start=\"1115\" data-end=\"1225\"><a href=\"https:\/\/tymaherbs.com\/products\/ziolun-uczep-olejek-ziolowy\" rel=\"noopener\">https:\/\/tymaherbs.com\/products\/ziolun-uczep-olejek-ziolowy<\/a><\/p>\n","protected":false},"excerpt":{"rendered":"<p>Olejek z Uczepu \u2013 bezzapachowe ukojenie i regeneracja sk\u00f3ry odwodnionej \ud83c\udf3f\ud83d\udca7<\/p>\n","protected":false},"featured_media":12800,"comment_status":"open","ping_status":"closed","template":"","meta":[],"product_brand":[105],"product_cat":[82],"product_tag":[],"class_list":{"0":"post-12799","1":"product","2":"type-product","3":"status-publish","4":"has-post-thumbnail","6":"product_brand-tyma-herbs","7":"product_cat-kosmetyki-naturalne","9":"first","10":"outofstock","11":"taxable","12":"shipping-taxable","13":"purchasable","14":"product-type-simple"},"_links":{"self":[{"href":"https:\/\/ziolazycia.com\/nowa\/wp-json\/wp\/v2\/product\/12799","targetHints":{"allow":["GET"]}}],"collection":[{"href":"https:\/\/ziolazycia.com\/nowa\/wp-json\/wp\/v2\/product"}],"about":[{"href":"https:\/\/ziolazycia.com\/nowa\/wp-json\/wp\/v2\/types\/product"}],"replies":[{"embeddable":true,"href":"https:\/\/ziolazycia.com\/nowa\/wp-json\/wp\/v2\/comments?post=12799"}],"wp:featuredmedia":[{"embeddable":true,"href":"https:\/\/ziolazycia.com\/nowa\/wp-json\/wp\/v2\/media\/12800"}],"wp:attachment":[{"href":"https:\/\/ziolazycia.com\/nowa\/wp-json\/wp\/v2\/media?parent=12799"}],"wp:term":[{"taxonomy":"product_brand","embeddable":true,"href":"https:\/\/ziolazycia.com\/nowa\/wp-json\/wp\/v2\/product_brand?post=12799"},{"taxonomy":"product_cat","embeddable":true,"href":"https:\/\/ziolazycia.com\/nowa\/wp-json\/wp\/v2\/product_cat?post=12799"},{"taxonomy":"product_tag","embeddable":true,"href":"https:\/\/ziolazycia.com\/nowa\/wp-json\/wp\/v2\/product_tag?post=12799"}],"curies":[{"name":"wp","href":"https:\/\/api.w.org\/{rel}","templated":true}]}}