{"id":12778,"date":"2025-05-23T13:04:09","date_gmt":"2025-05-23T11:04:09","guid":{"rendered":"https:\/\/ziolazycia.com\/nowa\/?post_type=product&#038;p=12778"},"modified":"2026-03-23T11:28:10","modified_gmt":"2026-03-23T10:28:10","slug":"olejek-z-zywokostu-moc-regeneracji","status":"publish","type":"product","link":"https:\/\/ziolazycia.com\/nowa\/product\/olejek-z-zywokostu-moc-regeneracji\/","title":{"rendered":"Olejek z \u017bywokostu &#8211; moc regeneracji"},"content":{"rendered":"<p data-start=\"270\" data-end=\"330\">Olejek z \u017bywokostu \u2013 moc regeneracji \u2728<\/p>\n<p data-start=\"332\" data-end=\"544\">Naturalna formu\u0142a, kt\u00f3ra \u0142\u0105czy od\u017cywcze w\u0142a\u015bciwo\u015bci \u017cywokostu lekarskiego z rozgrzewaj\u0105cym dzia\u0142aniem olejku eterycznego sosnowego \ud83c\udf3f Dzia\u0142a g\u0142\u0119boko, wnikaj\u0105c w sk\u00f3r\u0119 i wspieraj\u0105c jej naturalne procesy odbudowy.<\/p>\n<p data-start=\"546\" data-end=\"749\">Dzi\u0119ki zastosowaniu formy olejku, preparat cechuje si\u0119 wyj\u0105tkow\u0105 skuteczno\u015bci\u0105 \u2013 nie tworzy warstwy na powierzchni sk\u00f3ry, lecz natychmiast si\u0119 wch\u0142ania, dostarczaj\u0105c substancji aktywnych w g\u0142\u0105b tkanek.<\/p>\n<p data-start=\"751\" data-end=\"1019\">Olejek sosnowy \u0142agodzi napi\u0119cia mi\u0119\u015bniowe, przynosi ulg\u0119 po wysi\u0142ku fizycznym oraz wspiera regeneracj\u0119 przy st\u0142uczeniach, naci\u0105gni\u0119ciach i obrz\u0119kach. To idealna naturalna kuracja dla os\u00f3b aktywnych i dla ka\u017cdego, kto potrzebuje intensywnego wsparcia piel\u0119gnacyjnego \ud83d\udcaa<\/p>\n<p data-start=\"1021\" data-end=\"1295\"><strong data-start=\"1021\" data-end=\"1034\">Dla kogo:<\/strong><br data-start=\"1034\" data-end=\"1037\" \/>\ud83d\udfe1 Dla os\u00f3b z such\u0105, p\u0119kaj\u0105c\u0105 sk\u00f3r\u0105 r\u0105k i st\u00f3p<br data-start=\"1083\" data-end=\"1086\" \/>\ud83d\udfe1 Dla aktywnych fizycznie \u2013 jako regeneracja po wysi\u0142ku<br data-start=\"1142\" data-end=\"1145\" \/>\ud83d\udfe1 Dla os\u00f3b szukaj\u0105cych naturalnej alternatywy dla ma\u015bci rozgrzewaj\u0105cych<br data-start=\"1217\" data-end=\"1220\" \/>\ud83d\udfe1 Dla tych, kt\u00f3rzy chc\u0105 zadba\u0107 o mi\u0119\u015bnie, stawy i sk\u00f3r\u0119 w jednym rytuale<\/p>\n<p data-start=\"1297\" data-end=\"1598\"><strong data-start=\"1297\" data-end=\"1314\">Zastosowanie:<\/strong><br data-start=\"1314\" data-end=\"1317\" \/>\ud83c\udf19 Wieczorem, po k\u0105pieli, na\u0142\u00f3\u017c olejek na d\u0142onie, stopy lub zm\u0119czone mi\u0119\u015bnie.<br data-start=\"1394\" data-end=\"1397\" \/>\ud83e\udde4 W przypadku sk\u00f3ry d\u0142oni i st\u00f3p \u2013 u\u017cyj bawe\u0142nianych r\u0119kawiczek i skarpet, by wzmocni\u0107 efekt wch\u0142aniania.<br data-start=\"1503\" data-end=\"1506\" \/>\ud83e\udd32 Doskona\u0142y do masa\u017cu \u2013 poprawia mikrokr\u0105\u017cenie, wspiera regeneracj\u0119 i rozlu\u017ania napi\u0119cia.<\/p>\n<p data-start=\"1600\" data-end=\"1781\"><strong data-start=\"1600\" data-end=\"1622\">Sk\u0142adniki aktywne:<\/strong><br data-start=\"1622\" data-end=\"1625\" \/>\ud83c\udf3f Ekstrakt z \u017cywokostu \u2013 wspiera regeneracj\u0119, zawiera naturaln\u0105 alantoin\u0119<br data-start=\"1699\" data-end=\"1702\" \/>\ud83c\udf32 Olejek eteryczny sosnowy \u2013 dzia\u0142a rozgrzewaj\u0105co, od\u015bwie\u017ca i \u0142agodzi napi\u0119cia<\/p>\n<p data-start=\"1783\" data-end=\"2079\"><strong data-start=\"1783\" data-end=\"1793\">Sk\u0142ad:<\/strong><br data-start=\"1793\" data-end=\"1796\" \/>Ekstrakt olejowy z korzenia \u017cywokostu lekarskiego, Olejek eteryczny sosnowy (jako\u015b\u0107 kosmetyczna, mi\u0119dzynarodowa dokumentacja IFRA)<br data-start=\"1926\" data-end=\"1929\" \/>INGREDIENTS: Symphytum Officinale Root Extract \/ Helianthus Annuus Seed Oil, Pinus Sylvestris Oil*<br data-start=\"2027\" data-end=\"2030\" \/>*Limonene \u2013 naturalny sk\u0142adnik olejku eterycznego<\/p>\n<p data-start=\"1783\" data-end=\"2079\"><a href=\"https:\/\/tymaherbs.com\/products\/ziolun-olejek-z-zywokostu\" rel=\"noopener\">https:\/\/tymaherbs.com\/products\/ziolun-olejek-z-zywokostu<\/a><\/p>\n","protected":false},"excerpt":{"rendered":"<p>Olejek z \u017cywokostu \u2013 intensywna regeneracja i ulga dla sk\u00f3ry oraz mi\u0119\u015bni. Naturalna kuracja po wysi\u0142ku i na zm\u0119czone partie cia\u0142a.<\/p>\n","protected":false},"featured_media":12779,"comment_status":"open","ping_status":"closed","template":"","meta":[],"product_brand":[105],"product_cat":[82],"product_tag":[],"class_list":{"0":"post-12778","1":"product","2":"type-product","3":"status-publish","4":"has-post-thumbnail","6":"product_brand-tyma-herbs","7":"product_cat-kosmetyki-naturalne","9":"first","10":"outofstock","11":"taxable","12":"shipping-taxable","13":"purchasable","14":"product-type-simple"},"_links":{"self":[{"href":"https:\/\/ziolazycia.com\/nowa\/wp-json\/wp\/v2\/product\/12778","targetHints":{"allow":["GET"]}}],"collection":[{"href":"https:\/\/ziolazycia.com\/nowa\/wp-json\/wp\/v2\/product"}],"about":[{"href":"https:\/\/ziolazycia.com\/nowa\/wp-json\/wp\/v2\/types\/product"}],"replies":[{"embeddable":true,"href":"https:\/\/ziolazycia.com\/nowa\/wp-json\/wp\/v2\/comments?post=12778"}],"wp:featuredmedia":[{"embeddable":true,"href":"https:\/\/ziolazycia.com\/nowa\/wp-json\/wp\/v2\/media\/12779"}],"wp:attachment":[{"href":"https:\/\/ziolazycia.com\/nowa\/wp-json\/wp\/v2\/media?parent=12778"}],"wp:term":[{"taxonomy":"product_brand","embeddable":true,"href":"https:\/\/ziolazycia.com\/nowa\/wp-json\/wp\/v2\/product_brand?post=12778"},{"taxonomy":"product_cat","embeddable":true,"href":"https:\/\/ziolazycia.com\/nowa\/wp-json\/wp\/v2\/product_cat?post=12778"},{"taxonomy":"product_tag","embeddable":true,"href":"https:\/\/ziolazycia.com\/nowa\/wp-json\/wp\/v2\/product_tag?post=12778"}],"curies":[{"name":"wp","href":"https:\/\/api.w.org\/{rel}","templated":true}]}}