{"id":1264,"date":"2023-11-29T19:14:11","date_gmt":"2023-11-29T18:14:11","guid":{"rendered":"https:\/\/ziolazycia.com\/nowa\/?post_type=product&#038;p=1264"},"modified":"2025-11-26T15:58:41","modified_gmt":"2025-11-26T14:58:41","slug":"vitamin-k-2-100mcg-100-kapsulek-now-foods","status":"publish","type":"product","link":"https:\/\/ziolazycia.com\/nowa\/product\/vitamin-k-2-100mcg-100-kapsulek-now-foods\/","title":{"rendered":"Vitamin K-2 100mcg 100 kapsu\u0142ek"},"content":{"rendered":"<p>Witamina K2\u00a0 tak jak witamina D3 jest witamin\u0105 rozpuszczaln\u0105 w t\u0142uszczach. Pe\u0142ni w organizmie dwie podstawowe funkcje \u2013przyczynia si\u0119 do prawid\u0142owego przebiegu procesu krzepni\u0119cia krwi oraz pomaga w utrzymaniu zdrowych ko\u015bci. Szczeg\u00f3lnie ta druga funkcja sprawia, \u017ce\u00a0witamina K2\u00a0cz\u0119sto wyst\u0119puje w suplementacji wraz z\u00a0witamin\u0105\u00a0D.<\/p>\n<p><strong>Zawarto\u015b\u0107 opakowania<\/strong>:\u00a0100 kapsu\u0142ek vege<\/p>\n<p><strong>Dzienne spo\u017cycie<\/strong>:\u00a01 kapsu\u0142ka<\/p>\n<p><strong>Sk\u0142adniki aktywne:<\/strong><\/p>\n<table width=\"100%\">\n<thead>\n<tr>\n<td><\/td>\n<td width=\"23%\">1 kapsu\u0142ka<\/td>\n<td width=\"1%\"><\/td>\n<\/tr>\n<\/thead>\n<tbody>\n<tr>\n<td>Witamina K2 w postaci Menachinonu-4,(MK-4)<\/p>\n<p>Lucerna (Medicago sativa)<\/td>\n<td width=\"23%\">100mg<\/p>\n<p>250mg<\/p>\n<p>&nbsp;<\/td>\n<td width=\"1%\"><\/td>\n<\/tr>\n<\/tbody>\n<\/table>\n<p>Sk\u0142adniki: Witamina K2 (w postaci Menachinonu), lucerna (Medicago sativa), celuloza (kapsu\u0142ka), m\u0105ka ry\u017cowa, maltodekstryna ry\u017cowa (substancja stabilizuj\u0105ca), palmitynian askorbylu (przeciwutleniacz) oraz krzemionka (substancja przeciwzbrylaj\u0105ca).<\/p>\n<h2>Vitamin K-2 100 mcg &#8211; spos\u00f3b u\u017cycia:<\/h2>\n<p>1 kapsu\u0142ka dziennie<\/p>\n<p><strong>Nie przekracza\u0107 zalecanej porcji do spo\u017cycia w ci\u0105gu dnia. Produkt nie mo\u017ce by\u0107 stosowany jako substytut zr\u00f3\u017cnicowanej diety. Wa\u017cne jest stosowanie zr\u00f3\u017cnicowanej i zbilansowanej diety oraz prowadzenie zdrowego trybu \u017cycia.<\/strong><\/p>\n<p><strong>Przechowywanie:<\/strong><\/p>\n<p>Po otwarciu przechowywa\u0107 w suchym i ciemnym miejscu, z dala od ma\u0142ych dzieci.<\/p>\n<p><strong>Producent:<\/strong><\/p>\n<p>Now Foods<br \/>\n395 S. Glen Ellyn Road<br \/>\nIL 60108 Bloomingdale, Stany Zjednoczone<\/p>\n<p>&nbsp;<\/p>\n","protected":false},"excerpt":{"rendered":"<p><strong>Suplement diety<\/strong><\/p>\n<h2>Wsparcie dla uk\u0142adu kostnego<\/h2>\n<p>G\u0142\u00f3wnym sk\u0142adnikiem suplementu K-2 100mcg jest biologicznie aktywna forma witaminy K2, wspieraj\u0105ca prawid\u0142owy metabolizm wapnia.<\/p>\n","protected":false},"featured_media":9569,"comment_status":"closed","ping_status":"closed","template":"","meta":[],"product_brand":[],"product_cat":[72],"product_tag":[],"class_list":{"0":"post-1264","1":"product","2":"type-product","3":"status-publish","4":"has-post-thumbnail","6":"product_cat-suplementy-diety","8":"first","9":"outofstock","10":"taxable","11":"shipping-taxable","12":"product-type-simple"},"_links":{"self":[{"href":"https:\/\/ziolazycia.com\/nowa\/wp-json\/wp\/v2\/product\/1264","targetHints":{"allow":["GET"]}}],"collection":[{"href":"https:\/\/ziolazycia.com\/nowa\/wp-json\/wp\/v2\/product"}],"about":[{"href":"https:\/\/ziolazycia.com\/nowa\/wp-json\/wp\/v2\/types\/product"}],"replies":[{"embeddable":true,"href":"https:\/\/ziolazycia.com\/nowa\/wp-json\/wp\/v2\/comments?post=1264"}],"wp:featuredmedia":[{"embeddable":true,"href":"https:\/\/ziolazycia.com\/nowa\/wp-json\/wp\/v2\/media\/9569"}],"wp:attachment":[{"href":"https:\/\/ziolazycia.com\/nowa\/wp-json\/wp\/v2\/media?parent=1264"}],"wp:term":[{"taxonomy":"product_brand","embeddable":true,"href":"https:\/\/ziolazycia.com\/nowa\/wp-json\/wp\/v2\/product_brand?post=1264"},{"taxonomy":"product_cat","embeddable":true,"href":"https:\/\/ziolazycia.com\/nowa\/wp-json\/wp\/v2\/product_cat?post=1264"},{"taxonomy":"product_tag","embeddable":true,"href":"https:\/\/ziolazycia.com\/nowa\/wp-json\/wp\/v2\/product_tag?post=1264"}],"curies":[{"name":"wp","href":"https:\/\/api.w.org\/{rel}","templated":true}]}}