{"id":1260,"date":"2023-11-29T19:12:28","date_gmt":"2023-11-29T18:12:28","guid":{"rendered":"https:\/\/ziolazycia.com\/nowa\/?post_type=product&#038;p=1260"},"modified":"2025-11-26T15:58:40","modified_gmt":"2025-11-26T14:58:40","slug":"vitamin-d-3-5000iu-witamina-d3-120-kapsulek-now-foods","status":"publish","type":"product","link":"https:\/\/ziolazycia.com\/nowa\/product\/vitamin-d-3-5000iu-witamina-d3-120-kapsulek-now-foods\/","title":{"rendered":"Vitamin D-3 5000IU 120 kapsu\u0142ek"},"content":{"rendered":"<p><strong>Witamina D3<\/strong> wyst\u0119puj\u0105ca w tym suplemencie pozyskana jest z lanoliny. Witamina D3 odpowiada za szereg funkcji w organizmie. Odgrywa wa\u017cn\u0105 rol\u0119 w regulacji poziomu wapnia we krwi przez co sprzyja utrzymaniu zdrowego stanu ko\u015b\u0107ca i z\u0119b\u00f3w. Ponadto wspomaga funkcjonowanie uk\u0142adu odporno\u015bciowego oraz jest niezb\u0119dna do prawid\u0142owej pracy mi\u0119\u015bni, reguluje gospodark\u0119 wapniowo-fosforanow\u0105 oraz wydzielanie insuliny. Odpowiedni poziom witaminy D korzystnie wp\u0142ywa na dobre samopoczucie.<\/p>\n<p>Naturalnie najbardziej wydajnym \u017ar\u00f3d\u0142em pozyskiwania witaminy D jest jej synteza sk\u00f3rna, do kt\u00f3rej dochodzi pod wp\u0142ywem ekspozycji na \u015bwiat\u0142o s\u0142oneczne. Niestety, z uwagi na zbyt ma\u0142e nas\u0142onecznienie, w Polsce przez przewa\u017caj\u0105c\u0105 cz\u0119\u015b\u0107 roku optymalna produkcja witaminy D jest niemo\u017cliwa. Witamin\u0119 D3 znajdziemy tak\u017ce w \u017cywno\u015bci m.in. t\u0142ustych rybach morskich (makrela, halibut, \u0142oso\u015b), jajach oraz nabiale. S\u0105 to jednak ilo\u015bci niewystarczaj\u0105ce do utrzymania optymalnego poziomu tej witaminy. Dlatego wskazane jest uzupe\u0142niania niedobor\u00f3w witaminy D3 poprzez jej odpowiedni\u0105 suplementacj\u0119.<\/p>\n<p><strong>Zawarto\u015b\u0107 opakowani<\/strong>a:\u00a0120 kapsu\u0142ek r\u00f3wnie\u017c dla wegan i wegetarian<\/p>\n<p><strong>Dzienne spo\u017cycie<\/strong>:\u00a00,5 kapsu\u0142ki<\/p>\n<p><strong>Sk\u0142adniki aktywne:<\/strong><\/p>\n<table width=\"100%\">\n<thead>\n<tr>\n<td width=\"73%\"><\/td>\n<td width=\"23%\">1 kapsu\u0142ka<\/td>\n<td width=\"1%\"><\/td>\n<td width=\"1%\">&nbsp;<\/td>\n<\/tr>\n<\/thead>\n<tbody>\n<tr>\n<td width=\"73%\">\n<table>\n<tbody>\n<tr>\n<td>Cholekalcyferol (Witamina D3)<\/td>\n<td><\/td>\n<\/tr>\n<tr>\n<td>\n<table>\n<tbody>\n<tr>\n<td width=\"252\">&nbsp;<\/td>\n<td width=\"1\">&nbsp;<\/td>\n<\/tr>\n<tr>\n<td width=\"252\">&nbsp;<\/td>\n<td width=\"1\"><\/td>\n<\/tr>\n<tr>\n<td width=\"252\">&nbsp;<\/td>\n<td width=\"1\"><\/td>\n<\/tr>\n<tr>\n<td width=\"252\">&nbsp;<\/td>\n<td width=\"1\">&nbsp;<\/td>\n<\/tr>\n<\/tbody>\n<\/table>\n<\/td>\n<td>&nbsp;<\/td>\n<\/tr>\n<tr>\n<td>&nbsp;<\/td>\n<td>&nbsp;<\/td>\n<\/tr>\n<\/tbody>\n<\/table>\n<\/td>\n<td width=\"23%\">5000 IU<\/td>\n<td width=\"1%\"><\/td>\n<td width=\"1%\">&nbsp;<\/td>\n<\/tr>\n<\/tbody>\n<\/table>\n<p><strong>Sk\u0142adniki<\/strong>: Oliwa Extra Virgin z oliwek, witamina D3 (cholekalcyferol); kapsu\u0142ka (\u017celatyna \u2013 sk\u0142adnik otoczki, glicerol \u2013 no\u015bnik, woda).<\/p>\n<h2>Vitamin D-3 5000 IU &#8211; spos\u00f3b u\u017cycia:<\/h2>\n<p>0,5 kapsu\u0142ki dziennie<\/p>\n<p><strong>Nie przekracza\u0107 zalecanej porcji do spo\u017cycia w ci\u0105gu dnia. Produkt nie mo\u017ce by\u0107 stosowany jako substytut zr\u00f3\u017cnicowanej diety. Wa\u017cne jest stosowanie zr\u00f3\u017cnicowanej i zbilansowanej diety oraz prowadzenie zdrowego trybu \u017cycia.<\/strong><\/p>\n<p><strong>Przechowywanie:<\/strong><\/p>\n<p>Po otwarciu przechowywa\u0107 w suchym i ciemnym miejscu, z dala od ma\u0142ych dzieci.<\/p>\n<p><strong>Producent:<\/strong><\/p>\n<p>Now Foods<br \/>\n395 S. Glen Ellyn Road<br \/>\nIL 60108 Bloomingdale, Stany Zjednoczone<\/p>\n","protected":false},"excerpt":{"rendered":"<p>Suplement diety<\/p>\n<h2>Wsparcie dla uk\u0142adu kostnego i odporno\u015bciowego<\/h2>\n<p>G\u0142\u00f3wnym sk\u0142adnikiem sk\u0142adnikiem suplementu diety <strong>Vitamin D-3<\/strong> jest <strong>witamina D3<\/strong> w ilo\u015bci <strong>5000 jednostek w jednej kapsu\u0142ce.<\/strong><\/p>\n","protected":false},"featured_media":9566,"comment_status":"closed","ping_status":"closed","template":"","meta":[],"product_brand":[],"product_cat":[72],"product_tag":[],"class_list":{"0":"post-1260","1":"product","2":"type-product","3":"status-publish","4":"has-post-thumbnail","6":"product_cat-suplementy-diety","8":"first","9":"instock","10":"sale","11":"taxable","12":"shipping-taxable","13":"purchasable","14":"product-type-simple"},"_links":{"self":[{"href":"https:\/\/ziolazycia.com\/nowa\/wp-json\/wp\/v2\/product\/1260","targetHints":{"allow":["GET"]}}],"collection":[{"href":"https:\/\/ziolazycia.com\/nowa\/wp-json\/wp\/v2\/product"}],"about":[{"href":"https:\/\/ziolazycia.com\/nowa\/wp-json\/wp\/v2\/types\/product"}],"replies":[{"embeddable":true,"href":"https:\/\/ziolazycia.com\/nowa\/wp-json\/wp\/v2\/comments?post=1260"}],"wp:featuredmedia":[{"embeddable":true,"href":"https:\/\/ziolazycia.com\/nowa\/wp-json\/wp\/v2\/media\/9566"}],"wp:attachment":[{"href":"https:\/\/ziolazycia.com\/nowa\/wp-json\/wp\/v2\/media?parent=1260"}],"wp:term":[{"taxonomy":"product_brand","embeddable":true,"href":"https:\/\/ziolazycia.com\/nowa\/wp-json\/wp\/v2\/product_brand?post=1260"},{"taxonomy":"product_cat","embeddable":true,"href":"https:\/\/ziolazycia.com\/nowa\/wp-json\/wp\/v2\/product_cat?post=1260"},{"taxonomy":"product_tag","embeddable":true,"href":"https:\/\/ziolazycia.com\/nowa\/wp-json\/wp\/v2\/product_tag?post=1260"}],"curies":[{"name":"wp","href":"https:\/\/api.w.org\/{rel}","templated":true}]}}