{"id":1248,"date":"2023-11-29T19:06:52","date_gmt":"2023-11-29T18:06:52","guid":{"rendered":"https:\/\/ziolazycia.com\/nowa\/?post_type=product&#038;p=1248"},"modified":"2025-11-26T15:58:38","modified_gmt":"2025-11-26T14:58:38","slug":"red-yeast-rice-wyciag-z-czerwonego-ryzu-600mg-60-kapsulek-now-foods","status":"publish","type":"product","link":"https:\/\/ziolazycia.com\/nowa\/product\/red-yeast-rice-wyciag-z-czerwonego-ryzu-600mg-60-kapsulek-now-foods\/","title":{"rendered":"Red Yeast Rice (Wyci\u0105g z czerwonego ry\u017cu) 600mg 60 kapsu\u0142ek"},"content":{"rendered":"<p>Czerwony ry\u017c ma zastosowanie w kulinarnych przygodach z \u017cywno\u015bci\u0105 w celu wzmocnienia jej koloru i smaku. Suplement diety produkowany jest \u00a0w taki spos\u00f3b, aby wyeliminowa\u0107 obecno\u015b\u0107 cytryniny (mykotoksyny), b\u0119d\u0105cej niepo\u017c\u0105danym ubocznym produktem procesu fermentacji.<\/p>\n<p>Czerwony ry\u017c jest naturalnym \u017ar\u00f3d\u0142em sk\u0142adnik\u00f3w aktywnych, w tym monakoliny K, kt\u00f3re mog\u0105 pom\u00f3c w utrzymaniu prawid\u0142owego poziomu cholesterolu we krwi.<\/p>\n<p><strong>Zawarto\u015b\u0107 opakowania:<\/strong>\u00a060 kapsu\u0142ek r\u00f3wnie\u017c dla wegan i wegeterian<\/p>\n<p><strong>Dzienne spo\u017cycie:<\/strong>\u00a02 kapsu\u0142ki<\/p>\n<p><strong>Sk\u0142adniki aktywne:<\/strong><\/p>\n<table width=\"100%\">\n<thead>\n<tr>\n<td>&nbsp;<\/p>\n<p>&nbsp;<\/p>\n<p>Organiczny czerwony ry\u017c dro\u017cd\u017cowy (Monascus purpureus<\/td>\n<td width=\"23%\">1 kapsu\u0142ka<\/td>\n<td width=\"1%\"><\/td>\n<\/tr>\n<\/thead>\n<tbody>\n<tr>\n<td>\n<table>\n<tbody>\n<tr>\n<td><\/td>\n<td><\/td>\n<\/tr>\n<tr>\n<td><\/td>\n<td><\/td>\n<\/tr>\n<\/tbody>\n<\/table>\n<\/td>\n<td width=\"23%\">600 mg<\/td>\n<td width=\"1%\"><\/td>\n<\/tr>\n<\/tbody>\n<\/table>\n<p><strong>Sk\u0142adniki<\/strong> Czerwony fermentowany ry\u017c (Monascus purpureus), materia\u0142 kapsu\u0142ki: polisacharydy.<\/p>\n<h2><strong>Red Yeast Rice 600 mg &#8211; spos\u00f3b u\u017cycia:<\/strong><\/h2>\n<p>2 kapsu\u0142ki dziennie popijaj\u0105c obficie wod\u0105<\/p>\n<p><strong>Nie przekracza\u0107 zalecanej porcji do spo\u017cycia w ci\u0105gu dnia. Produkt nie mo\u017ce by\u0107 stosowany jako substytut zr\u00f3\u017cnicowanej diety. Wa\u017cne jest stosowanie zr\u00f3\u017cnicowanej i zbilansowanej diety oraz prowadzenie zdrowego trybu \u017cycia.<\/strong><\/p>\n<p><strong>Przechowywanie:<\/strong><\/p>\n<p>Po otwarciu przechowywa\u0107 w suchym i ciemnym miejscu, z dala od ma\u0142ych dzieci.<\/p>\n<p><strong>Producent:<\/strong><\/p>\n<p>Now Foods<br \/>\n395 S. Glen Ellyn Road<br \/>\nIL 60108 Bloomingdale, Stany Zjednoczone<\/p>\n","protected":false},"excerpt":{"rendered":"<p><strong>Suplement diety<\/strong><\/p>\n<h2><strong>Wsparcie utrzymania prawid\u0142owej gospodarki t\u0142uszczowej i poziomu cholesterolu<\/strong><\/h2>\n<p>G\u0142\u00f3wnym sk\u0142adnikiem suplementu diety Red Yeast Rice jest czerwony ry\u017c otrzymany w wyniku fermentacji czerwonych dro\u017cd\u017cy (Monascus purpureus) i bia\u0142ego ry\u017cu.<\/p>\n","protected":false},"featured_media":9556,"comment_status":"closed","ping_status":"closed","template":"","meta":[],"product_brand":[],"product_cat":[72],"product_tag":[],"class_list":{"0":"post-1248","1":"product","2":"type-product","3":"status-publish","4":"has-post-thumbnail","6":"product_cat-suplementy-diety","8":"first","9":"outofstock","10":"sale","11":"taxable","12":"shipping-taxable","13":"purchasable","14":"product-type-simple"},"_links":{"self":[{"href":"https:\/\/ziolazycia.com\/nowa\/wp-json\/wp\/v2\/product\/1248","targetHints":{"allow":["GET"]}}],"collection":[{"href":"https:\/\/ziolazycia.com\/nowa\/wp-json\/wp\/v2\/product"}],"about":[{"href":"https:\/\/ziolazycia.com\/nowa\/wp-json\/wp\/v2\/types\/product"}],"replies":[{"embeddable":true,"href":"https:\/\/ziolazycia.com\/nowa\/wp-json\/wp\/v2\/comments?post=1248"}],"wp:featuredmedia":[{"embeddable":true,"href":"https:\/\/ziolazycia.com\/nowa\/wp-json\/wp\/v2\/media\/9556"}],"wp:attachment":[{"href":"https:\/\/ziolazycia.com\/nowa\/wp-json\/wp\/v2\/media?parent=1248"}],"wp:term":[{"taxonomy":"product_brand","embeddable":true,"href":"https:\/\/ziolazycia.com\/nowa\/wp-json\/wp\/v2\/product_brand?post=1248"},{"taxonomy":"product_cat","embeddable":true,"href":"https:\/\/ziolazycia.com\/nowa\/wp-json\/wp\/v2\/product_cat?post=1248"},{"taxonomy":"product_tag","embeddable":true,"href":"https:\/\/ziolazycia.com\/nowa\/wp-json\/wp\/v2\/product_tag?post=1248"}],"curies":[{"name":"wp","href":"https:\/\/api.w.org\/{rel}","templated":true}]}}