{"id":12422,"date":"2025-04-27T11:44:45","date_gmt":"2025-04-27T09:44:45","guid":{"rendered":"https:\/\/ziolazycia.com\/nowa\/?post_type=product&#038;p=12422"},"modified":"2025-11-26T15:59:38","modified_gmt":"2025-11-26T14:59:38","slug":"konsultacja-11-odzyskuj-zdrowie-i-spokoj-naturalnie1hr","status":"publish","type":"product","link":"https:\/\/ziolazycia.com\/nowa\/product\/konsultacja-11-odzyskuj-zdrowie-i-spokoj-naturalnie1hr\/","title":{"rendered":"Godzinna konsultacja 1:1- Odzyskuj zdrowie i spok\u00f3j naturalnie"},"content":{"rendered":"<p>Wsp\u00f3lnie znajdziemy najlepszy dla Ciebie termin.<br \/>\n\ud83e\udd57\ud83c\udf3f Na konsultacji wyja\u015bniam jakie suplementy i zio\u0142a przyjmowa\u0107 i omawiam szczeg\u00f3\u0142y Twojej diety.<br \/>\nPomagam odzyskiwa\u0107 zdrowie fizyczne, a tak\u017ce psychiczne.<br \/>\n\ud83d\ude4b\u200d\u2640\ufe0fJe\u017celi Czujesz, \u017ce chcesz si\u0119 ze mn\u0105 spotka\u0107 na konsultacji indywidualnej zakup produkt, a my ustalimy wsp\u00f3lnie dogodny termin konsultacji.<br \/>\nCzas oczekiwania 1 do 2 miesi\u0119cy<br \/>\n\u2618\ufe0fJe\u017celi potrzebujesz tylko kupi\u0107 suplementy i wiesz czego potrzebujesz \u2013 napisz do mnie sms +48509171373<br \/>\nTw\u00f3j Psycholog i Dietetyk \ud83e\udde1<\/p>\n","protected":false},"excerpt":{"rendered":"<p>Z ka\u017cdym problemem chodzisz do innego lekarza, a oni ze sob\u0105 nie wsp\u00f3\u0142pracuj\u0105? Traktuj\u0105 Twoje przypad\u0142o\u015bci osobno jakby nie dotyczy\u0142y jednego organizmu?<br \/>\nMoje kompleksowe metody opieki i indywidualne podej\u015bcie pomog\u0142y ju\u017c tysi\u0105com os\u00f3b cieszy\u0107 si\u0119 zdrowym i szcz\u0119\u015bliwym \u017cyciem bez zak\u0142\u00f3ce\u0144.<br \/>\nWyobra\u017a sobie, \u017ce prowadzisz \u017cycie wolne od problem\u00f3w zwi\u0105zanych z dolegliwo\u015bciami i starzeniem si\u0119 z powodu chor\u00f3b czy staro\u015bci, a zaoszcz\u0119dzone pieni\u0105dze wydajesz na podr\u00f3\u017ce i przyjemno\u015bci.<br \/>\nW godzin\u0119 (stacjonarnie lub WhatsApp) poka\u017c\u0119 Ci, jak \u017cy\u0107 we wspania\u0142ej formie, w dobrej kondycji, w \u015bwietnym nastroju \u2013 w ka\u017cdym wieku! Wyposa\u017c\u0119 Ci\u0119 w narz\u0119dzia do zmiany nawyk\u00f3w i motywacj\u0119 do dzia\u0142ania. Stw\u00f3rz ze mn\u0105 swoj\u0105 w\u0142asn\u0105 strategi\u0119 zdrowia. Nie zwlekaj i um\u00f3w si\u0119 na konsultacj\u0119 ju\u017c dzi\u015b!<br \/>\n\u26a0\ufe0f Inwestycja za jednorazow\u0105, godzinn\u0105 konsultacj\u0119 to 550z\u0142. Pami\u0119taj jednak, \u017ce przywracanie zdrowia to proces, dlatego zerknij na <a href=\"https:\/\/ziolazycia.com\/produkt\/pakiet-vip-konsultacje\/\" style=\"color: green;\">Pakiet VIP<\/a>.<\/p>\n","protected":false},"featured_media":9378,"comment_status":"closed","ping_status":"closed","template":"","meta":[],"product_brand":[],"product_cat":[75],"product_tag":[],"class_list":{"0":"post-12422","1":"product","2":"type-product","3":"status-publish","4":"has-post-thumbnail","6":"product_cat-konsultacje","8":"first","9":"instock","10":"virtual","11":"taxable","12":"purchasable","13":"product-type-simple"},"_links":{"self":[{"href":"https:\/\/ziolazycia.com\/nowa\/wp-json\/wp\/v2\/product\/12422","targetHints":{"allow":["GET"]}}],"collection":[{"href":"https:\/\/ziolazycia.com\/nowa\/wp-json\/wp\/v2\/product"}],"about":[{"href":"https:\/\/ziolazycia.com\/nowa\/wp-json\/wp\/v2\/types\/product"}],"replies":[{"embeddable":true,"href":"https:\/\/ziolazycia.com\/nowa\/wp-json\/wp\/v2\/comments?post=12422"}],"wp:featuredmedia":[{"embeddable":true,"href":"https:\/\/ziolazycia.com\/nowa\/wp-json\/wp\/v2\/media\/9378"}],"wp:attachment":[{"href":"https:\/\/ziolazycia.com\/nowa\/wp-json\/wp\/v2\/media?parent=12422"}],"wp:term":[{"taxonomy":"product_brand","embeddable":true,"href":"https:\/\/ziolazycia.com\/nowa\/wp-json\/wp\/v2\/product_brand?post=12422"},{"taxonomy":"product_cat","embeddable":true,"href":"https:\/\/ziolazycia.com\/nowa\/wp-json\/wp\/v2\/product_cat?post=12422"},{"taxonomy":"product_tag","embeddable":true,"href":"https:\/\/ziolazycia.com\/nowa\/wp-json\/wp\/v2\/product_tag?post=12422"}],"curies":[{"name":"wp","href":"https:\/\/api.w.org\/{rel}","templated":true}]}}