{"id":12404,"date":"2025-04-25T18:52:31","date_gmt":"2025-04-25T16:52:31","guid":{"rendered":"https:\/\/ziolazycia.com\/nowa\/?post_type=product&#038;p=12404"},"modified":"2025-11-26T15:59:37","modified_gmt":"2025-11-26T14:59:37","slug":"pakiet-mini-e-bookow-i-dodatkow-twoja-naturalna-droga-do-zdrowia-%f0%9f%8c%bf","status":"publish","type":"product","link":"https:\/\/ziolazycia.com\/nowa\/product\/pakiet-mini-e-bookow-i-dodatkow-twoja-naturalna-droga-do-zdrowia-%f0%9f%8c%bf\/","title":{"rendered":"Pakiet mini e-book\u00f3w i dodatk\u00f3w \u2014 Twoja Naturalna Droga do Zdrowia! \ud83c\udf3f"},"content":{"rendered":"<p>Pakiet mini e-book\u00f3w i dodatk\u00f3w \u2013 Twoja Naturalna Droga do Zdrowia! \ud83c\udf3f<\/p>\n<p>Ten wyj\u0105tkowy zestaw zosta\u0142 stworzony z my\u015bl\u0105 o kobietach, kt\u00f3re chc\u0105 zadba\u0107 o swoje zdrowie w spos\u00f3b naturalny, holistyczny i \u015bwiadomy. W \u015brodku znajdziesz sprawdzone narz\u0119dzia, dzi\u0119ki kt\u00f3rym poczujesz si\u0119 lekko, zdrowo i w harmonii \u2013 niezale\u017cnie od wieku.<\/p>\n<p>Co zawiera pakiet?<br \/>\n\u2705 List\u0119 rekomendowanych suplement\u00f3w i probiotyk\u00f3w (warto\u015b\u0107: 99 z\u0142)<br \/>\n\u2705 Spis najwa\u017cniejszych bada\u0144 profilaktycznych dla kobiet (warto\u015b\u0107: 99 z\u0142)<br \/>\n\u2705 Mini e-book: 5 naturalnych sposob\u00f3w na z\u0142agodzenie skutk\u00f3w menopauzy (warto\u015b\u0107: 99 z\u0142)<br \/>\n\u2705 Mini e-book: Pachn\u0105ca \u015bcie\u017cka do zdrowia \u2013 3 sposoby na olejki eteryczne (warto\u015b\u0107: 99 z\u0142)<br \/>\n\u2705 Zestaw 20 afirmacji na spok\u00f3j i harmoni\u0119 (warto\u015b\u0107: 59 z\u0142)<br \/>\n\u2705 Arkusz \u201eRecepta na sukces\u201d do pracy nad nawykami (warto\u015b\u0107: 69 z\u0142)<\/p>\n<p>\u0141\u0105czna warto\u015b\u0107: 524 z\u0142 \u2013 teraz w pakiecie za jedyne 79 z\u0142!<\/p>\n<p>Pakiet zosta\u0142 opracowany przez do\u015bwiadczon\u0105 mentork\u0119 i doradczyni\u0119 dietetyczn\u0105 z ponad 25-letnim sta\u017cem, kt\u00f3ra \u0142\u0105czy m\u0105dro\u015b\u0107 Ajurwedy z praktycznym podej\u015bciem do zdrowia kobiet.<\/p>\n<p>Idealny dla kobiet poszukuj\u0105cych naturalnych rozwi\u0105za\u0144, kt\u00f3re s\u0105 skuteczne, \u0142atwe do wdro\u017cenia i naprawd\u0119 dzia\u0142aj\u0105.<\/p>\n","protected":false},"excerpt":{"rendered":"<p>Naturalny pakiet wsparcia zdrowia dla kobiet \u2013 e-booki, checklisty, afirmacje i narz\u0119dzia od do\u015bwiadczonej mentorki. Holistyczne podej\u015bcie, sprawdzone metody, realne efekty. Warto\u015b\u0107 524 z\u0142, teraz tylko 79 z\u0142!<\/p>\n","protected":false},"featured_media":12405,"comment_status":"open","ping_status":"closed","template":"","meta":[],"product_brand":[],"product_cat":[91,88],"product_tag":[100,101,102,103,104],"class_list":{"0":"post-12404","1":"product","2":"type-product","3":"status-publish","4":"has-post-thumbnail","6":"product_cat-e-booki","7":"product_cat-nagrania-i-szkolenia","8":"product_tag-holistyczne-podejscie","9":"product_tag-menopauza-naturalnie","10":"product_tag-naturalne-wsparcie","11":"product_tag-suplementacja-dla-kobiet","12":"product_tag-zdrowie-kobiet","14":"first","15":"instock","16":"sale","17":"downloadable","18":"virtual","19":"taxable","20":"purchasable","21":"product-type-simple"},"_links":{"self":[{"href":"https:\/\/ziolazycia.com\/nowa\/wp-json\/wp\/v2\/product\/12404","targetHints":{"allow":["GET"]}}],"collection":[{"href":"https:\/\/ziolazycia.com\/nowa\/wp-json\/wp\/v2\/product"}],"about":[{"href":"https:\/\/ziolazycia.com\/nowa\/wp-json\/wp\/v2\/types\/product"}],"replies":[{"embeddable":true,"href":"https:\/\/ziolazycia.com\/nowa\/wp-json\/wp\/v2\/comments?post=12404"}],"wp:featuredmedia":[{"embeddable":true,"href":"https:\/\/ziolazycia.com\/nowa\/wp-json\/wp\/v2\/media\/12405"}],"wp:attachment":[{"href":"https:\/\/ziolazycia.com\/nowa\/wp-json\/wp\/v2\/media?parent=12404"}],"wp:term":[{"taxonomy":"product_brand","embeddable":true,"href":"https:\/\/ziolazycia.com\/nowa\/wp-json\/wp\/v2\/product_brand?post=12404"},{"taxonomy":"product_cat","embeddable":true,"href":"https:\/\/ziolazycia.com\/nowa\/wp-json\/wp\/v2\/product_cat?post=12404"},{"taxonomy":"product_tag","embeddable":true,"href":"https:\/\/ziolazycia.com\/nowa\/wp-json\/wp\/v2\/product_tag?post=12404"}],"curies":[{"name":"wp","href":"https:\/\/api.w.org\/{rel}","templated":true}]}}