{"id":12401,"date":"2025-04-25T18:13:43","date_gmt":"2025-04-25T16:13:43","guid":{"rendered":"https:\/\/ziolazycia.com\/nowa\/?post_type=product&#038;p=12401"},"modified":"2025-11-26T15:59:37","modified_gmt":"2025-11-26T14:59:37","slug":"nowoczesne-zasady-odzywiania-przepisy-mistrzow-leanne-campbell-roslinna-kuchnia-oparta-na-badaniach-naukowych","status":"publish","type":"product","link":"https:\/\/ziolazycia.com\/nowa\/product\/nowoczesne-zasady-odzywiania-przepisy-mistrzow-leanne-campbell-roslinna-kuchnia-oparta-na-badaniach-naukowych\/","title":{"rendered":"Nowoczesne zasady od\u017cywiania. Przepisy mistrz\u00f3w \u2013 Leanne Campbell | Ro\u015blinna kuchnia oparta na badaniach naukowych"},"content":{"rendered":"<p>\u201eNowoczesne zasady od\u017cywiania. Przepisy mistrz\u00f3w\u201d to wyj\u0105tkowa ksi\u0105\u017cka kucharska, kt\u00f3ra stanowi praktyczne uzupe\u0142nienie wiedzy zawartej w bestsellerze Nowoczesne zasady od\u017cywiania. Autorka, Leanne Campbell \u2013 c\u00f3rka prof. T. Colina Campbella \u2013 prezentuje ponad 100 przepis\u00f3w opartych na pe\u0142nowarto\u015bciowej diecie ro\u015blinnej, opracowanych z my\u015bl\u0105 o zdrowiu, energii i smaku.<\/p>\n<p>W ksi\u0105\u017cce znajdziesz:<\/p>\n<p>proste, szybkie i r\u00f3\u017cnorodne przepisy bez mi\u0119sa, nabia\u0142u i przetworzonych sk\u0142adnik\u00f3w,<\/p>\n<p>potrawy oparte na badaniach naukowych, wspieraj\u0105ce zdrowie serca, poziom cukru i wag\u0119,<\/p>\n<p>pomys\u0142y na \u015bniadania, obiady, kolacje i desery,<\/p>\n<p>inspiruj\u0105ce przepisy mistrz\u00f3w kuchni ro\u015blinnej z ca\u0142ego \u015bwiata,<\/p>\n<p>porady dotycz\u0105ce zamiennik\u00f3w, sezonowo\u015bci i przechowywania.<\/p>\n<p>Leanne Campbell udowadnia, \u017ce zdrowe od\u017cywianie nie musi by\u0107 nudne ani skomplikowane \u2013 mo\u017ce by\u0107 kolorowe, smaczne i oparte na warto\u015bciach. Ksi\u0105\u017cka zosta\u0142a przygotowana we wsp\u00f3\u0142pracy z dietetykami i lekarzami, dzi\u0119ki czemu stanowi idealny przewodnik dla ka\u017cdego, kto chce wprowadzi\u0107 pozytywne zmiany w kuchni i stylu \u017cycia.<\/p>\n<p>Dla kogo?<br \/>\nDla os\u00f3b zainteresowanych zdrowym \u017cywieniem, diet\u0105 ro\u015blinn\u0105, profilaktyk\u0105 chor\u00f3b cywilizacyjnych oraz kuchni\u0105 opart\u0105 na badaniach naukowych. Idealna dla wegan, wegetarian, os\u00f3b na diecie Whole Food Plant-Based oraz tych, kt\u00f3rzy dopiero zaczynaj\u0105 swoj\u0105 ro\u015blinn\u0105 przygod\u0119.<\/p>\n","protected":false},"excerpt":{"rendered":"<p>Praktyczna kontynuacja bestsellerowych \u201eNowoczesnych zasad od\u017cywiania\u201d! Leanne Campbell \u2013 c\u00f3rka s\u0142ynnego naukowca T. Colina Campbella \u2013 przedstawia ponad 100 przepis\u00f3w opartych na pe\u0142nowarto\u015bciowej diecie ro\u015blinnej. Zdrowo, smacznie i naukowo \u2013 kuchnia przysz\u0142o\u015bci zaczyna si\u0119 dzi\u015b.<\/p>\n","protected":false},"featured_media":12402,"comment_status":"open","ping_status":"closed","template":"","meta":[],"product_brand":[],"product_cat":[66],"product_tag":[],"class_list":{"0":"post-12401","1":"product","2":"type-product","3":"status-publish","4":"has-post-thumbnail","6":"product_cat-ksiazki","8":"first","9":"outofstock","10":"sale","11":"taxable","12":"shipping-taxable","13":"purchasable","14":"product-type-simple"},"_links":{"self":[{"href":"https:\/\/ziolazycia.com\/nowa\/wp-json\/wp\/v2\/product\/12401","targetHints":{"allow":["GET"]}}],"collection":[{"href":"https:\/\/ziolazycia.com\/nowa\/wp-json\/wp\/v2\/product"}],"about":[{"href":"https:\/\/ziolazycia.com\/nowa\/wp-json\/wp\/v2\/types\/product"}],"replies":[{"embeddable":true,"href":"https:\/\/ziolazycia.com\/nowa\/wp-json\/wp\/v2\/comments?post=12401"}],"wp:featuredmedia":[{"embeddable":true,"href":"https:\/\/ziolazycia.com\/nowa\/wp-json\/wp\/v2\/media\/12402"}],"wp:attachment":[{"href":"https:\/\/ziolazycia.com\/nowa\/wp-json\/wp\/v2\/media?parent=12401"}],"wp:term":[{"taxonomy":"product_brand","embeddable":true,"href":"https:\/\/ziolazycia.com\/nowa\/wp-json\/wp\/v2\/product_brand?post=12401"},{"taxonomy":"product_cat","embeddable":true,"href":"https:\/\/ziolazycia.com\/nowa\/wp-json\/wp\/v2\/product_cat?post=12401"},{"taxonomy":"product_tag","embeddable":true,"href":"https:\/\/ziolazycia.com\/nowa\/wp-json\/wp\/v2\/product_tag?post=12401"}],"curies":[{"name":"wp","href":"https:\/\/api.w.org\/{rel}","templated":true}]}}