{"id":1240,"date":"2023-11-29T19:04:08","date_gmt":"2023-11-29T18:04:08","guid":{"rendered":"https:\/\/ziolazycia.com\/nowa\/?post_type=product&#038;p=1240"},"modified":"2025-11-26T15:58:38","modified_gmt":"2025-11-26T14:58:38","slug":"methyl-b-12-1-mcg-100-kapsulek-now-foods","status":"publish","type":"product","link":"https:\/\/ziolazycia.com\/nowa\/product\/methyl-b-12-1-mcg-100-kapsulek-now-foods\/","title":{"rendered":"Methyl B-12 1mcg 100 tabletek do ssania"},"content":{"rendered":"<p>Metylokobalamina jest naturalnym koenzymem wyst\u0119puj\u0105cym w organizmie cz\u0142owieka.<\/p>\n<p>Powszechnie wiadomo, \u017ce witamina B12 jest niezb\u0119dna do prawid\u0142owego funkcjonowania uk\u0142adu nerwowego, pokarmowego i krwiotw\u00f3rczego. Pe\u0142ni wa\u017cn\u0105 rol\u0119 w przemianach bia\u0142ek, w\u0119glowodan\u00f3w i t\u0142uszcz\u00f3w.<\/p>\n<p>Poniewa\u017c witamina B12 wyst\u0119puje g\u0142\u00f3wnie w produktach pochodzenia zwierz\u0119cego. W ro\u015blinach witamina ta wyst\u0119puje w \u015bladowych ilo\u015bciach, dlatego osoby b\u0119d\u0105ce na diecie wegetaria\u0144skiej, wega\u0144skiej s\u0105 nara\u017cone na jej niedob\u00f3r.<\/p>\n<p><strong>Zawarto\u015b\u0107 opakowania:<\/strong>\u00a0100 tabletek do ssania<\/p>\n<p><strong>Dzienne spo\u017cycie:<\/strong>\u00a01 tabletka<\/p>\n<p><strong>Sk\u0142ad:<\/strong><\/p>\n<table width=\"100%\">\n<tbody>\n<tr>\n<td>&nbsp;<\/p>\n<table width=\"100%\">\n<thead>\n<tr>\n<td><\/td>\n<td width=\"23%\">1 tabletka<\/td>\n<\/tr>\n<\/thead>\n<tbody>\n<tr>\n<td>Witamina B12 (metylokobalamina)<\/td>\n<td width=\"23%\">1000 \u00b5g<\/td>\n<\/tr>\n<\/tbody>\n<\/table>\n<\/td>\n<td width=\"23%\">&nbsp;<\/td>\n<td width=\"1%\"><\/td>\n<\/tr>\n<tr>\n<td>&nbsp;<\/td>\n<td width=\"23%\">&nbsp;<\/td>\n<td width=\"1%\"><\/td>\n<\/tr>\n<\/tbody>\n<\/table>\n<p><strong>Sk\u0142adniki:<\/strong> fruktoza, substancja s\u0142odz\u0105ca (sorbitole), witamina B12 (metylokobalamina), substancje przeciwzbrylaj\u0105ce (hydroksypropyloceluloza, kwasy t\u0142uszczowe ro\u015blinne, celuloza mikrokrystaliczna), regulator kwasowo\u015bci (kwas cytrynowy), naturalne aromaty, substancja przeciwzbrylaj\u0105ca (sole magnezowe kwas\u00f3w t\u0142uszczowych).<\/p>\n<h2><strong>Methyl B-12. 1 mcg &#8211; spos\u00f3b u\u017cycia:<\/strong><\/h2>\n<p>1 tabletka dziennie.<\/p>\n<p><strong>Nie przekracza\u0107 zalecanej porcji do spo\u017cycia w ci\u0105gu dnia. Produkt nie mo\u017ce by\u0107 stosowany jako substytut zr\u00f3\u017cnicowanej diety. Wa\u017cne jest stosowanie zr\u00f3\u017cnicowanej i zbilansowanej diety oraz prowadzenie zdrowego trybu \u017cycia.<\/strong><\/p>\n<p><strong>Przechowywanie:<\/strong><\/p>\n<p>Po otwarciu przechowywa\u0107 w lod\u00f3wce w celu zachowania maksymalnego poziomu skuteczno\u015bci preparatu. Przechowywa\u0107 w spos\u00f3b niedost\u0119pny dla ma\u0142ych dzieci.<\/p>\n<p><strong>Producent:<\/strong><\/p>\n<p>Now Foods<br \/>\n395 S. Glen Ellyn Road<br \/>\nIL 60108 Bloomingdale, Stany Zjednoczone<\/p>\n","protected":false},"excerpt":{"rendered":"<p><strong>Suplement diety<\/strong><\/p>\n<p>G\u0142\u00f3wnym sk\u0142adnikiem suplementu diety Methyl B-12 jest Metylokobalamina &#8211; aktywna forma witaminy B12.<\/p>\n","protected":false},"featured_media":9550,"comment_status":"closed","ping_status":"closed","template":"","meta":[],"product_brand":[],"product_cat":[72],"product_tag":[],"class_list":{"0":"post-1240","1":"product","2":"type-product","3":"status-publish","4":"has-post-thumbnail","6":"product_cat-suplementy-diety","8":"first","9":"instock","10":"sale","11":"taxable","12":"shipping-taxable","13":"purchasable","14":"product-type-simple"},"_links":{"self":[{"href":"https:\/\/ziolazycia.com\/nowa\/wp-json\/wp\/v2\/product\/1240","targetHints":{"allow":["GET"]}}],"collection":[{"href":"https:\/\/ziolazycia.com\/nowa\/wp-json\/wp\/v2\/product"}],"about":[{"href":"https:\/\/ziolazycia.com\/nowa\/wp-json\/wp\/v2\/types\/product"}],"replies":[{"embeddable":true,"href":"https:\/\/ziolazycia.com\/nowa\/wp-json\/wp\/v2\/comments?post=1240"}],"wp:featuredmedia":[{"embeddable":true,"href":"https:\/\/ziolazycia.com\/nowa\/wp-json\/wp\/v2\/media\/9550"}],"wp:attachment":[{"href":"https:\/\/ziolazycia.com\/nowa\/wp-json\/wp\/v2\/media?parent=1240"}],"wp:term":[{"taxonomy":"product_brand","embeddable":true,"href":"https:\/\/ziolazycia.com\/nowa\/wp-json\/wp\/v2\/product_brand?post=1240"},{"taxonomy":"product_cat","embeddable":true,"href":"https:\/\/ziolazycia.com\/nowa\/wp-json\/wp\/v2\/product_cat?post=1240"},{"taxonomy":"product_tag","embeddable":true,"href":"https:\/\/ziolazycia.com\/nowa\/wp-json\/wp\/v2\/product_tag?post=1240"}],"curies":[{"name":"wp","href":"https:\/\/api.w.org\/{rel}","templated":true}]}}