{"id":12398,"date":"2025-04-25T18:11:46","date_gmt":"2025-04-25T16:11:46","guid":{"rendered":"https:\/\/ziolazycia.com\/nowa\/?post_type=product&#038;p=12398"},"modified":"2025-11-26T15:59:37","modified_gmt":"2025-11-26T14:59:37","slug":"pussy-joga-coco-berlin-miesnie-dna-miednicy-kobieca-moc-i-swiadoma-seksualnosc","status":"publish","type":"product","link":"https:\/\/ziolazycia.com\/nowa\/product\/pussy-joga-coco-berlin-miesnie-dna-miednicy-kobieca-moc-i-swiadoma-seksualnosc\/","title":{"rendered":"Pussy joga \u2013 Coco Berlin | Mi\u0119\u015bnie dna miednicy, kobieca moc i \u015bwiadoma seksualno\u015b\u0107"},"content":{"rendered":"<p>\u201ePussy joga\u201d autorstwa Coco Berlin to unikalny poradnik dla kobiet, kt\u00f3ry \u0142\u0105czy trening mi\u0119\u015bni dna miednicy z rozwojem osobistym, pewno\u015bci\u0105 siebie i seksualno\u015bci\u0105. Autorka \u2013 tancerka, edukatorka i trenerka kobiecego dobrostanu \u2013 stworzy\u0142a kompleksowy program, kt\u00f3ry uczy \u015bwiadomego kontaktu z cia\u0142em, uwalniania blokad i aktywowania kobiecej mocy.<\/p>\n<p>Coco Berlin pokazuje, \u017ce zdrowie, przyjemno\u015b\u0107 i pewno\u015b\u0107 siebie maj\u0105 sw\u00f3j fizjologiczny fundament w\u0142a\u015bnie w rejonie miednicy \u2013 centrum kobiecej energii, kreatywno\u015bci i seksualno\u015bci. Dzi\u0119ki prostym \u0107wiczeniom, oddechowi, uwa\u017cno\u015bci i pracy z cia\u0142em mo\u017cesz:<\/p>\n<p>wzmocni\u0107 mi\u0119\u015bnie Kegla i poprawi\u0107 jako\u015b\u0107 \u017cycia intymnego,<\/p>\n<p>zwi\u0119kszy\u0107 czucie cia\u0142a i do\u015bwiadczanie przyjemno\u015bci,<\/p>\n<p>zredukowa\u0107 napi\u0119cia, stres i objawy zwi\u0105zane z cyklem menstruacyjnym,<\/p>\n<p>zwi\u0119kszy\u0107 pewno\u015b\u0107 siebie, \u015bwiadomo\u015b\u0107 cia\u0142a i poczucie kobieco\u015bci.<\/p>\n<p>\u201ePussy joga\u201d to wi\u0119cej ni\u017c poradnik zdrowotny \u2013 to zaproszenie do przebudzenia kobiecej energii i celebrowania w\u0142asnej cielesno\u015bci bez wstydu. Ksi\u0105\u017cka zawiera \u0107wiczenia, ilustracje, techniki oddechowe i wskaz\u00f3wki, kt\u00f3re mo\u017cesz \u0142atwo wdro\u017cy\u0107 w codzienno\u015b\u0107.<\/p>\n<p>Dla kogo?<br \/>\nDla ka\u017cdej kobiety, kt\u00f3ra chce pog\u0142\u0119bi\u0107 relacj\u0119 z w\u0142asnym cia\u0142em, odzyska\u0107 kontakt z miednic\u0105 i otworzy\u0107 si\u0119 na pe\u0142niejsze, \u015bwiadome \u017cycie. Idealna dla trenerek, joginek, terapeutek, kobiet w ci\u0105\u017cy i po porodzie, a tak\u017ce wszystkich, kt\u00f3re chc\u0105 wzmocni\u0107 siebie \u2013 od \u015brodka.<\/p>\n","protected":false},"excerpt":{"rendered":"<p>Zmys\u0142owy i pe\u0142en wiedzy przewodnik dla kobiet, kt\u00f3re chc\u0105 odzyska\u0107 kontakt z cia\u0142em, wzmocni\u0107 mi\u0119\u015bnie dna miednicy, poczu\u0107 wi\u0119ksz\u0105 pewno\u015b\u0107 siebie i rado\u015b\u0107 z seksu. Coco Berlin \u0142\u0105czy praktyk\u0119 jogi, tantry i treningu mi\u0119\u015bni g\u0142\u0119bokich w holistyczny program dla kobiecego dobrostanu.<\/p>\n","protected":false},"featured_media":12399,"comment_status":"open","ping_status":"closed","template":"","meta":[],"product_brand":[],"product_cat":[66],"product_tag":[],"class_list":{"0":"post-12398","1":"product","2":"type-product","3":"status-publish","4":"has-post-thumbnail","6":"product_cat-ksiazki","8":"first","9":"instock","10":"taxable","11":"shipping-taxable","12":"purchasable","13":"product-type-simple"},"_links":{"self":[{"href":"https:\/\/ziolazycia.com\/nowa\/wp-json\/wp\/v2\/product\/12398","targetHints":{"allow":["GET"]}}],"collection":[{"href":"https:\/\/ziolazycia.com\/nowa\/wp-json\/wp\/v2\/product"}],"about":[{"href":"https:\/\/ziolazycia.com\/nowa\/wp-json\/wp\/v2\/types\/product"}],"replies":[{"embeddable":true,"href":"https:\/\/ziolazycia.com\/nowa\/wp-json\/wp\/v2\/comments?post=12398"}],"wp:featuredmedia":[{"embeddable":true,"href":"https:\/\/ziolazycia.com\/nowa\/wp-json\/wp\/v2\/media\/12399"}],"wp:attachment":[{"href":"https:\/\/ziolazycia.com\/nowa\/wp-json\/wp\/v2\/media?parent=12398"}],"wp:term":[{"taxonomy":"product_brand","embeddable":true,"href":"https:\/\/ziolazycia.com\/nowa\/wp-json\/wp\/v2\/product_brand?post=12398"},{"taxonomy":"product_cat","embeddable":true,"href":"https:\/\/ziolazycia.com\/nowa\/wp-json\/wp\/v2\/product_cat?post=12398"},{"taxonomy":"product_tag","embeddable":true,"href":"https:\/\/ziolazycia.com\/nowa\/wp-json\/wp\/v2\/product_tag?post=12398"}],"curies":[{"name":"wp","href":"https:\/\/api.w.org\/{rel}","templated":true}]}}