{"id":12396,"date":"2025-04-25T18:10:42","date_gmt":"2025-04-25T16:10:42","guid":{"rendered":"https:\/\/ziolazycia.com\/nowa\/?post_type=product&#038;p=12396"},"modified":"2025-11-26T15:59:37","modified_gmt":"2025-11-26T14:59:37","slug":"kod-emocji-dr-bradley-nelson-uzdrawianie-emocjonalne-swiadomosc-ciala-i-wewnetrzna-transformacja","status":"publish","type":"product","link":"https:\/\/ziolazycia.com\/nowa\/product\/kod-emocji-dr-bradley-nelson-uzdrawianie-emocjonalne-swiadomosc-ciala-i-wewnetrzna-transformacja\/","title":{"rendered":"Kod emocji \u2013 Dr Bradley Nelson | Uzdrawianie emocjonalne, \u015bwiadomo\u015b\u0107 cia\u0142a i wewn\u0119trzna transformacja"},"content":{"rendered":"<p>\u201eKod emocji. Jak uwolni\u0107 zablokowane emocje i cieszy\u0107 si\u0119 zdrowiem, szcz\u0119\u015bciem oraz mi\u0142o\u015bci\u0105\u201d autorstwa Dr. Bradleya Nelsona to \u015bwiatowy bestseller, kt\u00f3ry odmienia podej\u015bcie do zdrowia i rozwoju osobistego. Autor \u2013 do\u015bwiadczony chiropraktyk i terapeuta energii \u2013 przekazuje czytelnikowi narz\u0119dzia, kt\u00f3re pomagaj\u0105 rozpozna\u0107 i uwolni\u0107 emocjonalne blokady zapisane w ciele.<\/p>\n<p>Opieraj\u0105c si\u0119 na latach pracy klinicznej i holistycznym podej\u015bciu do cz\u0142owieka, dr Nelson dowodzi, \u017ce wiele dolegliwo\u015bci \u2013 zar\u00f3wno fizycznych, jak i psychicznych \u2013 mo\u017ce mie\u0107 \u017ar\u00f3d\u0142o w niewyra\u017conych lub st\u0142umionych emocjach. Dzi\u0119ki jego metodzie mo\u017cliwe staje si\u0119:<\/p>\n<p>usuni\u0119cie tzw. \u201euwi\u0119zionych emocji\u201d,<\/p>\n<p>poprawa zdrowia, samopoczucia i poziomu energii,<\/p>\n<p>zmiana schemat\u00f3w sabotuj\u0105cych szcz\u0119\u015bcie i relacje,<\/p>\n<p>budowanie g\u0142\u0119bszej relacji z w\u0142asnym cia\u0142em i pod\u015bwiadomo\u015bci\u0105.<\/p>\n<p>Ksi\u0105\u017cka zawiera opisy przypadk\u00f3w, instrukcje krok po kroku oraz \u0107wiczenia, kt\u00f3re pomagaj\u0105 uwolni\u0107 emocje bez konieczno\u015bci d\u0142ugiej terapii. To praktyczny poradnik dla ka\u017cdego, kto pragnie \u017cy\u0107 zdrowiej, spokojniej i bardziej \u015bwiadomie.<\/p>\n<p>Dla kogo?<br \/>\nDla os\u00f3b zainteresowanych uzdrawianiem emocjonalnym, psychosomatyk\u0105, medycyn\u0105 energetyczn\u0105, rozwojem osobistym i prac\u0105 z cia\u0142em. R\u00f3wnie\u017c dla terapeut\u00f3w, coach\u00f3w i wszystkich, kt\u00f3rzy pragn\u0105 pomaga\u0107 innym \u2013 i sobie \u2013 w g\u0142\u0119bszy, holistyczny spos\u00f3b.<\/p>\n","protected":false},"excerpt":{"rendered":"<p>Prze\u0142omowa ksi\u0105\u017cka o tym, jak emocje zapisane w ciele mog\u0105 wp\u0142ywa\u0107 na zdrowie fizyczne, psychiczne i relacje. Dr Bradley Nelson pokazuje, jak za pomoc\u0105 prostych technik uwalnia\u0107 wewn\u0119trzne blokady i odzyska\u0107 r\u00f3wnowag\u0119. Idealna lektura dla wszystkich, kt\u00f3rzy szukaj\u0105 g\u0142\u0119bokiego uzdrowienia i pracy z emocjami.<\/p>\n","protected":false},"featured_media":12397,"comment_status":"open","ping_status":"closed","template":"","meta":[],"product_brand":[],"product_cat":[66],"product_tag":[],"class_list":{"0":"post-12396","1":"product","2":"type-product","3":"status-publish","4":"has-post-thumbnail","6":"product_cat-ksiazki","8":"first","9":"instock","10":"taxable","11":"shipping-taxable","12":"purchasable","13":"product-type-simple"},"_links":{"self":[{"href":"https:\/\/ziolazycia.com\/nowa\/wp-json\/wp\/v2\/product\/12396","targetHints":{"allow":["GET"]}}],"collection":[{"href":"https:\/\/ziolazycia.com\/nowa\/wp-json\/wp\/v2\/product"}],"about":[{"href":"https:\/\/ziolazycia.com\/nowa\/wp-json\/wp\/v2\/types\/product"}],"replies":[{"embeddable":true,"href":"https:\/\/ziolazycia.com\/nowa\/wp-json\/wp\/v2\/comments?post=12396"}],"wp:featuredmedia":[{"embeddable":true,"href":"https:\/\/ziolazycia.com\/nowa\/wp-json\/wp\/v2\/media\/12397"}],"wp:attachment":[{"href":"https:\/\/ziolazycia.com\/nowa\/wp-json\/wp\/v2\/media?parent=12396"}],"wp:term":[{"taxonomy":"product_brand","embeddable":true,"href":"https:\/\/ziolazycia.com\/nowa\/wp-json\/wp\/v2\/product_brand?post=12396"},{"taxonomy":"product_cat","embeddable":true,"href":"https:\/\/ziolazycia.com\/nowa\/wp-json\/wp\/v2\/product_cat?post=12396"},{"taxonomy":"product_tag","embeddable":true,"href":"https:\/\/ziolazycia.com\/nowa\/wp-json\/wp\/v2\/product_tag?post=12396"}],"curies":[{"name":"wp","href":"https:\/\/api.w.org\/{rel}","templated":true}]}}