{"id":12394,"date":"2025-04-25T18:09:27","date_gmt":"2025-04-25T16:09:27","guid":{"rendered":"https:\/\/ziolazycia.com\/nowa\/?post_type=product&#038;p=12394"},"modified":"2025-11-26T15:59:37","modified_gmt":"2025-11-26T14:59:37","slug":"atomowe-nawyki-james-clear-jak-wprowadzac-trwale-zmiany-i-budowac-skuteczne-nawyki","status":"publish","type":"product","link":"https:\/\/ziolazycia.com\/nowa\/product\/atomowe-nawyki-james-clear-jak-wprowadzac-trwale-zmiany-i-budowac-skuteczne-nawyki\/","title":{"rendered":"Atomowe nawyki \u2013 James Clear | Jak wprowadza\u0107 trwa\u0142e zmiany i budowa\u0107 skuteczne nawyki"},"content":{"rendered":"<p>\u201eAtomowe nawyki. Drobne zmiany, niezwyk\u0142e efekty\u201d to jedna z najbardziej wp\u0142ywowych ksi\u0105\u017cek o rozwoju osobistym ostatnich lat. James Clear \u2013 ekspert od nawyk\u00f3w i strategii zachowa\u0144 \u2013 prezentuje praktyczny, oparty na badaniach system, kt\u00f3ry pomaga wprowadza\u0107 ma\u0142e, ale konsekwentne zmiany, prowadz\u0105ce do d\u0142ugotrwa\u0142ej transformacji \u017cycia.<\/p>\n<p>Zamiast radykalnych rewolucji, Clear proponuje metod\u0119 ma\u0142ych krok\u00f3w \u2014 \u201eatomowych\u201d nawyk\u00f3w, kt\u00f3re z pozoru s\u0105 nieznacz\u0105ce, ale w d\u0142u\u017cszej perspektywie daj\u0105 ogromne rezultaty.<\/p>\n<p>W ksi\u0105\u017cce dowiesz si\u0119:<\/p>\n<p>jak tworz\u0105 si\u0119 nawyki i jak nimi skutecznie zarz\u0105dza\u0107,<\/p>\n<p>dlaczego systemy s\u0105 wa\u017cniejsze ni\u017c cele,<\/p>\n<p>jak wykorzysta\u0107 si\u0142\u0119 \u015brodowiska, by wspiera\u0107 dobre przyzwyczajenia,<\/p>\n<p>jak prze\u0142amywa\u0107 z\u0142e nawyki i pokonywa\u0107 momenty kryzysowe,<\/p>\n<p>jak niewielkie decyzje prowadz\u0105 do mistrzostwa i sukcesu.<\/p>\n<p>Clear \u0142\u0105czy konkretne strategie, naukow\u0105 wiedz\u0119 i inspiruj\u0105ce historie z \u017cycia w spos\u00f3b przyst\u0119pny i motywuj\u0105cy. \u201eAtomowe nawyki\u201d to ksi\u0105\u017cka, kt\u00f3ra realnie pomaga \u2014 niezale\u017cnie od tego, czy chcesz schudn\u0105\u0107, lepiej pracowa\u0107, napisa\u0107 ksi\u0105\u017ck\u0119, czy po prostu poprawi\u0107 jako\u015b\u0107 \u017cycia.<\/p>\n<p>Dla kogo?<br \/>\nDla os\u00f3b, kt\u00f3re chc\u0105 wprowadza\u0107 pozytywne zmiany w swoim \u017cyciu \u2014 skutecznie, bez frustracji i z trwa\u0142ym efektem. Idealna dla przedsi\u0119biorc\u00f3w, sportowc\u00f3w, nauczycieli, student\u00f3w i ka\u017cdego, kto pracuje nad sob\u0105.<\/p>\n","protected":false},"excerpt":{"rendered":"<p>\u015awiatowy bestseller, kt\u00f3ry pokazuje, jak ma\u0142e decyzje mog\u0105 prowadzi\u0107 do wielkich rezultat\u00f3w. James Clear dzieli si\u0119 sprawdzonym systemem budowania trwa\u0142ych nawyk\u00f3w, eliminowania z\u0142ych przyzwyczaje\u0144 i osi\u0105gania cel\u00f3w bez wysi\u0142kowego heroizmu. Idealna ksi\u0105\u017cka dla tych, kt\u00f3rzy chc\u0105 zmieni\u0107 swoje \u017cycie \u2014 krok po kroku.<\/p>\n","protected":false},"featured_media":12395,"comment_status":"open","ping_status":"closed","template":"","meta":[],"product_brand":[],"product_cat":[66],"product_tag":[],"class_list":{"0":"post-12394","1":"product","2":"type-product","3":"status-publish","4":"has-post-thumbnail","6":"product_cat-ksiazki","8":"first","9":"instock","10":"taxable","11":"shipping-taxable","12":"purchasable","13":"product-type-simple"},"_links":{"self":[{"href":"https:\/\/ziolazycia.com\/nowa\/wp-json\/wp\/v2\/product\/12394","targetHints":{"allow":["GET"]}}],"collection":[{"href":"https:\/\/ziolazycia.com\/nowa\/wp-json\/wp\/v2\/product"}],"about":[{"href":"https:\/\/ziolazycia.com\/nowa\/wp-json\/wp\/v2\/types\/product"}],"replies":[{"embeddable":true,"href":"https:\/\/ziolazycia.com\/nowa\/wp-json\/wp\/v2\/comments?post=12394"}],"wp:featuredmedia":[{"embeddable":true,"href":"https:\/\/ziolazycia.com\/nowa\/wp-json\/wp\/v2\/media\/12395"}],"wp:attachment":[{"href":"https:\/\/ziolazycia.com\/nowa\/wp-json\/wp\/v2\/media?parent=12394"}],"wp:term":[{"taxonomy":"product_brand","embeddable":true,"href":"https:\/\/ziolazycia.com\/nowa\/wp-json\/wp\/v2\/product_brand?post=12394"},{"taxonomy":"product_cat","embeddable":true,"href":"https:\/\/ziolazycia.com\/nowa\/wp-json\/wp\/v2\/product_cat?post=12394"},{"taxonomy":"product_tag","embeddable":true,"href":"https:\/\/ziolazycia.com\/nowa\/wp-json\/wp\/v2\/product_tag?post=12394"}],"curies":[{"name":"wp","href":"https:\/\/api.w.org\/{rel}","templated":true}]}}