{"id":12392,"date":"2025-04-25T18:07:23","date_gmt":"2025-04-25T16:07:23","guid":{"rendered":"https:\/\/ziolazycia.com\/nowa\/?post_type=product&#038;p=12392"},"modified":"2025-11-26T15:59:37","modified_gmt":"2025-11-26T14:59:37","slug":"odwaga-bycia-szczesliwym-kishimi-ichiro-fumitake-koga-psychologia-adlera-i-swiadome-zycie-w-zgodzie-ze-soba","status":"publish","type":"product","link":"https:\/\/ziolazycia.com\/nowa\/product\/odwaga-bycia-szczesliwym-kishimi-ichiro-fumitake-koga-psychologia-adlera-i-swiadome-zycie-w-zgodzie-ze-soba\/","title":{"rendered":"Odwaga bycia szcz\u0119\u015bliwym \u2013 Kishimi Ichiro, Fumitake Koga | Psychologia Adlera i \u015bwiadome \u017cycie w zgodzie ze sob\u0105"},"content":{"rendered":"<p>\u201eOdwaga bycia szcz\u0119\u015bliwym. Japo\u0144ski fenomen, kt\u00f3ry pokazuje, jak kroczy\u0107 drog\u0105 szcz\u0119\u015bcia\u201d to druga cz\u0119\u015b\u0107 inspiruj\u0105cego dialogu mi\u0119dzy m\u0142odym poszukiwaczem a m\u0119drcem, autorstwa Kishimiego Ichiro i Fumitake Kogi. Ksi\u0105\u017cka rozwija my\u015bl zawart\u0105 w bestsellerze \u201eOdwaga bycia nielubianym\u201d, pog\u0142\u0119biaj\u0105c przes\u0142anie psychologii Alfreda Adlera \u2013 jednego z ojc\u00f3w psychoterapii.<\/p>\n<p>Autorzy zapraszaj\u0105 czytelnika w filozoficzn\u0105, ale praktyczn\u0105 podr\u00f3\u017c, w kt\u00f3rej stawk\u0105 jest prawdziwe, dojrza\u0142e szcz\u0119\u015bcie \u2013 oparte nie na uznaniu innych, ale na odwadze \u017cycia w zgodzie z w\u0142asnym sumieniem i poczuciem sensu.<\/p>\n<p>W ksi\u0105\u017cce dowiesz si\u0119 m.in.:<\/p>\n<p>czym r\u00f3\u017cni si\u0119 \u201e\u017cycie dla siebie\u201d od egoizmu,<\/p>\n<p>dlaczego wolno\u015b\u0107 i odpowiedzialno\u015b\u0107 zawsze id\u0105 w parze,<\/p>\n<p>jak wybaczy\u0107 sobie i innym, by zacz\u0105\u0107 \u017cy\u0107 naprawd\u0119,<\/p>\n<p>w jaki spos\u00f3b budowa\u0107 relacje oparte na r\u00f3wno\u015bci i wsp\u00f3\u0142pracy,<\/p>\n<p>dlaczego szcz\u0119\u015bcie to decyzja, a nie nagroda z zewn\u0105trz.<\/p>\n<p>Ksi\u0105\u017cka utrzymana jest w formie dialogu, co czyni j\u0105 lekk\u0105, przyst\u0119pn\u0105 i jednocze\u015bnie g\u0142\u0119boko poruszaj\u0105c\u0105. To nie tylko pozycja rozwojowa \u2013 to duchowy przewodnik, kt\u00f3ry pomaga odkry\u0107, co tak naprawd\u0119 znaczy by\u0107 sob\u0105 i by\u0107 szcz\u0119\u015bliwym.<\/p>\n<p>Dla kogo?<br \/>\nDla os\u00f3b w procesie zmiany, poszukuj\u0105cych sensu, wolno\u015bci i g\u0142\u0119bszego zrozumienia siebie. Idealna dla tych, kt\u00f3rzy chc\u0105 \u017cy\u0107 \u015bwiadomie, pokocha\u0107 siebie i budowa\u0107 autentyczne relacje.<\/p>\n","protected":false},"excerpt":{"rendered":"<p>Kontynuacja bestsellera \u201eOdwaga bycia nielubianym\u201d \u2013 inspiruj\u0105ca rozmowa o wolno\u015bci, mi\u0142o\u015bci i szcz\u0119\u015bciu w \u015bwietle psychologii Alfreda Adlera. Filozof i m\u0142odzieniec powracaj\u0105, by wsp\u00f3lnie odkrywa\u0107, \u017ce szcz\u0119\u015bcie to wyb\u00f3r, kt\u00f3ry wymaga odwagi, dzia\u0142ania i autentyczno\u015bci.<\/p>\n","protected":false},"featured_media":12393,"comment_status":"open","ping_status":"closed","template":"","meta":[],"product_brand":[],"product_cat":[66],"product_tag":[],"class_list":{"0":"post-12392","1":"product","2":"type-product","3":"status-publish","4":"has-post-thumbnail","6":"product_cat-ksiazki","8":"first","9":"instock","10":"taxable","11":"shipping-taxable","12":"purchasable","13":"product-type-simple"},"_links":{"self":[{"href":"https:\/\/ziolazycia.com\/nowa\/wp-json\/wp\/v2\/product\/12392","targetHints":{"allow":["GET"]}}],"collection":[{"href":"https:\/\/ziolazycia.com\/nowa\/wp-json\/wp\/v2\/product"}],"about":[{"href":"https:\/\/ziolazycia.com\/nowa\/wp-json\/wp\/v2\/types\/product"}],"replies":[{"embeddable":true,"href":"https:\/\/ziolazycia.com\/nowa\/wp-json\/wp\/v2\/comments?post=12392"}],"wp:featuredmedia":[{"embeddable":true,"href":"https:\/\/ziolazycia.com\/nowa\/wp-json\/wp\/v2\/media\/12393"}],"wp:attachment":[{"href":"https:\/\/ziolazycia.com\/nowa\/wp-json\/wp\/v2\/media?parent=12392"}],"wp:term":[{"taxonomy":"product_brand","embeddable":true,"href":"https:\/\/ziolazycia.com\/nowa\/wp-json\/wp\/v2\/product_brand?post=12392"},{"taxonomy":"product_cat","embeddable":true,"href":"https:\/\/ziolazycia.com\/nowa\/wp-json\/wp\/v2\/product_cat?post=12392"},{"taxonomy":"product_tag","embeddable":true,"href":"https:\/\/ziolazycia.com\/nowa\/wp-json\/wp\/v2\/product_tag?post=12392"}],"curies":[{"name":"wp","href":"https:\/\/api.w.org\/{rel}","templated":true}]}}