{"id":12385,"date":"2025-04-25T18:02:09","date_gmt":"2025-04-25T16:02:09","guid":{"rendered":"https:\/\/ziolazycia.com\/nowa\/?post_type=product&#038;p=12385"},"modified":"2025-11-26T15:59:36","modified_gmt":"2025-11-26T14:59:36","slug":"odwaga-bycia-nielubianym-kishimi-ichiro-fumitake-koga-japonska-psychologia-wolnosci-i-samorealizacji","status":"publish","type":"product","link":"https:\/\/ziolazycia.com\/nowa\/product\/odwaga-bycia-nielubianym-kishimi-ichiro-fumitake-koga-japonska-psychologia-wolnosci-i-samorealizacji\/","title":{"rendered":"Odwaga bycia nielubianym \u2013 Kishimi Ichiro, Fumitake Koga | Japo\u0144ska psychologia wolno\u015bci i samorealizacji"},"content":{"rendered":"<p>\u201eOdwaga bycia nielubianym\u201d to poruszaj\u0105ca i niezwykle klarowna ksi\u0105\u017cka, kt\u00f3ra od lat inspiruje miliony czytelnik\u00f3w na ca\u0142ym \u015bwiecie. Autorzy \u2013 filozof Ichiro Kishimi i pisarz Fumitake Koga \u2013 przedstawiaj\u0105 uniwersalne prawdy psychologii Alfreda Adlera w formie prostego, ale g\u0142\u0119bokiego dialogu mi\u0119dzy m\u0142odzie\u0144cem a m\u0119drcem.<\/p>\n<p>W centrum przes\u0142ania ksi\u0105\u017cki le\u017cy wolno\u015b\u0107 psychiczna, kt\u00f3ra rodzi si\u0119, gdy przestajesz \u017cy\u0107 wed\u0142ug oczekiwa\u0144 innych i zaczynasz podejmowa\u0107 decyzje w zgodzie z w\u0142asnymi warto\u015bciami \u2013 nawet je\u015bli oznacza to, \u017ce nie wszystkim si\u0119 to spodoba.<\/p>\n<p>Dowiesz si\u0119 m.in.:<\/p>\n<p>jak przesta\u0107 obwinia\u0107 przesz\u0142o\u015b\u0107 za swoje obecne \u017cycie,<\/p>\n<p>dlaczego akceptacja tego, \u017ce nie ka\u017cdy Ci\u0119 polubi, jest wyzwalaj\u0105ca,<\/p>\n<p>czym r\u00f3\u017cni si\u0119 \u017cycie skoncentrowane na zadaniu od \u017cycia uzale\u017cnionego od aprobaty,<\/p>\n<p>jak odnale\u017a\u0107 poczucie sensu i sprawczo\u015bci,<\/p>\n<p>dlaczego prawdziwa wolno\u015b\u0107 zaczyna si\u0119 wewn\u0105trz \u2013 nie w zmianie okoliczno\u015bci.<\/p>\n<p>\u201eOdwaga bycia nielubianym\u201d to po\u0142\u0105czenie filozofii, psychologii i \u017cyciowej praktyki. Ksi\u0105\u017cka inspiruje do g\u0142\u0119bokiej przemiany \u2013 bez manipulacji, presji i potrzeby spe\u0142niania cudzych oczekiwa\u0144. Pomaga zbudowa\u0107 dojrza\u0142e poczucie w\u0142asnej warto\u015bci oraz nauczy\u0107 si\u0119 \u017cycia w zgodzie z sob\u0105.<\/p>\n<p>Dla kogo?<br \/>\nDla wszystkich, kt\u00f3rzy szukaj\u0105 wolno\u015bci wewn\u0119trznej, pragn\u0105 zerwa\u0107 z toksycznymi schematami i chc\u0105 zrozumie\u0107, \u017ce najwi\u0119ksz\u0105 odwag\u0105 jest bycie sob\u0105 \u2013 nawet je\u015bli to nie wszystkim si\u0119 podoba.<\/p>\n","protected":false},"excerpt":{"rendered":"<p>Mi\u0119dzynarodowy bestseller, kt\u00f3ry zrewolucjonizowa\u0142 my\u015blenie o szcz\u0119\u015bciu i relacjach. Oparty na psychologii Alfreda Adlera, ten niezwyk\u0142y dialog filozofa i m\u0142odzie\u0144ca pomaga zerwa\u0107 z przesz\u0142o\u015bci\u0105, przej\u0105\u0107 odpowiedzialno\u015b\u0107 za w\u0142asne \u017cycie i zrozumie\u0107, \u017ce nie musisz by\u0107 lubiany, by by\u0107 szcz\u0119\u015bliwy.<\/p>\n","protected":false},"featured_media":12386,"comment_status":"open","ping_status":"closed","template":"","meta":[],"product_brand":[],"product_cat":[66],"product_tag":[],"class_list":{"0":"post-12385","1":"product","2":"type-product","3":"status-publish","4":"has-post-thumbnail","6":"product_cat-ksiazki","8":"first","9":"instock","10":"taxable","11":"shipping-taxable","12":"purchasable","13":"product-type-simple"},"_links":{"self":[{"href":"https:\/\/ziolazycia.com\/nowa\/wp-json\/wp\/v2\/product\/12385","targetHints":{"allow":["GET"]}}],"collection":[{"href":"https:\/\/ziolazycia.com\/nowa\/wp-json\/wp\/v2\/product"}],"about":[{"href":"https:\/\/ziolazycia.com\/nowa\/wp-json\/wp\/v2\/types\/product"}],"replies":[{"embeddable":true,"href":"https:\/\/ziolazycia.com\/nowa\/wp-json\/wp\/v2\/comments?post=12385"}],"wp:featuredmedia":[{"embeddable":true,"href":"https:\/\/ziolazycia.com\/nowa\/wp-json\/wp\/v2\/media\/12386"}],"wp:attachment":[{"href":"https:\/\/ziolazycia.com\/nowa\/wp-json\/wp\/v2\/media?parent=12385"}],"wp:term":[{"taxonomy":"product_brand","embeddable":true,"href":"https:\/\/ziolazycia.com\/nowa\/wp-json\/wp\/v2\/product_brand?post=12385"},{"taxonomy":"product_cat","embeddable":true,"href":"https:\/\/ziolazycia.com\/nowa\/wp-json\/wp\/v2\/product_cat?post=12385"},{"taxonomy":"product_tag","embeddable":true,"href":"https:\/\/ziolazycia.com\/nowa\/wp-json\/wp\/v2\/product_tag?post=12385"}],"curies":[{"name":"wp","href":"https:\/\/api.w.org\/{rel}","templated":true}]}}