{"id":12381,"date":"2025-04-25T17:59:14","date_gmt":"2025-04-25T15:59:14","guid":{"rendered":"https:\/\/ziolazycia.com\/nowa\/?post_type=product&#038;p=12381"},"modified":"2025-11-26T15:59:35","modified_gmt":"2025-11-26T14:59:35","slug":"trzy-filary-zen-philip-kapleau-klasyka-buddyzmu-zen-i-praktyki-medytacyjnej","status":"publish","type":"product","link":"https:\/\/ziolazycia.com\/nowa\/product\/trzy-filary-zen-philip-kapleau-klasyka-buddyzmu-zen-i-praktyki-medytacyjnej\/","title":{"rendered":"Trzy filary zen \u2013 Philip Kapleau | Klasyka buddyzmu zen i praktyki medytacyjnej"},"content":{"rendered":"<p>\u201eTrzy filary zen\u201d autorstwa Philipa Kapleau to klasyczne i prze\u0142omowe dzie\u0142o, kt\u00f3re po raz pierwszy w tak przyst\u0119pny spos\u00f3b przybli\u017cy\u0142o praktyk\u0119 buddyzmu zen zachodniemu czytelnikowi. Ksi\u0105\u017cka \u0142\u0105czy g\u0142\u0119bokie nauki duchowe, \u015bwiadectwa do\u015bwiadcze\u0144 uczni\u00f3w oraz konkretne instrukcje medytacyjne, dzi\u0119ki czemu stanowi kompletny przewodnik po \u015bcie\u017cce zen \u2013 zar\u00f3wno dla pocz\u0105tkuj\u0105cych, jak i zaawansowanych adept\u00f3w duchowo\u015bci.<\/p>\n<p>Tytu\u0142owe trzy filary to:<\/p>\n<p>Nauczanie (doktryna) \u2013 esencja filozofii zen, wyja\u015bnienie podstawowych poj\u0119\u0107 i celu praktyki.<\/p>\n<p>Praktyka (zazen) \u2013 szczeg\u00f3\u0142owy opis medytacji siedz\u0105cej, koncentracji, oddychania i pracy z umys\u0142em.<\/p>\n<p>Przebudzenie (satori) \u2013 relacje z rzeczywistego do\u015bwiadczenia duchowego prze\u0142omu i integracji go z codziennym \u017cyciem.<\/p>\n<p>W ksi\u0105\u017cce znajdziesz r\u00f3wnie\u017c:<\/p>\n<p>instrukcje prowadzenia sesshin (intensywnego odosobnienia medytacyjnego),<\/p>\n<p>pytania i odpowiedzi z mistrzami zen,<\/p>\n<p>wgl\u0105dy w duchow\u0105 dyscyplin\u0119 i codzienn\u0105 praktyk\u0119 uwa\u017cno\u015bci,<\/p>\n<p>g\u0142\u0119bok\u0105 refleksj\u0119 nad cierpieniem, iluzj\u0105 i prawdziw\u0105 natur\u0105 rzeczywisto\u015bci.<\/p>\n<p>\u201eTrzy filary zen\u201d to nie tylko ksi\u0105\u017cka \u2013 to praktyczna mapa rozwoju \u015bwiadomo\u015bci, kt\u00f3ra pomaga przekroczy\u0107 ograniczenia ego i odnale\u017a\u0107 g\u0142\u0119boki spok\u00f3j wewn\u0119trzny.<\/p>\n<p>Dla kogo?<br \/>\nDla os\u00f3b zainteresowanych medytacj\u0105, duchowo\u015bci\u0105 Wschodu, buddyzmem zen oraz tych, kt\u00f3rzy pragn\u0105 do\u015bwiadczy\u0107 ciszy, skupienia i wewn\u0119trznego przebudzenia.<\/p>\n","protected":false},"excerpt":{"rendered":"<p>Jedna z najwa\u017cniejszych ksi\u0105\u017cek o buddyzmie zen, kt\u00f3ra wprowadzi\u0142a zachodni \u015bwiat w praktyk\u0119 zazen i duchowego przebudzenia. Philip Kapleau \u0142\u0105czy w niej nauki mistrz\u00f3w zen, osobiste relacje uczni\u00f3w oraz wskaz\u00f3wki do praktyki medytacyjnej. Lektura obowi\u0105zkowa dla poszukuj\u0105cych wewn\u0119trznego spokoju, uwa\u017cno\u015bci i prawdziwej duchowo\u015bci.<\/p>\n","protected":false},"featured_media":12382,"comment_status":"open","ping_status":"closed","template":"","meta":[],"product_brand":[],"product_cat":[66],"product_tag":[],"class_list":{"0":"post-12381","1":"product","2":"type-product","3":"status-publish","4":"has-post-thumbnail","6":"product_cat-ksiazki","8":"first","9":"instock","10":"taxable","11":"shipping-taxable","12":"purchasable","13":"product-type-simple"},"_links":{"self":[{"href":"https:\/\/ziolazycia.com\/nowa\/wp-json\/wp\/v2\/product\/12381","targetHints":{"allow":["GET"]}}],"collection":[{"href":"https:\/\/ziolazycia.com\/nowa\/wp-json\/wp\/v2\/product"}],"about":[{"href":"https:\/\/ziolazycia.com\/nowa\/wp-json\/wp\/v2\/types\/product"}],"replies":[{"embeddable":true,"href":"https:\/\/ziolazycia.com\/nowa\/wp-json\/wp\/v2\/comments?post=12381"}],"wp:featuredmedia":[{"embeddable":true,"href":"https:\/\/ziolazycia.com\/nowa\/wp-json\/wp\/v2\/media\/12382"}],"wp:attachment":[{"href":"https:\/\/ziolazycia.com\/nowa\/wp-json\/wp\/v2\/media?parent=12381"}],"wp:term":[{"taxonomy":"product_brand","embeddable":true,"href":"https:\/\/ziolazycia.com\/nowa\/wp-json\/wp\/v2\/product_brand?post=12381"},{"taxonomy":"product_cat","embeddable":true,"href":"https:\/\/ziolazycia.com\/nowa\/wp-json\/wp\/v2\/product_cat?post=12381"},{"taxonomy":"product_tag","embeddable":true,"href":"https:\/\/ziolazycia.com\/nowa\/wp-json\/wp\/v2\/product_tag?post=12381"}],"curies":[{"name":"wp","href":"https:\/\/api.w.org\/{rel}","templated":true}]}}