{"id":12379,"date":"2025-04-25T17:57:31","date_gmt":"2025-04-25T15:57:31","guid":{"rendered":"https:\/\/ziolazycia.com\/nowa\/?post_type=product&#038;p=12379"},"modified":"2025-11-26T15:59:35","modified_gmt":"2025-11-26T14:59:35","slug":"potega-terazniejszosci-eckhart-tolle-przewodnik-duchowy-po-zyciu-tu-i-teraz","status":"publish","type":"product","link":"https:\/\/ziolazycia.com\/nowa\/product\/potega-terazniejszosci-eckhart-tolle-przewodnik-duchowy-po-zyciu-tu-i-teraz\/","title":{"rendered":"Pot\u0119ga tera\u017aniejszo\u015bci \u2013 Eckhart Tolle | Przewodnik duchowy po \u017cyciu tu i teraz"},"content":{"rendered":"<p>\u201ePot\u0119ga tera\u017aniejszo\u015bci\u201d to \u015bwiatowy bestseller Eckharta Tolle, kt\u00f3ry na sta\u0142e zapisa\u0142 si\u0119 w kanonie najwa\u017cniejszych ksi\u0105\u017cek rozwoju duchowego. To nie tylko lektura \u2013 to do\u015bwiadczenie. Ksi\u0105\u017cka prowadzi czytelnika ku transformuj\u0105cemu zrozumieniu, \u017ce wszystko, czego szukamy \u2013 spok\u00f3j, rado\u015b\u0107, spe\u0142nienie \u2013 znajduje si\u0119 w chwili obecnej, nie w przesz\u0142o\u015bci ani przysz\u0142o\u015bci.<\/p>\n<p>Eckhart Tolle w prosty i przyst\u0119pny spos\u00f3b opisuje, jak uwolni\u0107 si\u0119 od tyranii my\u015bli, l\u0119ku i wewn\u0119trznego chaosu, kt\u00f3re wynikaj\u0105 z uto\u017csamiania si\u0119 z umys\u0142em. Uczy, jak by\u0107 \u015bwiadkiem swoich emocji, zaakceptowa\u0107 to, co jest, i otworzy\u0107 si\u0119 na \u017cycie takim, jakie si\u0119 przejawia \u2013 bez oporu.<\/p>\n<p>W ksi\u0105\u017cce dowiesz si\u0119 m.in.:<\/p>\n<p>czym jest ego i jak wp\u0142ywa na Twoje cierpienie,<\/p>\n<p>jak rozpozna\u0107 wewn\u0119trznego obserwatora i przebudzi\u0107 si\u0119 do obecno\u015bci,<\/p>\n<p>dlaczego czas psychologiczny oddziela nas od \u017cycia,<\/p>\n<p>jak poprzez uwa\u017cno\u015b\u0107 odnale\u017a\u0107 g\u0142\u0119bszy sens istnienia,<\/p>\n<p>co znaczy prawdziwa duchowa wolno\u015b\u0107.<\/p>\n<p>\u201ePot\u0119ga tera\u017aniejszo\u015bci\u201d to praktyczny przewodnik dla ka\u017cdego, kto pragnie \u015bwiadomego \u017cycia, g\u0142\u0119bszego kontaktu ze sob\u0105 i duchowego przebudzenia.<\/p>\n<p>Dla kogo?<br \/>\nDla wszystkich poszukuj\u0105cych spokoju, harmonii i duchowego wgl\u0105du. Idealna dla os\u00f3b na \u015bcie\u017cce rozwoju wewn\u0119trznego, praktykuj\u0105cych medytacj\u0119, uwa\u017cno\u015b\u0107 i pracuj\u0105cych z emocjami.<\/p>\n","protected":false},"excerpt":{"rendered":"<p>Ponadczasowa ksi\u0105\u017cka, kt\u00f3ra zmieni\u0142a miliony \u017cy\u0107. Eckhart Tolle uczy, jak wyj\u015b\u0107 z pu\u0142apki umys\u0142u i odnale\u017a\u0107 g\u0142\u0119boki spok\u00f3j poprzez pe\u0142ne do\u015bwiadczanie chwili obecnej. Duchowy przewodnik dla ka\u017cdego, kto pragnie wolno\u015bci, sensu i \u017cycia w zgodzie z \u201etu i teraz\u201d.<\/p>\n","protected":false},"featured_media":12380,"comment_status":"open","ping_status":"closed","template":"","meta":[],"product_brand":[],"product_cat":[66],"product_tag":[],"class_list":{"0":"post-12379","1":"product","2":"type-product","3":"status-publish","4":"has-post-thumbnail","6":"product_cat-ksiazki","8":"first","9":"instock","10":"taxable","11":"shipping-taxable","12":"purchasable","13":"product-type-simple"},"_links":{"self":[{"href":"https:\/\/ziolazycia.com\/nowa\/wp-json\/wp\/v2\/product\/12379","targetHints":{"allow":["GET"]}}],"collection":[{"href":"https:\/\/ziolazycia.com\/nowa\/wp-json\/wp\/v2\/product"}],"about":[{"href":"https:\/\/ziolazycia.com\/nowa\/wp-json\/wp\/v2\/types\/product"}],"replies":[{"embeddable":true,"href":"https:\/\/ziolazycia.com\/nowa\/wp-json\/wp\/v2\/comments?post=12379"}],"wp:featuredmedia":[{"embeddable":true,"href":"https:\/\/ziolazycia.com\/nowa\/wp-json\/wp\/v2\/media\/12380"}],"wp:attachment":[{"href":"https:\/\/ziolazycia.com\/nowa\/wp-json\/wp\/v2\/media?parent=12379"}],"wp:term":[{"taxonomy":"product_brand","embeddable":true,"href":"https:\/\/ziolazycia.com\/nowa\/wp-json\/wp\/v2\/product_brand?post=12379"},{"taxonomy":"product_cat","embeddable":true,"href":"https:\/\/ziolazycia.com\/nowa\/wp-json\/wp\/v2\/product_cat?post=12379"},{"taxonomy":"product_tag","embeddable":true,"href":"https:\/\/ziolazycia.com\/nowa\/wp-json\/wp\/v2\/product_tag?post=12379"}],"curies":[{"name":"wp","href":"https:\/\/api.w.org\/{rel}","templated":true}]}}