{"id":12377,"date":"2025-04-25T17:56:05","date_gmt":"2025-04-25T15:56:05","guid":{"rendered":"https:\/\/ziolazycia.com\/nowa\/?post_type=product&#038;p=12377"},"modified":"2025-11-26T15:59:35","modified_gmt":"2025-11-26T14:59:35","slug":"sciezka-milosci-don-miguel-ruiz-przewodnik-po-budowaniu-swiadomych-i-harmonijnych-relacji","status":"publish","type":"product","link":"https:\/\/ziolazycia.com\/nowa\/product\/sciezka-milosci-don-miguel-ruiz-przewodnik-po-budowaniu-swiadomych-i-harmonijnych-relacji\/","title":{"rendered":"\u015acie\u017cka mi\u0142o\u015bci \u2013 Don Miguel Ruiz | Przewodnik po budowaniu \u015bwiadomych i harmonijnych relacji"},"content":{"rendered":"<p>\u201e\u015acie\u017cka mi\u0142o\u015bci. Praktyczny przewodnik po sztuce budowania zwi\u0105zk\u00f3w\u201d to wyj\u0105tkowa ksi\u0105\u017cka Don Miguela Ruiza, kt\u00f3ra prowadzi przez najwa\u017cniejsze wyzwania i prawdy zwi\u0105zane z mi\u0142o\u015bci\u0105 i relacjami mi\u0119dzyludzkimi. Autor opiera si\u0119 na m\u0105dro\u015bci Toltek\u00f3w i duchowej psychologii, by ukaza\u0107, \u017ce mi\u0142o\u015b\u0107 nie powinna by\u0107 walk\u0105 o kontrol\u0119, lecz \u015bwiadomym wyborem opartym na wolno\u015bci, szacunku i prawdzie.<\/p>\n<p>Ruiz zaprasza do spojrzenia na zwi\u0105zki nie przez pryzmat romantycznych mit\u00f3w, lecz jako drog\u0119 do g\u0142\u0119bokiego samopoznania. Pokazuje, \u017ce prawdziwa mi\u0142o\u015b\u0107 zaczyna si\u0119 od relacji z samym sob\u0105 \u2013 dopiero wtedy mo\u017cna dzieli\u0107 j\u0105 z drugim cz\u0142owiekiem w spos\u00f3b dojrza\u0142y i wolny od cierpienia.<\/p>\n<p>W ksi\u0105\u017cce znajdziesz:<\/p>\n<p>konkretne wskaz\u00f3wki, jak uzdrowi\u0107 relacje z partnerem, rodzin\u0105 i sob\u0105 samym,<\/p>\n<p>wyja\u015bnienie, dlaczego oczekiwania rani\u0105, a akceptacja uzdrawia,<\/p>\n<p>refleksje nad wolno\u015bci\u0105 emocjonaln\u0105, l\u0119kiem przed odrzuceniem i potrzeb\u0105 kontroli,<\/p>\n<p>narz\u0119dzia do budowania zwi\u0105zk\u00f3w pe\u0142nych szacunku, mi\u0142o\u015bci i autentyczno\u015bci.<\/p>\n<p>Dla kogo?<br \/>\nDla ka\u017cdego, kto pragnie zbudowa\u0107 zdrow\u0105 relacj\u0119 \u2013 z partnerem, bliskimi i przede wszystkim z sob\u0105. Idealna dla os\u00f3b w procesie rozwoju osobistego, terapii, a tak\u017ce dla tych, kt\u00f3rzy chc\u0105 zrozumie\u0107 natur\u0119 mi\u0142o\u015bci na g\u0142\u0119bszym, duchowym poziomie.<\/p>\n","protected":false},"excerpt":{"rendered":"<p>Poruszaj\u0105cy i praktyczny poradnik, w kt\u00f3rym Don Miguel Ruiz \u2013 autor \u201eCzterech um\u00f3w\u201d \u2013 pokazuje, jak uzdrawia\u0107 relacje i budowa\u0107 mi\u0142o\u015b\u0107 opart\u0105 na wolno\u015bci, akceptacji i prawdzie. Idealna ksi\u0105\u017cka dla ka\u017cdego, kto chce zrozumie\u0107 siebie i innych w g\u0142\u0119bszy, duchowy spos\u00f3b.<\/p>\n","protected":false},"featured_media":12378,"comment_status":"open","ping_status":"closed","template":"","meta":[],"product_brand":[],"product_cat":[66],"product_tag":[],"class_list":{"0":"post-12377","1":"product","2":"type-product","3":"status-publish","4":"has-post-thumbnail","6":"product_cat-ksiazki","8":"first","9":"instock","10":"taxable","11":"shipping-taxable","12":"purchasable","13":"product-type-simple"},"_links":{"self":[{"href":"https:\/\/ziolazycia.com\/nowa\/wp-json\/wp\/v2\/product\/12377","targetHints":{"allow":["GET"]}}],"collection":[{"href":"https:\/\/ziolazycia.com\/nowa\/wp-json\/wp\/v2\/product"}],"about":[{"href":"https:\/\/ziolazycia.com\/nowa\/wp-json\/wp\/v2\/types\/product"}],"replies":[{"embeddable":true,"href":"https:\/\/ziolazycia.com\/nowa\/wp-json\/wp\/v2\/comments?post=12377"}],"wp:featuredmedia":[{"embeddable":true,"href":"https:\/\/ziolazycia.com\/nowa\/wp-json\/wp\/v2\/media\/12378"}],"wp:attachment":[{"href":"https:\/\/ziolazycia.com\/nowa\/wp-json\/wp\/v2\/media?parent=12377"}],"wp:term":[{"taxonomy":"product_brand","embeddable":true,"href":"https:\/\/ziolazycia.com\/nowa\/wp-json\/wp\/v2\/product_brand?post=12377"},{"taxonomy":"product_cat","embeddable":true,"href":"https:\/\/ziolazycia.com\/nowa\/wp-json\/wp\/v2\/product_cat?post=12377"},{"taxonomy":"product_tag","embeddable":true,"href":"https:\/\/ziolazycia.com\/nowa\/wp-json\/wp\/v2\/product_tag?post=12377"}],"curies":[{"name":"wp","href":"https:\/\/api.w.org\/{rel}","templated":true}]}}