{"id":12375,"date":"2025-04-25T17:54:51","date_gmt":"2025-04-25T15:54:51","guid":{"rendered":"https:\/\/ziolazycia.com\/nowa\/?post_type=product&#038;p=12375"},"modified":"2025-11-26T15:59:35","modified_gmt":"2025-11-26T14:59:35","slug":"cztery-umowy-don-miguel-ruiz-toltecka-madrosc-wewnetrzna-wolnosc-i-duchowa-transformacja","status":"publish","type":"product","link":"https:\/\/ziolazycia.com\/nowa\/product\/cztery-umowy-don-miguel-ruiz-toltecka-madrosc-wewnetrzna-wolnosc-i-duchowa-transformacja\/","title":{"rendered":"Cztery umowy \u2013 Don Miguel Ruiz | Toltecka m\u0105dro\u015b\u0107, wewn\u0119trzna wolno\u015b\u0107 i duchowa transformacja"},"content":{"rendered":"<p>\u201eCztery umowy. Droga do wolno\u015bci osobistej\u201d autorstwa Don Miguela Ruiza to duchowy klasyk, kt\u00f3ry na nowo definiuje poj\u0119cie wolno\u015bci, szcz\u0119\u015bcia i osobistej odpowiedzialno\u015bci. Ksi\u0105\u017cka oparta na staro\u017cytnej m\u0105dro\u015bci Toltek\u00f3w pokazuje, jak uwolni\u0107 si\u0119 od wewn\u0119trznych ogranicze\u0144, destrukcyjnych przekona\u0144 i iluzji, kt\u00f3re trzymaj\u0105 nas w emocjonalnym wi\u0119zieniu.<\/p>\n<p>Don Miguel Ruiz w prosty, a zarazem g\u0142\u0119boki spos\u00f3b przedstawia cztery \u017cyciowe umowy, kt\u00f3re \u2013 je\u015bli zostan\u0105 w pe\u0142ni przyj\u0119te \u2013 mog\u0105 ca\u0142kowicie odmieni\u0107 spos\u00f3b, w jaki postrzegasz siebie, innych i \u015bwiat.<\/p>\n<p>Cztery umowy to:<\/p>\n<p>B\u0105d\u017a nieskazitelny w s\u0142owie.<\/p>\n<p>Nie bierz niczego do siebie.<\/p>\n<p>Nie zak\u0142adaj nic z g\u00f3ry.<\/p>\n<p>R\u00f3b wszystko najlepiej, jak potrafisz.<\/p>\n<p>Ka\u017cda z tych zasad pomaga zburzy\u0107 stare schematy, uzdrowi\u0107 relacje i rozwin\u0105\u0107 \u015bwiadomo\u015b\u0107, prowadz\u0105c do prawdziwej wolno\u015bci osobistej i duchowej harmonii.<\/p>\n<p>Dla kogo?<br \/>\nDla ka\u017cdego, kto szuka prostych, ale skutecznych wskaz\u00f3wek, jak \u017cy\u0107 \u015bwiadomie i autentycznie. Idealna dla os\u00f3b na \u015bcie\u017cce duchowego rozwoju, psychoterapeut\u00f3w, coach\u00f3w oraz tych, kt\u00f3rzy pragn\u0105 g\u0142\u0119bokiej zmiany wewn\u0119trznej.<\/p>\n","protected":false},"excerpt":{"rendered":"<p>Klasyczna ksi\u0105\u017cka duchowego rozwoju, kt\u00f3ra odmieni\u0142a \u017cycie milion\u00f3w ludzi na ca\u0142ym \u015bwiecie. Don Miguel Ruiz dzieli si\u0119 staro\u017cytn\u0105 m\u0105dro\u015bci\u0105 Toltek\u00f3w, oferuj\u0105c cztery proste, lecz pot\u0119\u017cne zasady, kt\u00f3re prowadz\u0105 do wolno\u015bci, spokoju i prawdy o sobie. Lektura obowi\u0105zkowa na \u015bcie\u017cce \u015bwiadomego \u017cycia.<\/p>\n","protected":false},"featured_media":12376,"comment_status":"open","ping_status":"closed","template":"","meta":[],"product_brand":[],"product_cat":[66],"product_tag":[],"class_list":{"0":"post-12375","1":"product","2":"type-product","3":"status-publish","4":"has-post-thumbnail","6":"product_cat-ksiazki","8":"first","9":"instock","10":"taxable","11":"shipping-taxable","12":"purchasable","13":"product-type-simple"},"_links":{"self":[{"href":"https:\/\/ziolazycia.com\/nowa\/wp-json\/wp\/v2\/product\/12375","targetHints":{"allow":["GET"]}}],"collection":[{"href":"https:\/\/ziolazycia.com\/nowa\/wp-json\/wp\/v2\/product"}],"about":[{"href":"https:\/\/ziolazycia.com\/nowa\/wp-json\/wp\/v2\/types\/product"}],"replies":[{"embeddable":true,"href":"https:\/\/ziolazycia.com\/nowa\/wp-json\/wp\/v2\/comments?post=12375"}],"wp:featuredmedia":[{"embeddable":true,"href":"https:\/\/ziolazycia.com\/nowa\/wp-json\/wp\/v2\/media\/12376"}],"wp:attachment":[{"href":"https:\/\/ziolazycia.com\/nowa\/wp-json\/wp\/v2\/media?parent=12375"}],"wp:term":[{"taxonomy":"product_brand","embeddable":true,"href":"https:\/\/ziolazycia.com\/nowa\/wp-json\/wp\/v2\/product_brand?post=12375"},{"taxonomy":"product_cat","embeddable":true,"href":"https:\/\/ziolazycia.com\/nowa\/wp-json\/wp\/v2\/product_cat?post=12375"},{"taxonomy":"product_tag","embeddable":true,"href":"https:\/\/ziolazycia.com\/nowa\/wp-json\/wp\/v2\/product_tag?post=12375"}],"curies":[{"name":"wp","href":"https:\/\/api.w.org\/{rel}","templated":true}]}}