{"id":12371,"date":"2025-04-25T17:52:18","date_gmt":"2025-04-25T15:52:18","guid":{"rendered":"https:\/\/ziolazycia.com\/nowa\/?post_type=product&#038;p=12371"},"modified":"2025-11-26T15:59:35","modified_gmt":"2025-11-26T14:59:35","slug":"worthy-jamie-kern-lima-ksiazka-o-poczuciu-wlasnej-wartosci-samoakceptacji-i-kobiecej-sile","status":"publish","type":"product","link":"https:\/\/ziolazycia.com\/nowa\/product\/worthy-jamie-kern-lima-ksiazka-o-poczuciu-wlasnej-wartosci-samoakceptacji-i-kobiecej-sile\/","title":{"rendered":"Worthy \u2013 Jamie Kern Lima | Ksi\u0105\u017cka o poczuciu w\u0142asnej warto\u015bci, samoakceptacji i kobiecej sile"},"content":{"rendered":"<p>\u201eWorthy \u2013 \u017ar\u00f3d\u0142o poczucia w\u0142asnej warto\u015bci. Jak uwierzy\u0107, \u017ce jeste\u015b wystarczaj\u0105ca i odmieni\u0107 w\u0142asne \u017cycie\u201d to poruszaj\u0105ca ksi\u0105\u017cka, kt\u00f3ra trafia prosto w serce. Jamie Kern Lima \u2013 znana przedsi\u0119biorczyni, m\u00f3wczyni i autorka bestseller\u00f3w \u2013 dzieli si\u0119 swoj\u0105 niezwyk\u0142\u0105 drog\u0105 od poczucia bycia \u201eniewystarczaj\u0105c\u0105\u201d do stworzenia wielomilionowego biznesu i \u017cycia w zgodzie z sob\u0105.<\/p>\n<p>Ale \u201eWorthy\u201d to co\u015b wi\u0119cej ni\u017c autobiografia. To duchowy i emocjonalny przewodnik, kt\u00f3ry pokazuje, jak:<\/p>\n<p>rozpozna\u0107 i prze\u0142ama\u0107 wewn\u0119trzny g\u0142os krytyka,<\/p>\n<p>przesta\u0107 szuka\u0107 aprobaty i zacz\u0105\u0107 \u017cy\u0107 zgodnie z w\u0142asn\u0105 prawd\u0105,<\/p>\n<p>zbudowa\u0107 g\u0142\u0119bokie, niewzruszone poczucie w\u0142asnej warto\u015bci,<\/p>\n<p>zaakceptowa\u0107 siebie z ca\u0142\u0105 swoj\u0105 histori\u0105, niedoskona\u0142o\u015bciami i si\u0142\u0105,<\/p>\n<p>pokocha\u0107 siebie nie \u201emimo wszystko\u201d, ale dlatego \u017ce w\u0142a\u015bnie taka jeste\u015b.<\/p>\n<p>Ksi\u0105\u017cka zawiera osobiste refleksje autorki, konkretne \u0107wiczenia oraz afirmacje, kt\u00f3re pomagaj\u0105 zbudowa\u0107 zdrow\u0105 relacj\u0119 z sam\u0105 sob\u0105. To pozycja obowi\u0105zkowa dla ka\u017cdej kobiety<\/p>\n","protected":false},"excerpt":{"rendered":"<p>Inspiruj\u0105ca i pe\u0142na mocy ksi\u0105\u017cka o tym, jak odzyska\u0107 poczucie w\u0142asnej warto\u015bci, uwierzy\u0107 w siebie i przesta\u0107 szuka\u0107 potwierdzenia w oczach innych. Jamie Kern Lima \u2013 za\u0142o\u017cycielka IT Cosmetics \u2013 dzieli si\u0119 osobist\u0105 histori\u0105 i praktycznymi wskaz\u00f3wkami, kt\u00f3re pomagaj\u0105 zbudowa\u0107 prawdziw\u0105 wewn\u0119trzn\u0105 si\u0142\u0119. Dla ka\u017cdej kobiety, kt\u00f3ra chce przesta\u0107 udowadnia\u0107, \u017ce \u201ejest wystarczaj\u0105ca\u201d.<\/p>\n","protected":false},"featured_media":12372,"comment_status":"open","ping_status":"closed","template":"","meta":[],"product_brand":[],"product_cat":[66],"product_tag":[],"class_list":{"0":"post-12371","1":"product","2":"type-product","3":"status-publish","4":"has-post-thumbnail","6":"product_cat-ksiazki","8":"first","9":"instock","10":"taxable","11":"shipping-taxable","12":"purchasable","13":"product-type-simple"},"_links":{"self":[{"href":"https:\/\/ziolazycia.com\/nowa\/wp-json\/wp\/v2\/product\/12371","targetHints":{"allow":["GET"]}}],"collection":[{"href":"https:\/\/ziolazycia.com\/nowa\/wp-json\/wp\/v2\/product"}],"about":[{"href":"https:\/\/ziolazycia.com\/nowa\/wp-json\/wp\/v2\/types\/product"}],"replies":[{"embeddable":true,"href":"https:\/\/ziolazycia.com\/nowa\/wp-json\/wp\/v2\/comments?post=12371"}],"wp:featuredmedia":[{"embeddable":true,"href":"https:\/\/ziolazycia.com\/nowa\/wp-json\/wp\/v2\/media\/12372"}],"wp:attachment":[{"href":"https:\/\/ziolazycia.com\/nowa\/wp-json\/wp\/v2\/media?parent=12371"}],"wp:term":[{"taxonomy":"product_brand","embeddable":true,"href":"https:\/\/ziolazycia.com\/nowa\/wp-json\/wp\/v2\/product_brand?post=12371"},{"taxonomy":"product_cat","embeddable":true,"href":"https:\/\/ziolazycia.com\/nowa\/wp-json\/wp\/v2\/product_cat?post=12371"},{"taxonomy":"product_tag","embeddable":true,"href":"https:\/\/ziolazycia.com\/nowa\/wp-json\/wp\/v2\/product_tag?post=12371"}],"curies":[{"name":"wp","href":"https:\/\/api.w.org\/{rel}","templated":true}]}}