{"id":12369,"date":"2025-04-25T17:50:58","date_gmt":"2025-04-25T15:50:58","guid":{"rendered":"https:\/\/ziolazycia.com\/nowa\/?post_type=product&#038;p=12369"},"modified":"2025-11-26T15:59:34","modified_gmt":"2025-11-26T14:59:34","slug":"zapomniana-kompetencja-fryderyk-karzelek-klucz-do-skutecznego-dzialania-i-zyciowej-efektywnosci","status":"publish","type":"product","link":"https:\/\/ziolazycia.com\/nowa\/product\/zapomniana-kompetencja-fryderyk-karzelek-klucz-do-skutecznego-dzialania-i-zyciowej-efektywnosci\/","title":{"rendered":"Zapomniana kompetencja \u2013 Fryderyk Karze\u0142ek | Klucz do skutecznego dzia\u0142ania i \u017cyciowej efektywno\u015bci"},"content":{"rendered":"<p>\u201eZapomniana kompetencja. Czyli ta jedna rzecz, kt\u00f3rej ci brakuje\u201d to inspiruj\u0105ca i praktyczna ksi\u0105\u017cka Fryderyka Karze\u0142ka, znanego trenera mentalnego i autora \u201eKodeksu 5:00\u201d. Tym razem Karze\u0142ek koncentruje si\u0119 na jednej, kluczowej umiej\u0119tno\u015bci, kt\u00f3ra cz\u0119sto przes\u0105dza o tym, czy nasze dzia\u0142ania prowadz\u0105 do sukcesu \u2014 czy te\u017c ko\u0144cz\u0105 si\u0119 frustracj\u0105 i stagnacj\u0105.<\/p>\n<p>Co sprawia, \u017ce maj\u0105c wiedz\u0119, cele, plany i motywacj\u0119, nadal stoimy w miejscu? Odpowiedzi\u0105 jest zapomniana kompetencja \u2013 wewn\u0119trzna dyscyplina, \u015bwiadomo\u015b\u0107 intencji, umiej\u0119tno\u015b\u0107 konsekwentnego dzia\u0142ania mimo przeszk\u00f3d i emocjonalnej hu\u015btawki.<\/p>\n<p>W ksi\u0105\u017cce znajdziesz:<\/p>\n<p>praktyczne narz\u0119dzia i \u0107wiczenia do pracy nad sob\u0105,<\/p>\n<p>strategie zarz\u0105dzania energi\u0105 i emocjami,<\/p>\n<p>inspiruj\u0105ce przyk\u0142ady z \u017cycia autora i jego spo\u0142eczno\u015bci,<\/p>\n<p>konkretne mechanizmy budowania skuteczno\u015bci i sprawczo\u015bci.<\/p>\n<p>To pozycja, kt\u00f3ra nie tylko inspiruje, ale realnie zmienia podej\u015bcie do dzia\u0142ania, pracy i \u017cycia. Uczy, jak zintegrowa\u0107 my\u015bli, emocje i czyny w jednym kierunku \u2013 i przesta\u0107 sabotowa\u0107 samego siebie.<\/p>\n<p>Dla kogo?<br \/>\nDla os\u00f3b, kt\u00f3re czuj\u0105, \u017ce \u201eczego\u015b brakuje\u201d, mimo stara\u0144. Dla przedsi\u0119biorc\u00f3w, lider\u00f3w, coach\u00f3w, a tak\u017ce ka\u017cdego, kto chce skutecznie dzia\u0142a\u0107, osi\u0105ga\u0107 cele i odzyska\u0107 kontrol\u0119 nad swoim \u017cyciem.<\/p>\n","protected":false},"excerpt":{"rendered":"<p>Fryderyk Karze\u0142ek ods\u0142ania sekretny sk\u0142adnik sukcesu, kt\u00f3ry cz\u0119sto pomijamy \u2013 zapomnian\u0105 kompetencj\u0119. To ksi\u0105\u017cka, kt\u00f3ra pokazuje, dlaczego mimo wiedzy i talent\u00f3w wci\u0105\u017c nie osi\u0105gamy cel\u00f3w i jak zmieni\u0107 swoje podej\u015bcie, by dzia\u0142a\u0107 skutecznie i \u015bwiadomie. Lektura obowi\u0105zkowa dla ka\u017cdego, kto chce wi\u0119cej od \u017cycia \u2013 i od siebie.<\/p>\n","protected":false},"featured_media":12370,"comment_status":"open","ping_status":"closed","template":"","meta":[],"product_brand":[],"product_cat":[66],"product_tag":[],"class_list":{"0":"post-12369","1":"product","2":"type-product","3":"status-publish","4":"has-post-thumbnail","6":"product_cat-ksiazki","8":"first","9":"instock","10":"taxable","11":"shipping-taxable","12":"purchasable","13":"product-type-simple"},"_links":{"self":[{"href":"https:\/\/ziolazycia.com\/nowa\/wp-json\/wp\/v2\/product\/12369","targetHints":{"allow":["GET"]}}],"collection":[{"href":"https:\/\/ziolazycia.com\/nowa\/wp-json\/wp\/v2\/product"}],"about":[{"href":"https:\/\/ziolazycia.com\/nowa\/wp-json\/wp\/v2\/types\/product"}],"replies":[{"embeddable":true,"href":"https:\/\/ziolazycia.com\/nowa\/wp-json\/wp\/v2\/comments?post=12369"}],"wp:featuredmedia":[{"embeddable":true,"href":"https:\/\/ziolazycia.com\/nowa\/wp-json\/wp\/v2\/media\/12370"}],"wp:attachment":[{"href":"https:\/\/ziolazycia.com\/nowa\/wp-json\/wp\/v2\/media?parent=12369"}],"wp:term":[{"taxonomy":"product_brand","embeddable":true,"href":"https:\/\/ziolazycia.com\/nowa\/wp-json\/wp\/v2\/product_brand?post=12369"},{"taxonomy":"product_cat","embeddable":true,"href":"https:\/\/ziolazycia.com\/nowa\/wp-json\/wp\/v2\/product_cat?post=12369"},{"taxonomy":"product_tag","embeddable":true,"href":"https:\/\/ziolazycia.com\/nowa\/wp-json\/wp\/v2\/product_tag?post=12369"}],"curies":[{"name":"wp","href":"https:\/\/api.w.org\/{rel}","templated":true}]}}