{"id":12365,"date":"2025-04-25T17:47:54","date_gmt":"2025-04-25T15:47:54","guid":{"rendered":"https:\/\/ziolazycia.com\/nowa\/?post_type=product&#038;p=12365"},"modified":"2025-11-26T15:59:34","modified_gmt":"2025-11-26T14:59:34","slug":"menopauza-holistycznie-kompleksowy-poradnik-dla-kobiet-w-okresie-menopauzy-i-perimenopauzy","status":"publish","type":"product","link":"https:\/\/ziolazycia.com\/nowa\/product\/menopauza-holistycznie-kompleksowy-poradnik-dla-kobiet-w-okresie-menopauzy-i-perimenopauzy\/","title":{"rendered":"Menopauza holistycznie \u2013 kompleksowy poradnik dla kobiet w okresie menopauzy i perimenopauzy"},"content":{"rendered":"<p>Menopauza holistycznie to wyj\u0105tkowy, wszechstronny poradnik, kt\u00f3ry pomaga kobietom zrozumie\u0107, zaakceptowa\u0107 i w pe\u0142ni zadba\u0107 o siebie w czasie menopauzy i perimenopauzy. Ksi\u0105\u017cka oparta jest na podej\u015bciu integruj\u0105cym cia\u0142o, umys\u0142 i emocje \u2013 pozwala spojrze\u0107 na menopauz\u0119 nie jako problem, ale jako naturalny i warto\u015bciowy etap transformacji kobiecej to\u017csamo\u015bci.<\/p>\n<p>Znajdziesz tu:<\/p>\n<p>rzeteln\u0105 wiedz\u0119 na temat zmian hormonalnych i fizycznych,<\/p>\n<p>wskaz\u00f3wki dotycz\u0105ce diety, aktywno\u015bci fizycznej i snu,<\/p>\n<p>techniki oddechowe, relaksacyjne i medytacyjne,<\/p>\n<p>praktyki wspieraj\u0105ce emocjonalne r\u00f3wnowa\u017cenie i akceptacj\u0119 zmian,<\/p>\n<p>inspiruj\u0105ce podej\u015bcie duchowe i psychologiczne, kt\u00f3re daje si\u0142\u0119 i spok\u00f3j.<\/p>\n<p>Poradnik ten jest nie tylko \u017ar\u00f3d\u0142em wiedzy, ale tak\u017ce towarzyszem w podr\u00f3\u017cy do nowej jako\u015bci \u017cycia \u2013 pe\u0142nego \u015bwiadomo\u015bci, samoakceptacji i troski o siebie.<\/p>\n<p>Dla kogo?<br \/>\nDla kobiet w ka\u017cdym wieku, szczeg\u00f3lnie tych, kt\u00f3re wkraczaj\u0105 w czas zmian hormonalnych. Dla terapeutek, trenerek, nauczycielek jogi i wszystkich os\u00f3b wspieraj\u0105cych kobiety na \u015bcie\u017cce \u015bwiadomego zdrowia.<\/p>\n","protected":false},"excerpt":{"rendered":"<p>Holistyczny poradnik dla kobiet w okresie menopauzy i oko\u0142omenopauzalnym. Ksi\u0105\u017cka \u0142\u0105czy wiedz\u0119 medyczn\u0105, psychologiczn\u0105 i duchow\u0105, oferuj\u0105c praktyczne wskaz\u00f3wki, \u0107wiczenia oraz wsparcie w tej transformuj\u0105cej fazie \u017cycia. Niezast\u0105piona lektura dla ka\u017cdej kobiety, kt\u00f3ra chce przej\u015b\u0107 przez menopauz\u0119 \u015bwiadomie, naturalnie i z \u0142agodno\u015bci\u0105.<\/p>\n","protected":false},"featured_media":12366,"comment_status":"open","ping_status":"closed","template":"","meta":[],"product_brand":[],"product_cat":[66],"product_tag":[],"class_list":{"0":"post-12365","1":"product","2":"type-product","3":"status-publish","4":"has-post-thumbnail","6":"product_cat-ksiazki","8":"first","9":"instock","10":"taxable","11":"shipping-taxable","12":"purchasable","13":"product-type-simple"},"_links":{"self":[{"href":"https:\/\/ziolazycia.com\/nowa\/wp-json\/wp\/v2\/product\/12365","targetHints":{"allow":["GET"]}}],"collection":[{"href":"https:\/\/ziolazycia.com\/nowa\/wp-json\/wp\/v2\/product"}],"about":[{"href":"https:\/\/ziolazycia.com\/nowa\/wp-json\/wp\/v2\/types\/product"}],"replies":[{"embeddable":true,"href":"https:\/\/ziolazycia.com\/nowa\/wp-json\/wp\/v2\/comments?post=12365"}],"wp:featuredmedia":[{"embeddable":true,"href":"https:\/\/ziolazycia.com\/nowa\/wp-json\/wp\/v2\/media\/12366"}],"wp:attachment":[{"href":"https:\/\/ziolazycia.com\/nowa\/wp-json\/wp\/v2\/media?parent=12365"}],"wp:term":[{"taxonomy":"product_brand","embeddable":true,"href":"https:\/\/ziolazycia.com\/nowa\/wp-json\/wp\/v2\/product_brand?post=12365"},{"taxonomy":"product_cat","embeddable":true,"href":"https:\/\/ziolazycia.com\/nowa\/wp-json\/wp\/v2\/product_cat?post=12365"},{"taxonomy":"product_tag","embeddable":true,"href":"https:\/\/ziolazycia.com\/nowa\/wp-json\/wp\/v2\/product_tag?post=12365"}],"curies":[{"name":"wp","href":"https:\/\/api.w.org\/{rel}","templated":true}]}}