{"id":12362,"date":"2025-04-25T17:44:49","date_gmt":"2025-04-25T15:44:49","guid":{"rendered":"https:\/\/ziolazycia.com\/nowa\/?post_type=product&#038;p=12362"},"modified":"2025-11-26T15:59:34","modified_gmt":"2025-11-26T14:59:34","slug":"jestes-marzeniem-wszechswiata-w-objeciach-wewnetrznego-rodzica","status":"publish","type":"product","link":"https:\/\/ziolazycia.com\/nowa\/product\/jestes-marzeniem-wszechswiata-w-objeciach-wewnetrznego-rodzica\/","title":{"rendered":"Jeste\u015b Marzeniem Wszech\u015bwiata. W obj\u0119ciach Wewn\u0119trznego Rodzica"},"content":{"rendered":"<p>Jeste\u015b Marzeniem Wszech\u015bwiata. W obj\u0119ciach Wewn\u0119trznego Rodzica Katarzyny Dodd to profesjonalny przewodnik, kt\u00f3ry poprowadzi Ci\u0119 ku g\u0142\u0119bokiej przemianie osobistej i poszerzeniu \u015bwiadomo\u015bci. Autorka pokazuje, \u017ce wszystkie aspekty naszego \u017cycia \u2013 od realizacji cel\u00f3w po relacje z bliskimi \u2013 odzwierciedlaj\u0105 wi\u0119\u017a z najg\u0142\u0119bszym Ja. Kluczem do osi\u0105gni\u0119cia tej harmonii jest integracja Wewn\u0119trznego Dziecka z Wewn\u0119trznym Rodzicem, co pozwala uzdrowi\u0107 emocjonalne rany i w pe\u0142ni rozwin\u0105\u0107 sw\u00f3j potencja\u0142.<br \/>\nZaawansowane tre\u015bci ksi\u0105\u017cki wynios\u0105 Twoj\u0105 dotychczasow\u0105 wiedz\u0119 i do\u015bwiadczenia na wy\u017cszy poziom \u015bwiadomo\u015bci. Jeste\u015b Marzeniem Wszech\u015bwiata jawi si\u0119 jako brakuj\u0105ce ogniwo na \u015bcie\u017cce samorozwoju \u2013 to kompleksowy przewodnik, kt\u00f3ry \u0142\u0105czy psychologi\u0119, duchowo\u015b\u0107 i praktyczne techniki pracy ze sob\u0105. Katarzyna Dodd umiej\u0119tnie splata naukow\u0105 wiedz\u0119 psychologiczn\u0105 z duchow\u0105 m\u0105dro\u015bci\u0105, tworz\u0105c pomost mi\u0119dzy umys\u0142em a sercem. Ksi\u0105\u017cka stanowi cenne \u017ar\u00f3d\u0142o inspiracji i narz\u0119dzi dla terapeut\u00f3w, coach\u00f3w, pedagog\u00f3w i rodzic\u00f3w, pomagaj\u0105c im lepiej wspiera\u0107 siebie i innych w rozwoju. R\u00f3wnocze\u015bnie jest to pasjonuj\u0105ca lektura dla ka\u017cdego, kto poszukuje g\u0142\u0119bokiej przemiany wewn\u0119trznej, pragnie uzdrawia\u0107 swoje emocjonalne rany i odkry\u0107 autentyczn\u0105, wewn\u0119trzn\u0105 moc. Lektura Jeste\u015b Marzeniem Wszech\u015bwiata przynosi wewn\u0119trzny spok\u00f3j, wzmacnia poczucie wewn\u0119trznej mocy i daje koj\u0105c\u0105 pewno\u015b\u0107, \u017ce na \u015bcie\u017cce rozwoju nigdy nie jeste\u015b sam. Si\u0119gnij po ten wyj\u0105tkowy przewodnik i rozpocznij swoj\u0105 transformacj\u0119 ju\u017c dzi\u015b, aby w pe\u0142ni do\u015bwiadczy\u0107, \u017ce naprawd\u0119 jeste\u015b marzeniem Wszech\u015bwiata!<\/p>\n","protected":false},"excerpt":{"rendered":"<p>Ksi\u0105\u017cka Jeste\u015b Marzeniem Wszech\u015bwiata. W obj\u0119ciach Wewn\u0119trznego Rodzica to transformuj\u0105ca podr\u00f3\u017c w g\u0142\u0105b siebie, \u0142\u0105cz\u0105ca psychologi\u0119 z duchowo\u015bci\u0105. Uczy integracji Wewn\u0119trznego Dziecka i Wewn\u0119trznego Rodzica oraz oferuje praktyczne \u0107wiczenia (m.in. EFT), kt\u00f3re wspieraj\u0105 uzdrawianie emocjonalne i rozw\u00f3j \u015bwiadomo\u015bci.<\/p>\n","protected":false},"featured_media":12363,"comment_status":"open","ping_status":"closed","template":"","meta":[],"product_brand":[],"product_cat":[66],"product_tag":[99],"class_list":{"0":"post-12362","1":"product","2":"type-product","3":"status-publish","4":"has-post-thumbnail","6":"product_cat-ksiazki","7":"product_tag-rozwoj-osobisty","9":"first","10":"instock","11":"taxable","12":"shipping-taxable","13":"purchasable","14":"product-type-simple"},"_links":{"self":[{"href":"https:\/\/ziolazycia.com\/nowa\/wp-json\/wp\/v2\/product\/12362","targetHints":{"allow":["GET"]}}],"collection":[{"href":"https:\/\/ziolazycia.com\/nowa\/wp-json\/wp\/v2\/product"}],"about":[{"href":"https:\/\/ziolazycia.com\/nowa\/wp-json\/wp\/v2\/types\/product"}],"replies":[{"embeddable":true,"href":"https:\/\/ziolazycia.com\/nowa\/wp-json\/wp\/v2\/comments?post=12362"}],"wp:featuredmedia":[{"embeddable":true,"href":"https:\/\/ziolazycia.com\/nowa\/wp-json\/wp\/v2\/media\/12363"}],"wp:attachment":[{"href":"https:\/\/ziolazycia.com\/nowa\/wp-json\/wp\/v2\/media?parent=12362"}],"wp:term":[{"taxonomy":"product_brand","embeddable":true,"href":"https:\/\/ziolazycia.com\/nowa\/wp-json\/wp\/v2\/product_brand?post=12362"},{"taxonomy":"product_cat","embeddable":true,"href":"https:\/\/ziolazycia.com\/nowa\/wp-json\/wp\/v2\/product_cat?post=12362"},{"taxonomy":"product_tag","embeddable":true,"href":"https:\/\/ziolazycia.com\/nowa\/wp-json\/wp\/v2\/product_tag?post=12362"}],"curies":[{"name":"wp","href":"https:\/\/api.w.org\/{rel}","templated":true}]}}