{"id":12357,"date":"2025-04-25T17:21:05","date_gmt":"2025-04-25T15:21:05","guid":{"rendered":"https:\/\/ziolazycia.com\/nowa\/?post_type=product&#038;p=12357"},"modified":"2025-11-26T15:59:33","modified_gmt":"2025-11-26T14:59:33","slug":"nic-mnie-nie-zlamie-david-goggins","status":"publish","type":"product","link":"https:\/\/ziolazycia.com\/nowa\/product\/nic-mnie-nie-zlamie-david-goggins\/","title":{"rendered":"Nic mnie nie z\u0142amie \u2013 David Goggins"},"content":{"rendered":"<p>Nic mnie nie z\u0142amie \u2013 David Goggins<br \/>\nPrawdziwa historia cz\u0142owieka, kt\u00f3ry udowodni\u0142, \u017ce si\u0142a tkwi w umy\u015ble.<\/p>\n<p>\u201eNic mnie nie z\u0142amie\u201d to autobiografia Davida Gogginsa \u2013 jednego z najbardziej inspiruj\u0105cych ludzi na \u015bwiecie. Dorasta\u0142 w przemocy, biedzie i poczuciu bezwarto\u015bciowo\u015bci. Z czasem przeobrazi\u0142 si\u0119 w elitarnego \u017co\u0142nierza Navy SEALs, ultramarato\u0144czyka i rekordzist\u0119 Guinnessa.<\/p>\n<p>W tej ksi\u0105\u017cce Goggins dzieli si\u0119 brutalnie szczer\u0105 opowie\u015bci\u0105 o b\u00f3lu, determinacji i psychicznej przemianie. Udowadnia, \u017ce ka\u017cdy z nas ma w sobie \u201ejeszcze 60% rezerwy\u201d \u2013 wystarczy po ni\u0105 si\u0119gn\u0105\u0107.<\/p>\n<p>\ud83d\udcda W ksi\u0105\u017cce znajdziesz:<\/p>\n<p>narz\u0119dzia mentalne do prze\u0142amywania barier,<\/p>\n<p>autentyczne historie z trening\u00f3w i \u017cycia w ekstremach,<\/p>\n<p>inspiracj\u0119 do dzia\u0142ania, nawet gdy wszystko wydaje si\u0119 przeciw Tobie.<\/p>\n<p>To co\u015b wi\u0119cej ni\u017c ksi\u0105\u017cka motywacyjna. To manifest wytrwa\u0142o\u015bci, odwagi i rozwoju osobistego.<\/p>\n<p>Idealna dla fan\u00f3w:<\/p>\n<p>psychologii si\u0142y woli,<\/p>\n<p>sport\u00f3w ekstremalnych,<\/p>\n<p>mindsetu wojownika,<\/p>\n<p>rozwoju osobistego i mentalnego.<span data-mce-type=\"bookmark\" style=\"display: inline-block; width: 0px; overflow: hidden; line-height: 0;\" class=\"mce_SELRES_start\">\ufeff<\/span><\/p>\n","protected":false},"excerpt":{"rendered":"<p>Nic mnie nie z\u0142amie \u2013 David Goggins<br \/>\nMotywacyjna petarda i autobiografia cz\u0142owieka, kt\u00f3ry przeszed\u0142 przez piek\u0142o, by sta\u0107 si\u0119 symbolem niez\u0142omno\u015bci. Poznaj histori\u0119 Davida Gogginsa \u2013 \u017co\u0142nierza Navy SEALs, ultramarato\u0144czyka i m\u00f3wcy, kt\u00f3ry pokazuje, jak pokona\u0107 w\u0142asne ograniczenia.<\/p>\n","protected":false},"featured_media":12358,"comment_status":"open","ping_status":"closed","template":"","meta":[],"product_brand":[],"product_cat":[66],"product_tag":[],"class_list":{"0":"post-12357","1":"product","2":"type-product","3":"status-publish","4":"has-post-thumbnail","6":"product_cat-ksiazki","8":"first","9":"instock","10":"taxable","11":"shipping-taxable","12":"purchasable","13":"product-type-simple"},"_links":{"self":[{"href":"https:\/\/ziolazycia.com\/nowa\/wp-json\/wp\/v2\/product\/12357","targetHints":{"allow":["GET"]}}],"collection":[{"href":"https:\/\/ziolazycia.com\/nowa\/wp-json\/wp\/v2\/product"}],"about":[{"href":"https:\/\/ziolazycia.com\/nowa\/wp-json\/wp\/v2\/types\/product"}],"replies":[{"embeddable":true,"href":"https:\/\/ziolazycia.com\/nowa\/wp-json\/wp\/v2\/comments?post=12357"}],"wp:featuredmedia":[{"embeddable":true,"href":"https:\/\/ziolazycia.com\/nowa\/wp-json\/wp\/v2\/media\/12358"}],"wp:attachment":[{"href":"https:\/\/ziolazycia.com\/nowa\/wp-json\/wp\/v2\/media?parent=12357"}],"wp:term":[{"taxonomy":"product_brand","embeddable":true,"href":"https:\/\/ziolazycia.com\/nowa\/wp-json\/wp\/v2\/product_brand?post=12357"},{"taxonomy":"product_cat","embeddable":true,"href":"https:\/\/ziolazycia.com\/nowa\/wp-json\/wp\/v2\/product_cat?post=12357"},{"taxonomy":"product_tag","embeddable":true,"href":"https:\/\/ziolazycia.com\/nowa\/wp-json\/wp\/v2\/product_tag?post=12357"}],"curies":[{"name":"wp","href":"https:\/\/api.w.org\/{rel}","templated":true}]}}