{"id":1228,"date":"2023-11-29T18:59:36","date_gmt":"2023-11-29T17:59:36","guid":{"rendered":"https:\/\/ziolazycia.com\/nowa\/?post_type=product&#038;p=1228"},"modified":"2025-11-26T15:58:37","modified_gmt":"2025-11-26T14:58:37","slug":"iron-complex-zelazo-kompleks-100-tabletek-now-foods","status":"publish","type":"product","link":"https:\/\/ziolazycia.com\/nowa\/product\/iron-complex-zelazo-kompleks-100-tabletek-now-foods\/","title":{"rendered":"Iron Complex (\u017belazo kompleks) 100 tabletek"},"content":{"rendered":"<p>Dodatkowo preparat wzbogacony jest o witamin\u0119 C, witamin\u0119 B12 korze\u0144 Dong Quai (Angelica sinensis) i li\u015bcie maliny, kt\u00f3re zapewniaj\u0105 synergi\u0119 dzia\u0142ania.<\/p>\n<p>Suplement diety przyjmowany w zalecanych dawkach jest dobrze przyswajalny, dobrze tolerowany i nie powoduje zapar\u0107.<\/p>\n<p><strong>Zawarto\u015b\u0107 opakowania:<\/strong>\u00a0100 tabletek<\/p>\n<p><strong>Dzienne spo\u017cycie:<\/strong>\u00a01 tabletka<\/p>\n<p><strong>Sk\u0142adniki aktywne:<\/strong><\/p>\n<table width=\"100%\">\n<thead>\n<tr>\n<td><\/td>\n<td width=\"23%\">1 kapsu\u0142ka<\/td>\n<td width=\"1%\"><\/td>\n<\/tr>\n<\/thead>\n<tbody>\n<tr>\n<td>Witamina C\u00a0 kwas L-askorbinowy<\/p>\n<table>\n<tbody>\n<tr>\n<td>Foliany (kwas pteroilomonoglutaminowy)<\/td>\n<td><\/td>\n<\/tr>\n<tr>\n<td>Witamina B-12 -jako cyjanokobalamina<\/td>\n<td>&nbsp;<\/td>\n<\/tr>\n<tr>\n<td>\u017belazo -jako diglicynian \u017celaza<\/p>\n<p>Dong Quai (Angelica sinensis) \u2013korze\u0144<\/p>\n<p>Malina (Rubus idaeus) -li\u015b\u0107<\/p>\n<p>&nbsp;<\/p>\n<p>&nbsp;<\/td>\n<td>&nbsp;<\/td>\n<\/tr>\n<\/tbody>\n<\/table>\n<\/td>\n<td width=\"23%\">50 mg<\/p>\n<p>200 mcg<\/p>\n<p>50 mcg<\/p>\n<p>27 mg<\/p>\n<p>100 mg<\/p>\n<p>100 mg<\/td>\n<td width=\"1%\"><\/td>\n<\/tr>\n<\/tbody>\n<\/table>\n<p><strong>Sk\u0142adniki:<\/strong> Witamina C (jako kwas L-askorbinowy), foliany (kwas pteroilomonoglutaminowy), witamina B-12 (jako cyjanokobalamina), \u017celazo (jako diglicynian \u017celaza), Dong Quai (Angelica sinensis) (korze\u0144), malina (Rubus idaeus) (li\u015b\u0107), celuloza, kwas stearynowy (pochodzenia ro\u015blinnego), usieciowiona karboksymetyloceluloza sodowa (Croscarmellos Sodium), krzemionka, sole magnezowe kwas\u00f3w t\u0142uszczowych (pochodzenia ro\u015blinnego).<\/p>\n<h2><strong>Iron Complex 100 tabletek &#8211; spos\u00f3b u\u017cycia: <\/strong><\/h2>\n<p>1 tabletka dziennie<\/p>\n<p><strong>Nie przekracza\u0107 zalecanej porcji do spo\u017cycia w ci\u0105gu dnia. Produkt nie mo\u017ce by\u0107 stosowany jako substytut zr\u00f3\u017cnicowanej diety. Wa\u017cne jest stosowanie zr\u00f3\u017cnicowanej i zbilansowanej diety oraz prowadzenie zdrowego trybu \u017cycia.<\/strong><\/p>\n<p><strong>\u00a0<\/strong><strong>Przechowywanie<\/strong><\/p>\n<p>Po otwarciu przechowywa\u0107 w suchym i ciemnym miejscu, z dala od ma\u0142ych dzieci.<\/p>\n<p><strong>Producent:<\/strong><\/p>\n<p>Now Foods<br \/>\n395 S. Glen Ellyn Road<br \/>\nIL 60108 Bloomingdale, Stany Zjednoczone<\/p>\n<p>&nbsp;<\/p>\n","protected":false},"excerpt":{"rendered":"<p><strong>Suplement diety<\/strong><\/p>\n<p>Suplement diety, kt\u00f3rego g\u0142\u00f3wnym sk\u0142adnikiem jest zawieraj\u0105cy wyj\u0105tkowy chellat aminokwasowy \u017celaza Ferrochel\u2122 (biodost\u0119pne \u017ar\u00f3d\u0142o \u017celaza).<\/p>\n","protected":false},"featured_media":9544,"comment_status":"closed","ping_status":"closed","template":"","meta":[],"product_brand":[],"product_cat":[72],"product_tag":[],"class_list":{"0":"post-1228","1":"product","2":"type-product","3":"status-publish","4":"has-post-thumbnail","6":"product_cat-suplementy-diety","8":"first","9":"instock","10":"sale","11":"taxable","12":"shipping-taxable","13":"purchasable","14":"product-type-simple"},"_links":{"self":[{"href":"https:\/\/ziolazycia.com\/nowa\/wp-json\/wp\/v2\/product\/1228","targetHints":{"allow":["GET"]}}],"collection":[{"href":"https:\/\/ziolazycia.com\/nowa\/wp-json\/wp\/v2\/product"}],"about":[{"href":"https:\/\/ziolazycia.com\/nowa\/wp-json\/wp\/v2\/types\/product"}],"replies":[{"embeddable":true,"href":"https:\/\/ziolazycia.com\/nowa\/wp-json\/wp\/v2\/comments?post=1228"}],"wp:featuredmedia":[{"embeddable":true,"href":"https:\/\/ziolazycia.com\/nowa\/wp-json\/wp\/v2\/media\/9544"}],"wp:attachment":[{"href":"https:\/\/ziolazycia.com\/nowa\/wp-json\/wp\/v2\/media?parent=1228"}],"wp:term":[{"taxonomy":"product_brand","embeddable":true,"href":"https:\/\/ziolazycia.com\/nowa\/wp-json\/wp\/v2\/product_brand?post=1228"},{"taxonomy":"product_cat","embeddable":true,"href":"https:\/\/ziolazycia.com\/nowa\/wp-json\/wp\/v2\/product_cat?post=1228"},{"taxonomy":"product_tag","embeddable":true,"href":"https:\/\/ziolazycia.com\/nowa\/wp-json\/wp\/v2\/product_tag?post=1228"}],"curies":[{"name":"wp","href":"https:\/\/api.w.org\/{rel}","templated":true}]}}