{"id":1223,"date":"2023-11-29T18:57:37","date_gmt":"2023-11-29T17:57:37","guid":{"rendered":"https:\/\/ziolazycia.com\/nowa\/?post_type=product&#038;p=1223"},"modified":"2025-11-26T15:58:37","modified_gmt":"2025-11-26T14:58:37","slug":"gr8-dophilus-probiotyk-120-kapsulek-now-foods","status":"publish","type":"product","link":"https:\/\/ziolazycia.com\/nowa\/product\/gr8-dophilus-probiotyk-120-kapsulek-now-foods\/","title":{"rendered":"Gr8-Dophilus Probiotyk 120 kapsu\u0142ek"},"content":{"rendered":"<p>S\u0105 one niezb\u0119dne dla prawid\u0142owego przebiegu procesu trawienia. Wspieraj\u0105 prawid\u0142ow\u0105 motoryk\u0119 jelit i bior\u0105 udzia\u0142 w procesie detoksykacji. W suplemencie diety Gr8- Dophilus wyst\u0119puj\u0105 szczepy bakteryjne, kt\u00f3re zosta\u0142y przebadane klinicznie pod k\u0105tem wspierania prawid\u0142owego funkcjonowania uk\u0142adu odporno\u015bciowego. Ponadto w tym suplemencie diety zawarty jest r\u00f3wnie\u017c FOS, kt\u00f3ry wspomaga prawid\u0142owy wzrost szczep\u00f3w bakterii Acidophilus i Bifidus.<\/p>\n<p><strong>Zawarto\u015b\u0107 opakowania:<\/strong>\u00a0120 kapsu\u0142ek r\u00f3wnie\u017c dla wegeterian<\/p>\n<p><strong>Dzienne spo\u017cycie:<\/strong>\u00a03 kapsu\u0142ki<\/p>\n<p><strong>Sk\u0142ad:<\/strong><\/p>\n<table width=\"100%\">\n<tbody>\n<tr>\n<td>&nbsp;<\/p>\n<table width=\"100%\">\n<thead>\n<tr>\n<td><\/td>\n<td width=\"23%\">1 kapsu\u0142ka<\/td>\n<\/tr>\n<\/thead>\n<tbody>\n<tr>\n<td>\n<table>\n<tbody>\n<tr>\n<td width=\"398\">Mieszanka probiotyczna 8 szczep\u00f3w (4 miliardy JTK*):<\/td>\n<td width=\"1\"><\/td>\n<\/tr>\n<tr>\n<td width=\"398\"><\/td>\n<td width=\"1\"><\/td>\n<\/tr>\n<\/tbody>\n<\/table>\n<p>Lactobacillus acidophilus (La-14)<\/p>\n<p>Lactobacillus rhamnosus (Lr-32),<\/p>\n<p>Lactobacillus casei (Lc-11),<\/p>\n<p>Lactobacillus salivarius (Ls-33),<\/p>\n<p>Streptococcus thermophilus (St-21),<\/p>\n<p>Bifidobacterium bifidum (Bb-02)<\/p>\n<p>Bifidobacterium longum (BI-05),<\/p>\n<p>Bifidobacterium lactis (BI-04),<\/td>\n<td width=\"23%\">500 mg<\/p>\n<p>1,2 mld CFU<\/p>\n<p>0,6 mld CFU<\/p>\n<p>0,6 mld CFU<\/p>\n<p>0,6 mld CFU<\/p>\n<p>0,4 mld CFU<\/p>\n<p>200 mln CFU<\/p>\n<p>200 mln CFU<\/p>\n<p>200 mln CFU<\/td>\n<\/tr>\n<\/tbody>\n<\/table>\n<\/td>\n<td width=\"23%\">&nbsp;<\/td>\n<td width=\"1%\"><\/td>\n<\/tr>\n<tr>\n<td>&nbsp;<\/td>\n<td width=\"23%\">&nbsp;<\/td>\n<td width=\"1%\"><\/td>\n<\/tr>\n<\/tbody>\n<\/table>\n<p><strong>Sk\u0142adniki:<\/strong> Mieszanka probiotyczna 8 szczep\u00f3w (4 miliardy JTK*): Lactobacillus acidophilus (La-14), Lactobacillus rhamnosus (Lr-32), Bifidobacterium lactis (BI-04), Lactobacillus salivarius (Ls-33), Lactobacillus casei (Lc-11), Bifidobacterium longum (BI-05), Streptococcus thermophilus (St-21), Bifidobacterium bifidum (Bb-02).<\/p>\n<h2><strong>Gr8-Dophilus 120 kapsu\u0142ek- spos\u00f3b u\u017cycia probiotyku:<br \/>\n<\/strong><\/h2>\n<p>1 kapsu\u0142ka do 3 razy dziennie pomi\u0119dzy posi\u0142kami lub na pusty \u017co\u0142\u0105dek.<\/p>\n<p><strong>Nie przekracza\u0107 zalecanej porcji do spo\u017cycia w ci\u0105gu dnia. Produkt nie mo\u017ce by\u0107 stosowany jako substytut zr\u00f3\u017cnicowanej diety. Wa\u017cne jest stosowanie zr\u00f3\u017cnicowanej i zbilansowanej diety oraz prowadzenie zdrowego trybu \u017cycia.<\/strong><\/p>\n<p><strong>\u00a0<\/strong><strong>Przechowywanie<\/strong><\/p>\n<p>Po otwarciu przechowywa\u0107 w lod\u00f3wce w celu zachowania maksymalnego poziomu skuteczno\u015bci preparatu. Przechowywa\u0107 w spos\u00f3b niedost\u0119pny dla ma\u0142ych dzieci.<\/p>\n<p><strong>Producent:<\/strong><\/p>\n<p>Now Foods<br \/>\n395 S. Glen Ellyn Road<br \/>\nIL 60108 Bloomingdale, Stany Zjednoczone<\/p>\n","protected":false},"excerpt":{"rendered":"<p><strong>Suplement diety<\/strong><\/p>\n<h2>Probiotyk<\/h2>\n<p>Suplement diety, zawieraj\u0105cy po\u0142\u0105czenie 8 r\u00f3\u017cnych gatunk\u00f3w kwasoodpornych szczep\u00f3w bakterii probiotycznych, kt\u00f3re naturalnie znajduj\u0105 si\u0119 w przewodzie pokarmowym.<\/p>\n","protected":false},"featured_media":9541,"comment_status":"closed","ping_status":"closed","template":"","meta":[],"product_brand":[],"product_cat":[72],"product_tag":[],"class_list":{"0":"post-1223","1":"product","2":"type-product","3":"status-publish","4":"has-post-thumbnail","6":"product_cat-suplementy-diety","8":"first","9":"instock","10":"sale","11":"taxable","12":"shipping-taxable","13":"purchasable","14":"product-type-simple"},"_links":{"self":[{"href":"https:\/\/ziolazycia.com\/nowa\/wp-json\/wp\/v2\/product\/1223","targetHints":{"allow":["GET"]}}],"collection":[{"href":"https:\/\/ziolazycia.com\/nowa\/wp-json\/wp\/v2\/product"}],"about":[{"href":"https:\/\/ziolazycia.com\/nowa\/wp-json\/wp\/v2\/types\/product"}],"replies":[{"embeddable":true,"href":"https:\/\/ziolazycia.com\/nowa\/wp-json\/wp\/v2\/comments?post=1223"}],"wp:featuredmedia":[{"embeddable":true,"href":"https:\/\/ziolazycia.com\/nowa\/wp-json\/wp\/v2\/media\/9541"}],"wp:attachment":[{"href":"https:\/\/ziolazycia.com\/nowa\/wp-json\/wp\/v2\/media?parent=1223"}],"wp:term":[{"taxonomy":"product_brand","embeddable":true,"href":"https:\/\/ziolazycia.com\/nowa\/wp-json\/wp\/v2\/product_brand?post=1223"},{"taxonomy":"product_cat","embeddable":true,"href":"https:\/\/ziolazycia.com\/nowa\/wp-json\/wp\/v2\/product_cat?post=1223"},{"taxonomy":"product_tag","embeddable":true,"href":"https:\/\/ziolazycia.com\/nowa\/wp-json\/wp\/v2\/product_tag?post=1223"}],"curies":[{"name":"wp","href":"https:\/\/api.w.org\/{rel}","templated":true}]}}