{"id":1214,"date":"2023-11-29T18:53:48","date_gmt":"2023-11-29T17:53:48","guid":{"rendered":"https:\/\/ziolazycia.com\/nowa\/?post_type=product&#038;p=1214"},"modified":"2025-11-26T15:58:36","modified_gmt":"2025-11-26T14:58:36","slug":"goldenseal-root-gorzknik-kanadyjski-500mg-50-kapsulek-now-foods","status":"publish","type":"product","link":"https:\/\/ziolazycia.com\/nowa\/product\/goldenseal-root-gorzknik-kanadyjski-500mg-50-kapsulek-now-foods\/","title":{"rendered":"Goldenseal Root (Gorzknik kanadyjski) 500mg 50 kapsu\u0142ek"},"content":{"rendered":"<p><strong>Zawarto\u015b\u0107 opakowania:<\/strong>\u00a060 kapsu\u0142ek \u017celowych<\/p>\n<p><strong>Dzienne spo\u017cycie:<\/strong>\u00a01 kapsu\u0142ka<\/p>\n<p><strong>Sk\u0142adniki aktywne:<\/strong><\/p>\n<table width=\"100%\">\n<thead>\n<tr>\n<td><\/td>\n<td width=\"23%\">1 kapsu\u0142ka<\/td>\n<td width=\"1%\"><\/td>\n<\/tr>\n<\/thead>\n<tbody>\n<tr>\n<td>\n<table>\n<tbody>\n<tr>\n<td width=\"398\">Gorzknik kanadyjski (Hydrastis Canadensis)-sproszkowany korze\u0144<\/td>\n<td width=\"1\"><\/td>\n<\/tr>\n<tr>\n<td width=\"398\"><\/td>\n<td width=\"1\"><\/td>\n<\/tr>\n<\/tbody>\n<\/table>\n<\/td>\n<td width=\"23%\">500 mg<\/p>\n<p>&nbsp;<\/p>\n<p>&nbsp;<\/td>\n<td width=\"1%\"><\/td>\n<\/tr>\n<\/tbody>\n<\/table>\n<p><strong>Sk\u0142adniki:<\/strong> Sproszkowany korze\u0144 gorzknika kanadyjskiego (Hydrastis canadensis Radix); materia\u0142 kapsu\u0142ki: \u017celatyna wo\u0142owa; substancja przeciwzbrylaj\u0105ca: kwas stearynowy.<\/p>\n<h2><strong>Goldenseal Root 500 mg &#8211; spos\u00f3b u\u017cycia:<\/strong><\/h2>\n<p>1 kapsu\u0142k\u0119\u00a0 dziennie.<\/p>\n<p><strong>Nie przekracza\u0107 zalecanej porcji do spo\u017cycia w ci\u0105gu dnia. Produkt nie mo\u017ce by\u0107 stosowany jako substytut zr\u00f3\u017cnicowanej diety. Wa\u017cne jest stosowanie zr\u00f3\u017cnicowanej i zbilansowanej diety oraz prowadzenie zdrowego trybu \u017cycia.<\/strong><\/p>\n<p><strong>Przechowywanie<\/strong><\/p>\n<p>Po otwarciu przechowywa\u0107 w suchym i ciemnym miejscu, z dala od ma\u0142ych dzieci.<\/p>\n<p><strong>Producent:<\/strong><\/p>\n<p>Now Foods<br \/>\n395 S. Glen Ellyn Road<br \/>\nIL 60108 Bloomingdale, Stany Zjednoczone<\/p>\n","protected":false},"excerpt":{"rendered":"<p><strong>Suplement diety<\/strong><\/p>\n<p>Suplement diety, kt\u00f3rego g\u0142\u00f3wnym sk\u0142adnikiem zio\u0142owym jest gorzknik kanadyjski wyst\u0119puj\u0105cy tradycyjnie na terenach Ameryki P\u00f3\u0142nocnej. Dzi\u0119ki zwi\u0105zkom aktywnym \u2013 immunostymulatorom (alkaloidy chinolinowe takie jak berberyna) wyst\u0119puj\u0105cym w gorzkniku kanadyjskim, mo\u017ce on wykazywa\u0107 pozytywny wp\u0142yw na uk\u0142ad immunologiczny<\/p>\n","protected":false},"featured_media":9536,"comment_status":"closed","ping_status":"closed","template":"","meta":[],"product_brand":[],"product_cat":[72],"product_tag":[],"class_list":{"0":"post-1214","1":"product","2":"type-product","3":"status-publish","4":"has-post-thumbnail","6":"product_cat-suplementy-diety","8":"first","9":"outofstock","10":"sale","11":"taxable","12":"shipping-taxable","13":"purchasable","14":"product-type-simple"},"_links":{"self":[{"href":"https:\/\/ziolazycia.com\/nowa\/wp-json\/wp\/v2\/product\/1214","targetHints":{"allow":["GET"]}}],"collection":[{"href":"https:\/\/ziolazycia.com\/nowa\/wp-json\/wp\/v2\/product"}],"about":[{"href":"https:\/\/ziolazycia.com\/nowa\/wp-json\/wp\/v2\/types\/product"}],"replies":[{"embeddable":true,"href":"https:\/\/ziolazycia.com\/nowa\/wp-json\/wp\/v2\/comments?post=1214"}],"wp:featuredmedia":[{"embeddable":true,"href":"https:\/\/ziolazycia.com\/nowa\/wp-json\/wp\/v2\/media\/9536"}],"wp:attachment":[{"href":"https:\/\/ziolazycia.com\/nowa\/wp-json\/wp\/v2\/media?parent=1214"}],"wp:term":[{"taxonomy":"product_brand","embeddable":true,"href":"https:\/\/ziolazycia.com\/nowa\/wp-json\/wp\/v2\/product_brand?post=1214"},{"taxonomy":"product_cat","embeddable":true,"href":"https:\/\/ziolazycia.com\/nowa\/wp-json\/wp\/v2\/product_cat?post=1214"},{"taxonomy":"product_tag","embeddable":true,"href":"https:\/\/ziolazycia.com\/nowa\/wp-json\/wp\/v2\/product_tag?post=1214"}],"curies":[{"name":"wp","href":"https:\/\/api.w.org\/{rel}","templated":true}]}}