{"id":1210,"date":"2023-11-29T18:52:21","date_gmt":"2023-11-29T17:52:21","guid":{"rendered":"https:\/\/ziolazycia.com\/nowa\/?post_type=product&#038;p=1210"},"modified":"2025-11-26T15:58:35","modified_gmt":"2025-11-26T14:58:35","slug":"ginkgo-biloba-milorzab-japonski-60mg-60-kapsulek-now-foods","status":"publish","type":"product","link":"https:\/\/ziolazycia.com\/nowa\/product\/ginkgo-biloba-milorzab-japonski-60mg-60-kapsulek-now-foods\/","title":{"rendered":"Ginkgo Biloba (Mi\u0142orz\u0105b japo\u0144ski) 60 mg 60 kapsu\u0142ek"},"content":{"rendered":"<p>Jest to ekstrakt standaryzowany na zawarto\u015b\u0107 co najmniej 24% ginkgoflawonoglikozyd\u00f3w oraz min. 6% lakton\u00f3w terpenowych, w tym ginkgolid B, czyli najwa\u017cniejsza frakcja a tak\u017ce ginkgolidy A i C.<\/p>\n<p>Dzi\u0119ki substancjom czynnym, mi\u0142orz\u0105b japo\u0144ski mo\u017ce stanowi\u0107 wsparcie dla uk\u0142adu nerwowego, mo\u017ce wykazywa\u0107 pozytywny wp\u0142yw na pami\u0119\u0107 i koncentracj\u0119.<\/p>\n<p><strong>Zawarto\u015b\u0107 opakowania:<\/strong>\u00a060 kapsu\u0142ek vege<\/p>\n<p><strong>Dzienne spo\u017cycie:<\/strong>\u00a01 kapsu\u0142ka<\/p>\n<p><strong>Sk\u0142adniki aktywne:<\/strong><\/p>\n<table width=\"100%\">\n<thead>\n<tr>\n<td><\/td>\n<td width=\"23%\">1 kapsu\u0142ka<\/td>\n<td width=\"1%\"><\/td>\n<\/tr>\n<\/thead>\n<tbody>\n<tr>\n<td>\n<table>\n<tbody>\n<tr>\n<td>Ekstrakt z Gingko Biloba (li\u015b\u0107) (standaryzowany na min. 24% ginkgoflawonoglikozyd\u00f3w)<\/td>\n<td><\/td>\n<\/tr>\n<tr>\n<td>Sproszkowany Ginkgo Biloba (li\u015b\u0107)<\/td>\n<td><\/td>\n<\/tr>\n<\/tbody>\n<\/table>\n<\/td>\n<td width=\"23%\">60 mg<\/p>\n<p>&nbsp;<\/p>\n<p>&nbsp;<\/p>\n<p>200 mg<\/td>\n<td width=\"1%\"><\/td>\n<\/tr>\n<\/tbody>\n<\/table>\n<p><strong>Sk\u0142adniki:<\/strong> Li\u015b\u0107 mi\u0142orz\u0119bu japo\u0144skiego ekstrakt (DER 50:1, 24% glikozyd\u00f3w flawonowych, 6% lakton\u00f3w tr\u00f3jterpenowych); materia\u0142 kapsu\u0142ki: celuloza; substancja przeciwzbrylaj\u0105ca: sole magnezowe kwas\u00f3w t\u0142uszczowych.<\/p>\n<p><strong>Ginkgo Biloba (Mi\u0142orz\u0105b japo\u0144ski) 60 mg &#8211; spos\u00f3b u\u017cycia:<\/strong><\/p>\n<p>1 kapsu\u0142k\u0119\u00a0 dziennie.<\/p>\n<p><strong>Nie przekracza\u0107 zalecanej porcji do spo\u017cycia w ci\u0105gu dnia. Produkt nie mo\u017ce by\u0107 stosowany jako substytut zr\u00f3\u017cnicowanej diety. Wa\u017cne jest stosowanie zr\u00f3\u017cnicowanej i zbilansowanej diety oraz prowadzenie zdrowego trybu \u017cycia.<\/strong><\/p>\n<p><strong>Przechowywanie:<\/strong><\/p>\n<p>Po otwarciu przechowywa\u0107 w suchym i ciemnym miejscu, z dala od ma\u0142ych dzieci.<\/p>\n<p><strong>Producent:<\/strong><\/p>\n<p>Now Foods<br \/>\n395 S. Glen Ellyn Road<br \/>\nIL 60108 Bloomingdale, Stany Zjednoczone<\/p>\n","protected":false},"excerpt":{"rendered":"<p><strong>Suplement diety<\/strong><\/p>\n<h2><strong>Wsparcie pracy m\u00f3zgu<\/strong><\/h2>\n<p>Suplement diety, kt\u00f3rego g\u0142\u00f3wnym sk\u0142adnikiem s\u0105 li\u015bcie mi\u0142orz\u0119bu japo\u0144skiego \u00a0pochodz\u0105cego z upraw najwy\u017cszej jako\u015bci.<\/p>\n","protected":false},"featured_media":9533,"comment_status":"closed","ping_status":"closed","template":"","meta":[],"product_brand":[],"product_cat":[72],"product_tag":[],"class_list":{"0":"post-1210","1":"product","2":"type-product","3":"status-publish","4":"has-post-thumbnail","6":"product_cat-suplementy-diety","8":"first","9":"instock","10":"sale","11":"taxable","12":"shipping-taxable","13":"purchasable","14":"product-type-simple"},"_links":{"self":[{"href":"https:\/\/ziolazycia.com\/nowa\/wp-json\/wp\/v2\/product\/1210","targetHints":{"allow":["GET"]}}],"collection":[{"href":"https:\/\/ziolazycia.com\/nowa\/wp-json\/wp\/v2\/product"}],"about":[{"href":"https:\/\/ziolazycia.com\/nowa\/wp-json\/wp\/v2\/types\/product"}],"replies":[{"embeddable":true,"href":"https:\/\/ziolazycia.com\/nowa\/wp-json\/wp\/v2\/comments?post=1210"}],"wp:featuredmedia":[{"embeddable":true,"href":"https:\/\/ziolazycia.com\/nowa\/wp-json\/wp\/v2\/media\/9533"}],"wp:attachment":[{"href":"https:\/\/ziolazycia.com\/nowa\/wp-json\/wp\/v2\/media?parent=1210"}],"wp:term":[{"taxonomy":"product_brand","embeddable":true,"href":"https:\/\/ziolazycia.com\/nowa\/wp-json\/wp\/v2\/product_brand?post=1210"},{"taxonomy":"product_cat","embeddable":true,"href":"https:\/\/ziolazycia.com\/nowa\/wp-json\/wp\/v2\/product_cat?post=1210"},{"taxonomy":"product_tag","embeddable":true,"href":"https:\/\/ziolazycia.com\/nowa\/wp-json\/wp\/v2\/product_tag?post=1210"}],"curies":[{"name":"wp","href":"https:\/\/api.w.org\/{rel}","templated":true}]}}