{"id":1206,"date":"2023-11-29T18:50:08","date_gmt":"2023-11-29T17:50:08","guid":{"rendered":"https:\/\/ziolazycia.com\/nowa\/?post_type=product&#038;p=1206"},"modified":"2025-11-26T15:58:35","modified_gmt":"2025-11-26T14:58:35","slug":"fresh-green-walnutin-wormwood-wyciag-z-zielonego-orzecha-59ml-now-foods","status":"publish","type":"product","link":"https:\/\/ziolazycia.com\/nowa\/product\/fresh-green-walnutin-wormwood-wyciag-z-zielonego-orzecha-59ml-now-foods\/","title":{"rendered":"Fresh Green Walnutin Wormwood (Wyci\u0105g z zielonego orzecha) 59 ml"},"content":{"rendered":"<p>Orzech szary to \u017ar\u00f3d\u0142o organicznego jodu, dzi\u0119ki czemu mo\u017ce on wykazywa\u0107 w\u0142a\u015bciwo\u015bci aseptyczne. Natomiast bylica pio\u0142un dzi\u0119ki swoim w\u0142a\u015bciwo\u015bciom mo\u017ce wspiera\u0107 prace uk\u0142adu pokarmowego, natomiast p\u0105czki go\u017adzikowca mog\u0105 pozytywnie wp\u0142ywa\u0107 na procesy trawienne jak i wykazywa\u0107 zdolno\u015bci aseptyczne<\/p>\n<p>Zawarto\u015b\u0107 tujonu w dziennej porcji suplementu diety jest na poziomie wielokrotnie ni\u017cszym ni\u017c 6 mg.<\/p>\n<p>Wyci\u0105g alkoholowy<\/p>\n<p><strong>Zawarto\u015b\u0107 opakowania:<\/strong>\u00a0p\u0142yn 59 ml<\/p>\n<p><strong>Dzienne spo\u017cycie:<\/strong>\u00a045 kropli<\/p>\n<p><strong>Sk\u0142adniki aktywne:<\/strong><\/p>\n<table width=\"100%\">\n<thead>\n<tr>\n<td><\/td>\n<td width=\"23%\"><strong>45 kropli<\/strong><\/td>\n<td width=\"1%\"><\/td>\n<\/tr>\n<\/thead>\n<tbody>\n<tr>\n<td>Ekstrakt naowocni orzecha szarego<\/p>\n<p>Ekstrakt ziela bylicy<\/p>\n<p>Ekstrakt p\u0105czk\u00f3w go\u017adzikowca<\/td>\n<td width=\"23%\">\u00a01,12 g<\/p>\n<p>0,83 g<\/p>\n<p>0,83 g<\/td>\n<td width=\"1%\"><\/td>\n<\/tr>\n<\/tbody>\n<\/table>\n<p><strong>Sk\u0142adniki:<\/strong> Woda oczyszczona, ekstrakt naowocni orzecha szarego (<em>Juglans cinerera Pericarpium<\/em>\u00a0DER 1:5), ekstrakt ziela bylicy pio\u0142unu (<em>Artemisia absintum Herba<\/em>\u00a0DER 1:5); ekstrakt p\u0105k\u00f3w go\u017adzikowca (<em>Syzygium aromaticum Gemma<\/em>\u00a0DER 1:5), alkohol etylowy (zawarto\u015b\u0107 etanolu nie wi\u0119cej ni\u017c 1,2 % masy).<\/p>\n<h2><strong>Fresh Green Walnutin Wormwood 59 ml &#8211; spos\u00f3b u\u017cycia:<\/strong><\/h2>\n<p>2-3 razy dziennie (przed posi\u0142kiem, przed snem) po 7-15 kropli wymieszane z wod\u0105\u00a0.<\/p>\n<p><strong>Nie przekracza\u0107 zalecanej porcji do spo\u017cycia w ci\u0105gu dnia. Produkt nie mo\u017ce by\u0107 stosowany jako substytut zr\u00f3\u017cnicowanej diety. Wa\u017cne jest stosowanie zr\u00f3\u017cnicowanej i zbilansowanej diety oraz prowadzenie zdrowego trybu \u017cycia.<\/strong><\/p>\n<p><strong>Przechowywanie<\/strong><\/p>\n<p>Po otwarciu przechowywa\u0107 w suchym i ciemnym miejscu, z dala od ma\u0142ych dzieci.<\/p>\n<p><strong>Producent:<\/strong><\/p>\n<p>Now Foods<br \/>\n395 S. Glen Ellyn Road<br \/>\nIL 60108 Bloomingdale, Stany Zjednoczone<\/p>\n<p>&nbsp;<\/p>\n","protected":false},"excerpt":{"rendered":"<p><strong>Suplement diety<\/strong><\/p>\n<p>Suplement diety, kt\u00f3rego g\u0142\u00f3wnymi sk\u0142adnikami s\u0105 ekstrakt z zielonej \u0142upiny orzecha, ekstrakt ziela bylicy pio\u0142un oraz ekstrakt z p\u0105czk\u00f3w go\u017adzikowca.\u00a0 Wszystkie sk\u0142adniki suplementu diety s\u0105 surowcami zielarkimi stosowanymi od dawien dawna w zio\u0142olecznictwie.<\/p>\n","protected":false},"featured_media":9530,"comment_status":"closed","ping_status":"closed","template":"","meta":[],"product_brand":[],"product_cat":[72],"product_tag":[],"class_list":{"0":"post-1206","1":"product","2":"type-product","3":"status-publish","4":"has-post-thumbnail","6":"product_cat-suplementy-diety","8":"first","9":"instock","10":"sale","11":"taxable","12":"shipping-taxable","13":"purchasable","14":"product-type-simple"},"_links":{"self":[{"href":"https:\/\/ziolazycia.com\/nowa\/wp-json\/wp\/v2\/product\/1206","targetHints":{"allow":["GET"]}}],"collection":[{"href":"https:\/\/ziolazycia.com\/nowa\/wp-json\/wp\/v2\/product"}],"about":[{"href":"https:\/\/ziolazycia.com\/nowa\/wp-json\/wp\/v2\/types\/product"}],"replies":[{"embeddable":true,"href":"https:\/\/ziolazycia.com\/nowa\/wp-json\/wp\/v2\/comments?post=1206"}],"wp:featuredmedia":[{"embeddable":true,"href":"https:\/\/ziolazycia.com\/nowa\/wp-json\/wp\/v2\/media\/9530"}],"wp:attachment":[{"href":"https:\/\/ziolazycia.com\/nowa\/wp-json\/wp\/v2\/media?parent=1206"}],"wp:term":[{"taxonomy":"product_brand","embeddable":true,"href":"https:\/\/ziolazycia.com\/nowa\/wp-json\/wp\/v2\/product_brand?post=1206"},{"taxonomy":"product_cat","embeddable":true,"href":"https:\/\/ziolazycia.com\/nowa\/wp-json\/wp\/v2\/product_cat?post=1206"},{"taxonomy":"product_tag","embeddable":true,"href":"https:\/\/ziolazycia.com\/nowa\/wp-json\/wp\/v2\/product_tag?post=1206"}],"curies":[{"name":"wp","href":"https:\/\/api.w.org\/{rel}","templated":true}]}}