{"id":1198,"date":"2023-11-29T18:47:01","date_gmt":"2023-11-29T17:47:01","guid":{"rendered":"https:\/\/ziolazycia.com\/nowa\/?post_type=product&#038;p=1198"},"modified":"2025-11-26T15:58:34","modified_gmt":"2025-11-26T14:58:34","slug":"echinacea-goldenseal-glycerite-wyciag-z-jezowki-i-gorzknika-59-ml-now-foods","status":"publish","type":"product","link":"https:\/\/ziolazycia.com\/nowa\/product\/echinacea-goldenseal-glycerite-wyciag-z-jezowki-i-gorzknika-59-ml-now-foods\/","title":{"rendered":"Echinacea &#038; Goldenseal Glycerite (Wyci\u0105g z je\u017c\u00f3wki i gorzknika) krople 59 ml"},"content":{"rendered":"<p>Je\u017c\u00f3wka od lat znana jest ze swoich w\u0142a\u015bciwo\u015bci uodparniaj\u0105cych m.in. zapobiegaj\u0105cych infekcjom g\u00f3rnych dr\u00f3g oddechowych i uk\u0142adu moczowego.<\/p>\n<p>Gorzknik kanadyjski dzi\u0119ki zawarto\u015bci: alkaloid\u00f3w izochinolinowych takich, jak berberyna, hydrastyna i kanadyna r\u00f3wnie\u017c wykazuje w\u0142a\u015bciwo\u015bci wspieraj\u0105ce uk\u0142ad odporno\u015bciowy.<\/p>\n<p>Dziurawiec zawieraj\u0105cy hyperycyn\u0119, rutyn\u0119, kwercetyn\u0119 wykazuje pozytywny wp\u0142yw na uk\u0142ad immunologiczny.<\/p>\n<p>Podobnie sadziec przero\u015bni\u0119ty mo\u017ce stymulowa\u0107 mechanizmy obronne organizmu.<\/p>\n<p><strong>Zawarto\u015b\u0107 opakowania<\/strong>:\u00a059 ml wyci\u0105g bezalkoholowy<\/p>\n<p><strong>Dzienne spo\u017cycie<\/strong>:\u00a02 krople<\/p>\n<p><strong>Sk\u0142adniki aktywne:<\/strong><\/p>\n<table width=\"100%\">\n<thead>\n<tr>\n<td>&nbsp;<\/p>\n<p>&nbsp;<\/p>\n<p>Unikalna mieszanka: Je\u017c\u00f3wka (Echinacea purpurea- korze\u0144 ekstrakt, Gorzknik kanadyjski (Hydrastis canadensis) &#8211; korze\u0144, Dziurawiec (Hypericum perforatum) &#8211; korze\u0144 i Sadziec przero\u015bni\u0119ty (Eupatorium perfoliatum).<\/td>\n<td width=\"23%\"><strong>2 krople<\/strong><\/td>\n<td width=\"1%\"><\/td>\n<\/tr>\n<\/thead>\n<tbody>\n<tr>\n<td><\/td>\n<td width=\"23%\">1,6 ml<\/td>\n<td width=\"1%\"><\/td>\n<\/tr>\n<\/tbody>\n<\/table>\n<p><strong>Sk\u0142adniki:<\/strong> Je\u017c\u00f3wka (Echinacea purpurea- korze\u0144 extract, Gorzknik kanadyjski (Hydrastis canadensis) &#8211; korze\u0144, Dziurawiec (Hypericum perforatum) -korze\u0144 i Sadziec przero\u015bni\u0119ty (Eupatorium perfoliatum), glicerol pochodzenia ro\u015blinnego, woda.<\/p>\n<h2>Echinacea &amp; Goldenseal Glycerite &#8211; spos\u00f3b u\u017cycia:<\/h2>\n<p>2 porcje z\u00a0kroplomierza dziennie w\u00a0razie potrzeby.<\/p>\n<p>Dzieci od\u00a03 do 12 lat we\u017a 1 porcja z\u00a0kroplomierza dziennie w\u00a0razie potrzeby.<\/p>\n<p>Nie przekracza\u0107 zalecanej porcji do spo\u017cycia w ci\u0105gu dnia. Produkt nie mo\u017ce by\u0107 stosowany jako substytut zr\u00f3\u017cnicowanej diety. Wa\u017cne jest stosowanie zr\u00f3\u017cnicowanej i zbilansowanej diety oraz prowadzenie zdrowego trybu \u017cycia.<\/p>\n<p><strong>Przechowywanie<\/strong><\/p>\n<p>Po otwarciu przechowywa\u0107 w suchym i ciemnym miejscu, z dala od ma\u0142ych dzieci.<\/p>\n<p><strong>Producent:<\/strong><\/p>\n<p>Now Foods<br \/>\n395 S. Glen Ellyn Road<br \/>\nIL 60108 Bloomingdale, Stany Zjednoczone<\/p>\n","protected":false},"excerpt":{"rendered":"<p><strong>Suplement diety<\/strong><\/p>\n<h2>Wsparcie immunologiczne organizmu<\/h2>\n<p>Echinacea &amp; Goldenseal Glycerite to suplement diety, kt\u00f3rego g\u0142\u00f3wnymi sk\u0142adnikami s\u0105 wyci\u0105gi z: korzenia je\u017c\u00f3wki, korzenia gorzknika kanadyjskiego, korzenia dziurawca i sad\u017aca przero\u015bni\u0119tego.<\/p>\n<p>&nbsp;<\/p>\n","protected":false},"featured_media":9527,"comment_status":"closed","ping_status":"closed","template":"","meta":[],"product_brand":[],"product_cat":[72],"product_tag":[],"class_list":{"0":"post-1198","1":"product","2":"type-product","3":"status-publish","4":"has-post-thumbnail","6":"product_cat-suplementy-diety","8":"first","9":"outofstock","10":"taxable","11":"shipping-taxable","12":"purchasable","13":"product-type-simple"},"_links":{"self":[{"href":"https:\/\/ziolazycia.com\/nowa\/wp-json\/wp\/v2\/product\/1198","targetHints":{"allow":["GET"]}}],"collection":[{"href":"https:\/\/ziolazycia.com\/nowa\/wp-json\/wp\/v2\/product"}],"about":[{"href":"https:\/\/ziolazycia.com\/nowa\/wp-json\/wp\/v2\/types\/product"}],"replies":[{"embeddable":true,"href":"https:\/\/ziolazycia.com\/nowa\/wp-json\/wp\/v2\/comments?post=1198"}],"wp:featuredmedia":[{"embeddable":true,"href":"https:\/\/ziolazycia.com\/nowa\/wp-json\/wp\/v2\/media\/9527"}],"wp:attachment":[{"href":"https:\/\/ziolazycia.com\/nowa\/wp-json\/wp\/v2\/media?parent=1198"}],"wp:term":[{"taxonomy":"product_brand","embeddable":true,"href":"https:\/\/ziolazycia.com\/nowa\/wp-json\/wp\/v2\/product_brand?post=1198"},{"taxonomy":"product_cat","embeddable":true,"href":"https:\/\/ziolazycia.com\/nowa\/wp-json\/wp\/v2\/product_cat?post=1198"},{"taxonomy":"product_tag","embeddable":true,"href":"https:\/\/ziolazycia.com\/nowa\/wp-json\/wp\/v2\/product_tag?post=1198"}],"curies":[{"name":"wp","href":"https:\/\/api.w.org\/{rel}","templated":true}]}}