{"id":1194,"date":"2023-11-29T18:45:09","date_gmt":"2023-11-29T17:45:09","guid":{"rendered":"https:\/\/ziolazycia.com\/nowa\/?post_type=product&#038;p=1194"},"modified":"2025-11-26T15:58:34","modified_gmt":"2025-11-26T14:58:34","slug":"cordyceps-kordyceps-750mg-90-kapsulek-now-foods","status":"publish","type":"product","link":"https:\/\/ziolazycia.com\/nowa\/product\/cordyceps-kordyceps-750mg-90-kapsulek-now-foods\/","title":{"rendered":"Cordyceps (Kordyceps) 750 mg 90 kapsu\u0142ek"},"content":{"rendered":"<p>Cordyceps to grzyb stosowany od setek lat w medycynie chi\u0144skiej. Doceniany dzi\u0119ki swoim w\u0142a\u015bciwo\u015bciom adaptogennym. Zawiera wiele bioaktywnych zwi\u0105zk\u00f3w, mi\u0119dzy innymi polisacharyd\u00f3w i nukleozyd\u00f3w, kt\u00f3rych w\u0142a\u015bciwo\u015bci s\u0105 poddawane szeroko zakrojonym badaniom.<\/p>\n<p>Wysoka zawarto\u015b\u0107 cordycepsu &#8211; a\u017c 750 mg \/kapsu\u0142ka<\/p>\n<p><strong>Zawarto\u015b\u0107 opakowania<\/strong>:\u00a090 kapsu\u0142ek<\/p>\n<p><strong>Dzienne spo\u017cycie<\/strong>:\u00a04 kapsu\u0142ki<\/p>\n<p><strong>Sk\u0142adniki aktywne:<\/strong><\/p>\n<table width=\"100%\">\n<thead>\n<tr>\n<td><\/td>\n<td width=\"23%\"><strong>2 kapsu\u0142ki<\/strong><\/td>\n<td width=\"1%\"><\/td>\n<\/tr>\n<\/thead>\n<tbody>\n<tr>\n<td>Ekologiczny Cordyceps (Cordyceps sinensis) (grzybnia)<\/td>\n<td width=\"23%\">1500mg<\/td>\n<td width=\"1%\"><\/td>\n<\/tr>\n<\/tbody>\n<\/table>\n<p>Sk\u0142adniki: Maczu\u017cnik chi\u0144ski (Cordyceps sinensis); substancja wype\u0142niaj\u0105ca: sproszkowana celuloza; materia\u0142 kapsu\u0142ki: celuloza; substancja przeciwzbrylaj\u0105ca: kwas stearynowy.<\/p>\n<p><strong>Spos\u00f3b u\u017cycia:<\/strong><\/p>\n<p>2 kapsu\u0142ki 2 razy dziennie podczas posi\u0142ku, popijaj\u0105c wod\u0105<\/p>\n<p>Nie przekracza\u0107 zalecanej porcji do spo\u017cycia w ci\u0105gu dnia. Produkt nie mo\u017ce by\u0107 stosowany jako substytut zr\u00f3\u017cnicowanej diety. Wa\u017cne jest stosowanie zr\u00f3\u017cnicowanej i zbilansowanej diety oraz prowadzenie zdrowego trybu \u017cycia.<\/p>\n<p><strong>Przechowywanie:<\/strong><br \/>\nPo otwarciu przechowywa\u0107 w suchym i ciemnym miejscu, z dala od ma\u0142ych dzieci.<\/p>\n<p><strong>Producent:<\/strong><br \/>\nNow Foods<br \/>\n395 S. Glen Ellyn Road<br \/>\nIL 60108 Bloomingdale, Stany Zjednoczone<\/p>\n<p>&nbsp;<\/p>\n<p>&nbsp;<\/p>\n","protected":false},"excerpt":{"rendered":"<p><strong>Suplement diety<\/strong><\/p>\n<h2>Wsparcie sercowo-naczyniowe,witalno\u015b\u0107 i odporno\u015b\u0107<\/h2>\n<p>Cordyceps 750 mg to suplement diety, kt\u00f3rego g\u0142\u00f3wnym sk\u0142adnikiem jest kordyceps (Cordyceps sinensis) wyst\u0119puj\u0105cy r\u00f3wnie\u017c pod nazw\u0105 maczu\u017cnik chi\u0144ski.<\/p>\n","protected":false},"featured_media":9524,"comment_status":"closed","ping_status":"closed","template":"","meta":[],"product_brand":[],"product_cat":[72],"product_tag":[],"class_list":{"0":"post-1194","1":"product","2":"type-product","3":"status-publish","4":"has-post-thumbnail","6":"product_cat-suplementy-diety","8":"first","9":"outofstock","10":"sale","11":"taxable","12":"shipping-taxable","13":"purchasable","14":"product-type-simple"},"_links":{"self":[{"href":"https:\/\/ziolazycia.com\/nowa\/wp-json\/wp\/v2\/product\/1194","targetHints":{"allow":["GET"]}}],"collection":[{"href":"https:\/\/ziolazycia.com\/nowa\/wp-json\/wp\/v2\/product"}],"about":[{"href":"https:\/\/ziolazycia.com\/nowa\/wp-json\/wp\/v2\/types\/product"}],"replies":[{"embeddable":true,"href":"https:\/\/ziolazycia.com\/nowa\/wp-json\/wp\/v2\/comments?post=1194"}],"wp:featuredmedia":[{"embeddable":true,"href":"https:\/\/ziolazycia.com\/nowa\/wp-json\/wp\/v2\/media\/9524"}],"wp:attachment":[{"href":"https:\/\/ziolazycia.com\/nowa\/wp-json\/wp\/v2\/media?parent=1194"}],"wp:term":[{"taxonomy":"product_brand","embeddable":true,"href":"https:\/\/ziolazycia.com\/nowa\/wp-json\/wp\/v2\/product_brand?post=1194"},{"taxonomy":"product_cat","embeddable":true,"href":"https:\/\/ziolazycia.com\/nowa\/wp-json\/wp\/v2\/product_cat?post=1194"},{"taxonomy":"product_tag","embeddable":true,"href":"https:\/\/ziolazycia.com\/nowa\/wp-json\/wp\/v2\/product_tag?post=1194"}],"curies":[{"name":"wp","href":"https:\/\/api.w.org\/{rel}","templated":true}]}}