{"id":1190,"date":"2023-11-29T18:43:34","date_gmt":"2023-11-29T17:43:34","guid":{"rendered":"https:\/\/ziolazycia.com\/nowa\/?post_type=product&#038;p=1190"},"modified":"2025-11-26T15:58:34","modified_gmt":"2025-11-26T14:58:34","slug":"cats-claw-extract-koci-pazur-120-kapsulek-now-foods","status":"publish","type":"product","link":"https:\/\/ziolazycia.com\/nowa\/product\/cats-claw-extract-koci-pazur-120-kapsulek-now-foods\/","title":{"rendered":"Cat&#8217;s Claw Extract (Koci Pazur) 120 kapsu\u0142ek"},"content":{"rendered":"<p>Koci pazur, zwany r\u00f3wnie\u017c \u201e\u017cyciodajn\u0105 winoro\u015bl\u0105 Peru\u201d, \u201esaventaro\u201d, \u201eu\u00f1a de gato\u201d , &#8222;vilcacor\u0105&#8221; lub czepot\u0105 puszyst\u0105, to g\u0119ste, drzewne pn\u0105cze wyst\u0119puj\u0105ce\u00a0 w lasach deszczowych Amazonii i innych obszarach tropikalnych Ameryki Po\u0142udniowej i \u015arodkowej, gdzie od dawien dawna jest cenionym surowcem zielarskim. Wsp\u00f3\u0142czesne badania naukowe wykaza\u0142y, \u017ce jego charakterystyczne alkaloidy mog\u0105 wykazywa\u0107 w\u0142a\u015bciwo\u015bci przeciwzapalne i antyoksydacyjne.<\/p>\n<p>Ponadto wykazano, \u017ce ekstrakt z wewn\u0119trznej kory Uncaria Tomentosa (Koci Pazur) pobudza proces fagocytozy, czyli proces wch\u0142aniania wadliwych kom\u00f3rek przez kom\u00f3rki uk\u0142adu immunologicznego.<\/p>\n<h6>\u0179r\u00f3d\u0142o:<\/h6>\n<p>LiverTox: Clinical and Research Information on Drug-Induced Liver Injury\u00a0<sup>5<\/sup>. Bethesda (MD): National Institute of Diabetes and Digestive and Kidney Diseases; 2012\u2013. Cat&#8217;s Claw. 2019 Feb 18. PMID: 31643645.<\/p>\n<p>LiverTox: Clinical and Research Information on Drug-Induced Liver Injury\u00a0<sup>6<\/sup>. Bethesda (MD): National Institute of Diabetes and Digestive and Kidney Diseases; 2012\u2013. Cat&#8217;s Claw. 2019 Feb 18. PMID: 31643645.<\/p>\n<p>Yepes-P\u00e9rez AF, Herrera-Calderon O, Quintero-Saumeth J.\u00a0<em>Uncaria tomentosa<\/em>\u00a0(cat&#8217;s claw): a promising herbal medicine against SARS-CoV-2\/ACE-2 junction and SARS-CoV-2 spike protein based on molecular modeling. J Biomol Struct Dyn. 2020 Oct 29:1-17. doi: 10.1080\/07391102.2020.1837676. Epub ahead of print. PMID: 33118480; PMCID: PMC7657399.<\/p>\n<p>Snow AD, Castillo GM, Nguyen BP, Choi PY, Cummings JA, Cam J, Hu Q, Lake T, Pan W, Kastin AJ, Kirschner DA, Wood SG, Rockenstein E, Masliah E, Lorimer S, Tanzi RE, Larsen L. The Amazon rain forest plant Uncaria tomentosa (cat&#8217;s claw) and its specific proanthocyanidin constituents are potent inhibitors and reducers of both brain plaques and tangles. Sci Rep. 2019 Feb 6;9(1):561. doi: 10.1038\/s41598-019-38645-0. PMID: 30728442; PMCID: PMC6365538<\/p>\n<p><strong>Zawarto\u015b\u0107 opakowania:<\/strong> 120 kapsu\u0142ek, r\u00f3wnie\u017c dla wegetarian<\/p>\n<p><strong>Dzienne spo\u017cycie:<\/strong>\u00a02 wege kapsu\u0142ki<\/p>\n<p><strong>Sk\u0142adniki aktywne:<\/strong><\/p>\n<table width=\"100%\">\n<thead>\n<tr>\n<td><\/td>\n<td width=\"23%\"><strong>2 kapsu\u0142ki<\/strong><\/td>\n<td width=\"1%\"><\/td>\n<\/tr>\n<\/thead>\n<tbody>\n<tr>\n<td><strong>Koci Pazur ekstrakt<\/strong><br \/>\n(Uncaria tomentosa) (min. 0,9% alkaloid\u00f3w oksindolowych)<\/td>\n<td width=\"23%\">\u00a0668 mg<\/td>\n<td width=\"1%\"><\/td>\n<\/tr>\n<\/tbody>\n<\/table>\n<p><strong>Sk\u0142adniki:<\/strong> Koci Pazur ekstrakt (Uncaria Tomentosa) (min. 0,9% alkaloid\u00f3w oksindolowych); otoczka kapsu\u0142ki: hypromeloza; substancja wype\u0142niaj\u0105ca: celuloza mikrokrystaliczna; substancje przeciwzbrylaj\u0105ce: kwas stearynowy (\u017ar\u00f3d\u0142o ro\u015blinne) i dwutlenek krzemu.<\/p>\n<h2><strong>Cat&#8217;s Claw Extract &#8211; spos\u00f3b u\u017cycia:<\/strong><\/h2>\n<p>2 kapsu\u0142ki dziennie popijaj\u0105c pe\u0142n\u0105 szklank\u0105 wody.<\/p>\n<p>Nie przekracza\u0107 zalecanej porcji do spo\u017cycia w ci\u0105gu dnia. Produkt nie mo\u017ce by\u0107 stosowany jako substytut zr\u00f3\u017cnicowanej diety. Wa\u017cne jest stosowanie zr\u00f3\u017cnicowanej i zbilansowanej diety oraz prowadzenie zdrowego trybu \u017cycia.<\/p>\n<p><strong>Przechowywanie<\/strong><\/p>\n<p>Przechowywa\u0107 w temperaturze pokojowej w suchym i ciemnym miejscu, z dala od ma\u0142ych dzieci.<\/p>\n<p><strong>Producent<\/strong><\/p>\n<p>Now Foods<br \/>\n395 S. Glen Ellyn Road<br \/>\nIL 60108 Bloomingdale, Stany Zjednoczone<\/p>\n","protected":false},"excerpt":{"rendered":"<h6><strong>Suplement diety<\/strong><\/h6>\n<h2><strong>Wsparcie immunologiczne<\/strong><\/h2>\n<p>Suplement diety, kt\u00f3rego g\u0142\u00f3wnym sk\u0142adnikiem jest\u00a0 naturalny ekstrakt z najwy\u017cszej jako\u015bci wewn\u0119trznej kory Uncaria Tomentosa (Koci Pazur) standaryzowanej na\u00a0<strong>0,9% alkaloid\u00f3w oksyindolowych<\/strong>.<\/p>\n","protected":false},"featured_media":9521,"comment_status":"closed","ping_status":"closed","template":"","meta":[],"product_brand":[78],"product_cat":[72],"product_tag":[],"class_list":{"0":"post-1190","1":"product","2":"type-product","3":"status-publish","4":"has-post-thumbnail","6":"product_brand-now-foods","7":"product_cat-suplementy-diety","9":"first","10":"instock","11":"sale","12":"taxable","13":"shipping-taxable","14":"purchasable","15":"product-type-simple"},"_links":{"self":[{"href":"https:\/\/ziolazycia.com\/nowa\/wp-json\/wp\/v2\/product\/1190","targetHints":{"allow":["GET"]}}],"collection":[{"href":"https:\/\/ziolazycia.com\/nowa\/wp-json\/wp\/v2\/product"}],"about":[{"href":"https:\/\/ziolazycia.com\/nowa\/wp-json\/wp\/v2\/types\/product"}],"replies":[{"embeddable":true,"href":"https:\/\/ziolazycia.com\/nowa\/wp-json\/wp\/v2\/comments?post=1190"}],"wp:featuredmedia":[{"embeddable":true,"href":"https:\/\/ziolazycia.com\/nowa\/wp-json\/wp\/v2\/media\/9521"}],"wp:attachment":[{"href":"https:\/\/ziolazycia.com\/nowa\/wp-json\/wp\/v2\/media?parent=1190"}],"wp:term":[{"taxonomy":"product_brand","embeddable":true,"href":"https:\/\/ziolazycia.com\/nowa\/wp-json\/wp\/v2\/product_brand?post=1190"},{"taxonomy":"product_cat","embeddable":true,"href":"https:\/\/ziolazycia.com\/nowa\/wp-json\/wp\/v2\/product_cat?post=1190"},{"taxonomy":"product_tag","embeddable":true,"href":"https:\/\/ziolazycia.com\/nowa\/wp-json\/wp\/v2\/product_tag?post=1190"}],"curies":[{"name":"wp","href":"https:\/\/api.w.org\/{rel}","templated":true}]}}