{"id":1178,"date":"2023-11-29T18:38:02","date_gmt":"2023-11-29T17:38:02","guid":{"rendered":"https:\/\/ziolazycia.com\/nowa\/?post_type=product&#038;p=1178"},"modified":"2025-11-26T15:58:33","modified_gmt":"2025-11-26T14:58:33","slug":"c-1000-witamina-c-z-bioflawonoidami-100-kapsulek-now-foods","status":"publish","type":"product","link":"https:\/\/ziolazycia.com\/nowa\/product\/c-1000-witamina-c-z-bioflawonoidami-100-kapsulek-now-foods\/","title":{"rendered":"C-1000 Witamina C z bioflawonoidami i rutyn\u0105 100 wege kapsu\u0142ek"},"content":{"rendered":"<p>Suplement diety C-1000 \u015bwietnie sprawdzi si\u0119 w okresie jesienno-zimowym, gdy nast\u0119puje\u00a0 spadek odporno\u015bci, a jednocze\u015bnie wzrasta nasza podatno\u015b\u0107 na infekcje.<\/p>\n<p>Witamina C wykazuje dzia\u0142anie silnie antyoksydacyjne dzi\u0119ki czemu chroni kom\u00f3rki przed stresem oksydacyjnym, bierze udzia\u0142 w produkcji kolagenu oraz przyczynia si\u0119 do\u00a0 utrzymania prawid\u0142owego poziomu cholesterolu we krwi.<\/p>\n<p><strong>Zawarto\u015b\u0107 opakowania<\/strong>: 100 wege kapsu\u0142ek<\/p>\n<p><strong>Dzienne spo\u017cycie<\/strong>:\u00a01 kapsu\u0142ka<\/p>\n<p><strong>Sk\u0142adniki aktywne w 1 kapsu\u0142ce suplementu C-1000:<\/strong><\/p>\n<p>Witamina C (w postaci kwasu L-askorbinowego) \u00a0\u00a0\u00a0\u00a0\u00a0\u00a0\u00a0\u00a0\u00a0\u00a0\u00a0\u00a0\u00a0\u00a0\u00a0\u00a0 1000 mg<\/p>\n<p>Bioflawonoidy cytrusowe \u00a0\u00a0\u00a0\u00a0\u00a0\u00a0\u00a0\u00a0\u00a0\u00a0\u00a0\u00a0\u00a0\u00a0\u00a0\u00a0\u00a0\u00a0\u00a0\u00a0\u00a0\u00a0\u00a0\u00a0\u00a0\u00a0\u00a0\u00a0\u00a0\u00a0\u00a0\u00a0\u00a0\u00a0\u00a0\u00a0\u00a0\u00a0\u00a0\u00a0\u00a0\u00a0\u00a0\u00a0\u00a0\u00a0\u00a0\u00a0\u00a0\u00a0\u00a0\u00a0\u00a0\u00a0\u00a0\u00a0100 mg<\/p>\n<p>Rutyna w proszku (Sophora japonica)\u00a0\u00a0\u00a0\u00a0\u00a0\u00a0\u00a0\u00a0\u00a0\u00a0\u00a0\u00a0\u00a0\u00a0\u00a0\u00a0\u00a0\u00a0\u00a0\u00a0\u00a0\u00a0\u00a0\u00a0\u00a0\u00a0\u00a0\u00a0\u00a0\u00a0 \u00a0\u00a0\u00a0\u00a0\u00a0\u00a0\u00a025 mg<\/p>\n<p>Ponadto: celuloza (otoczka kapsu\u0142ki); kwas stearynowy (pochodzenia ro\u015blinnego) \u2013 substancja wype\u0142niaj\u0105ca; sole magnezowe kwas\u00f3w t\u0142uszczowych (pochodzenia ro\u015blinnego) \u2013 substancja przeciwzbrylaj\u0105ca; krzemionka \u2013 substancja przeciwzbrylaj\u0105ca.<\/p>\n<h2>Suplement diety C-1000 &#8211; spos\u00f3b u\u017cycia:<\/h2>\n<p>1 kapsu\u0142ka dziennie<\/p>\n<p>Nie przekracza\u0107 zalecanej porcji do spo\u017cycia w ci\u0105gu dnia. Produkt nie mo\u017ce by\u0107 stosowany jako substytut zr\u00f3\u017cnicowanej diety. Wa\u017cne jest stosowanie zr\u00f3\u017cnicowanej i zbilansowanej diety oraz prowadzenie zdrowego trybu \u017cycia.<\/p>\n<p><strong>Przechowywanie:<\/strong><\/p>\n<p>Przechowywa\u0107 w temperaturze pokojowej, w spos\u00f3b niedost\u0119pny dla ma\u0142ych dzieci.<\/p>\n<p><strong>Producent:<\/strong><\/p>\n<p>Now Foods<br \/>\n395 S. Glen Ellyn Road<br \/>\nIL 60108 Bloomingdale, Stany Zjednoczone<\/p>\n<p>&nbsp;<\/p>\n","protected":false},"excerpt":{"rendered":"<p><strong>Suplement diety<\/strong><\/p>\n<h2>Ochrona antyoksydacyjna<\/h2>\n<p>Suplement diety zawieraj\u0105cy w swoim sk\u0142adzie witamin\u0119 C, kompleks bioflawonoid\u00f3w cytrusowych i rutyn\u0119.<\/p>\n","protected":false},"featured_media":9512,"comment_status":"closed","ping_status":"closed","template":"","meta":[],"product_brand":[],"product_cat":[74,72],"product_tag":[],"class_list":{"0":"post-1178","1":"product","2":"type-product","3":"status-publish","4":"has-post-thumbnail","6":"product_cat-masaz-twarzy","7":"product_cat-suplementy-diety","9":"first","10":"instock","11":"sale","12":"featured","13":"taxable","14":"shipping-taxable","15":"purchasable","16":"product-type-simple"},"_links":{"self":[{"href":"https:\/\/ziolazycia.com\/nowa\/wp-json\/wp\/v2\/product\/1178","targetHints":{"allow":["GET"]}}],"collection":[{"href":"https:\/\/ziolazycia.com\/nowa\/wp-json\/wp\/v2\/product"}],"about":[{"href":"https:\/\/ziolazycia.com\/nowa\/wp-json\/wp\/v2\/types\/product"}],"replies":[{"embeddable":true,"href":"https:\/\/ziolazycia.com\/nowa\/wp-json\/wp\/v2\/comments?post=1178"}],"wp:featuredmedia":[{"embeddable":true,"href":"https:\/\/ziolazycia.com\/nowa\/wp-json\/wp\/v2\/media\/9512"}],"wp:attachment":[{"href":"https:\/\/ziolazycia.com\/nowa\/wp-json\/wp\/v2\/media?parent=1178"}],"wp:term":[{"taxonomy":"product_brand","embeddable":true,"href":"https:\/\/ziolazycia.com\/nowa\/wp-json\/wp\/v2\/product_brand?post=1178"},{"taxonomy":"product_cat","embeddable":true,"href":"https:\/\/ziolazycia.com\/nowa\/wp-json\/wp\/v2\/product_cat?post=1178"},{"taxonomy":"product_tag","embeddable":true,"href":"https:\/\/ziolazycia.com\/nowa\/wp-json\/wp\/v2\/product_tag?post=1178"}],"curies":[{"name":"wp","href":"https:\/\/api.w.org\/{rel}","templated":true}]}}