{"id":1174,"date":"2023-11-29T18:36:27","date_gmt":"2023-11-29T17:36:27","guid":{"rendered":"https:\/\/ziolazycia.com\/nowa\/?post_type=product&#038;p=1174"},"modified":"2025-11-26T15:58:33","modified_gmt":"2025-11-26T14:58:33","slug":"biotin-biotyna-1-mcg-100-kapsulek-now-foods","status":"publish","type":"product","link":"https:\/\/ziolazycia.com\/nowa\/product\/biotin-biotyna-1-mcg-100-kapsulek-now-foods\/","title":{"rendered":"Biotin (Biotyna) 1 mcg 100 kapsu\u0142ek"},"content":{"rendered":"<p><strong>Biotyna<\/strong> mo\u017ce mie\u0107 wp\u0142yw na prawid\u0142owe utrzymanie metabolizmu energetycznego i makrosk\u0142adnik\u00f3w od\u017cywczych. Dodatkowo mo\u017ce by\u0107 pomocna w prawid\u0142owym funkcjonowaniu uk\u0142adu nerwowego i utrzymaniu prawid\u0142owych funkcji psychologicznych. Preparat Biotin mo\u017ce tak\u017ce korzystnie wp\u0142ywa\u0107 na zachowanie zdrowych w\u0142os\u00f3w, zdrowej sk\u00f3ry oraz utrzymanie prawid\u0142owego stanu b\u0142on \u015bluzowych.<\/p>\n<p><strong>Zawarto\u015b\u0107 opakowania<\/strong>:\u00a0100 kapsu\u0142ek ro\u015blinnych<\/p>\n<p><strong>Dzienne spo\u017cycie<\/strong>:\u00a01 kapsu\u0142ka<\/p>\n<p><strong>Sk\u0142adniki aktywne:<\/strong><\/p>\n<table width=\"0\">\n<tbody>\n<tr>\n<td><strong>Sk\u0142adniki<\/strong><\/td>\n<td><strong>1 kapsu\u0142ka<\/strong><\/td>\n<td><\/td>\n<\/tr>\n<tr>\n<td>Biotyna\u00a0(D-biotyna)<\/td>\n<td>1000 \u03bcg<\/td>\n<td><\/td>\n<\/tr>\n<\/tbody>\n<\/table>\n<p><strong>Sk\u0142adnik<\/strong>i: M\u0105czka ry\u017cowa, sk\u0142adniki kapsu\u0142ki: substancja glazuruj\u0105ca (hydroksypropylometyloceluloza); przeciwutleniacz (estry kwas\u00f3w t\u0142uszczowych i kwasu askorbinowego), substancja przeciwzbrylaj\u0105ca (dwutlenek krzemu), D-biotyna.<\/p>\n<h2>Biotin (Biotyna) 1 mcg &#8211; spos\u00f3b u\u017cycia:<\/h2>\n<p>1 kapsu\u0142ka dziennie<\/p>\n<p>Nie przekracza\u0107 zalecanej porcji do spo\u017cycia w ci\u0105gu dnia. Produkt nie mo\u017ce by\u0107 stosowany jako substytut zr\u00f3\u017cnicowanej diety. Wa\u017cne jest stosowanie zr\u00f3\u017cnicowanej i zbilansowanej diety oraz prowadzenie zdrowego trybu \u017cycia.<\/p>\n<p><strong>Przechowywanie<\/strong><\/p>\n<p>Przechowywa\u0107 w temperaturze pokojowej, w spos\u00f3b niedost\u0119pny dla ma\u0142ych dzieci.<\/p>\n<p><strong>Producent:<\/strong><\/p>\n<p>Now Foods<br \/>\n395 S. Glen Ellyn Road<br \/>\nIL 60108 Bloomingdale, Stany Zjednoczone<\/p>\n","protected":false},"excerpt":{"rendered":"<p><strong>Suplement diety<\/strong><\/p>\n<p>Suplement diety, kt\u00f3rego g\u0142\u00f3wnym sk\u0142adnikiem jest \u00a0<strong>biotyna<\/strong> \u2013 witamina z grupy B (B7 inaczej H) rozpuszczalna w wodzie.<\/p>\n","protected":false},"featured_media":9509,"comment_status":"closed","ping_status":"closed","template":"","meta":[],"product_brand":[],"product_cat":[72],"product_tag":[],"class_list":{"0":"post-1174","1":"product","2":"type-product","3":"status-publish","4":"has-post-thumbnail","6":"product_cat-suplementy-diety","8":"first","9":"outofstock","10":"taxable","11":"shipping-taxable","12":"product-type-simple"},"_links":{"self":[{"href":"https:\/\/ziolazycia.com\/nowa\/wp-json\/wp\/v2\/product\/1174","targetHints":{"allow":["GET"]}}],"collection":[{"href":"https:\/\/ziolazycia.com\/nowa\/wp-json\/wp\/v2\/product"}],"about":[{"href":"https:\/\/ziolazycia.com\/nowa\/wp-json\/wp\/v2\/types\/product"}],"replies":[{"embeddable":true,"href":"https:\/\/ziolazycia.com\/nowa\/wp-json\/wp\/v2\/comments?post=1174"}],"wp:featuredmedia":[{"embeddable":true,"href":"https:\/\/ziolazycia.com\/nowa\/wp-json\/wp\/v2\/media\/9509"}],"wp:attachment":[{"href":"https:\/\/ziolazycia.com\/nowa\/wp-json\/wp\/v2\/media?parent=1174"}],"wp:term":[{"taxonomy":"product_brand","embeddable":true,"href":"https:\/\/ziolazycia.com\/nowa\/wp-json\/wp\/v2\/product_brand?post=1174"},{"taxonomy":"product_cat","embeddable":true,"href":"https:\/\/ziolazycia.com\/nowa\/wp-json\/wp\/v2\/product_cat?post=1174"},{"taxonomy":"product_tag","embeddable":true,"href":"https:\/\/ziolazycia.com\/nowa\/wp-json\/wp\/v2\/product_tag?post=1174"}],"curies":[{"name":"wp","href":"https:\/\/api.w.org\/{rel}","templated":true}]}}