{"id":1169,"date":"2023-11-29T18:34:40","date_gmt":"2023-11-29T17:34:40","guid":{"rendered":"https:\/\/ziolazycia.com\/nowa\/?post_type=product&#038;p=1169"},"modified":"2025-11-26T15:58:31","modified_gmt":"2025-11-26T14:58:31","slug":"berrydophilus-kids-probiotyk-dla-dzieci-60-zelkow-now-foods","status":"publish","type":"product","link":"https:\/\/ziolazycia.com\/nowa\/product\/berrydophilus-kids-probiotyk-dla-dzieci-60-zelkow-now-foods\/","title":{"rendered":"BerryDophilus Kids 120 \u017celk\u00f3w Probiotyk dla dzieci"},"content":{"rendered":"<p><strong>Now Kids Berry Dophilus\u2122<\/strong> zawiera probiotyczne acydofilne szczepy pa\u0142eczek kwasu mlekowego oraz bakterii jelitowych, g\u0142\u00f3wnie rodzaju Lactobacillus i Bifidobacterium. Probiotyki \u2013 aktywne drobnoustroje podane w odpowiedniej ilo\u015bci korzystnie wp\u0142ywaj\u0105 na zdrowie cz\u0142owieka (zgodnie z WHO).<\/p>\n<p><strong>Preparat Berry Dophilus\u2122 Kids<\/strong> mo\u017ce by\u0107 stosowany zar\u00f3wno przez dzieci jak i doros\u0142ych. Suplement diety s\u0142odzony ksylitolem. Berry Dophilus\u2122 nie wykazuje negatywnego wp\u0142ywu na szkliwo z\u0119b\u00f3w i wybornie smakuje, dzi\u0119ki czemu dzieci je ch\u0119tnie przyjmuj\u0105.<\/p>\n<p>Suplement diety nie zawiera mleka, soi ani glutenu<\/p>\n<p><strong>Zawarto\u015b\u0107 opakowania:<\/strong>\u00a0120 porcji w formie wege \u017celk\u00f3w do ssania<\/p>\n<p><strong>Dzienne spo\u017cycie<\/strong>:\u00a02-3 \u017celki dziennie<\/p>\n<p><strong>Sk\u0142adniki aktywne:<\/strong><\/p>\n<p><strong>\u00a03 \u017celki<\/strong><\/p>\n<table width=\"100%\">\n<thead>\n<tr>\n<td>\n<table width=\"0\">\n<tbody>\n<tr>\n<td>Drobnoustroje z rodzaju Lactobacillus:<br \/>\nL. acidophilus<br \/>\nL. plantarum<br \/>\nL. casei<br \/>\nL. rhamnosus<br \/>\nL. paracasei<br \/>\nL. salivarius<\/td>\n<td>0,6&#215;109 CFU<br \/>\n0,6&#215;109 CFU<br \/>\n0,6&#215;109 CFU<br \/>\n0,6&#215;109 CFU<br \/>\n0,6&#215;109 CFU<br \/>\n0,6&#215;109 CFU<\/td>\n<td><\/td>\n<td>&lt;&gt;<\/td>\n<\/tr>\n<tr>\n<td>Drobnoustroje z rodzaju Bifidobacterium:<br \/>\nB. lactis<br \/>\nB. breve<br \/>\nB. longum<\/td>\n<td>0,6x109CFU<br \/>\n0,6&#215;109 CFU<br \/>\n0,6&#215;109 CFU<\/td>\n<td><\/td>\n<td>&lt;&gt;<\/td>\n<\/tr>\n<tr>\n<td>Drobnoustroje z rodzaju Streptococcus:<br \/>\nS. termophilus<\/td>\n<td>0,6x109CFU<\/td>\n<td><\/td>\n<td><\/td>\n<\/tr>\n<\/tbody>\n<\/table>\n<\/td>\n<td width=\"18%\"><\/td>\n<td width=\"21%\"><\/td>\n<\/tr>\n<\/thead>\n<tbody>\n<tr>\n<td><\/td>\n<td width=\"18%\"><\/td>\n<td width=\"21%\"><\/td>\n<\/tr>\n<\/tbody>\n<\/table>\n<p><strong>Sk\u0142adniki:<\/strong> Drobnoustroje z rodzaju Lactobacillus: L. acidophilus La 14 (2x1011CFU\/g); L. plantarum Lp 115 (4x1011CFU\/g); L. casei Lc 11 (3x1011CFU\/g); L. rhamnosus Lr 32 (2x1011CFU\/g); L. paracasei Lpc 37 (4x1011CFU\/g); L. salivarius Ls 33 (3x1011CFU\/g); drobnoustroje z rodzaju Bifidobacterium: B. lactis Bl-04 (4,5x1011CFU\/g); B. breve Bb-03 (3x1011CFU\/g); B. longum Bl-05 (1x1011CFU\/g); drobnoustroje z rodzaju Streptococcus: S. termophilus ST-21 (4x1011CFU\/g); substancja wype\u0142niaj\u0105ca: celuloza mikrokrystaliczna; substancja z grupy fruktooligosacharyd\u00f3w: inulina; substancja utrzymuj\u0105c wilgotno\u015b\u0107: sorbitol; substancja koryguj\u0105ca smak: ksylitol; regulator kwasowo\u015bci: kwas jab\u0142kowy; substancja przeciwzbrylaj\u0105ca: kwas stearynowy, krzemionka bezpostaciowa; substancja koryguj\u0105ca smak i zapach: naturalny aromat jagodowy; substancja barwi\u0105ca: sproszkowany burak (z betanin\u0105 \u2013 czerwieni\u0105 buraczan\u0105).<\/p>\n<h2>Berry Dophilus\u2122 Kids &#8211; spos\u00f3b u\u017cycia:<\/h2>\n<p>Dzieci powy\u017cej 3 lat i doro\u015bli: 1 tabletka 2-3 razy dziennie. Tabletk\u0119 nale\u017cy ssa\u0107 w ca\u0142o\u015bci lub po rozkruszeniu.<\/p>\n<p>Nie przekracza\u0107 zalecanej porcji do spo\u017cycia w ci\u0105gu dnia. Produkt nie mo\u017ce by\u0107 stosowany jako substytut zr\u00f3\u017cnicowanej diety. Wa\u017cne jest stosowanie zr\u00f3\u017cnicowanej i zbilansowanej diety oraz prowadzenie zdrowego trybu \u017cycia.<\/p>\n<p><strong>Przechowywanie:<\/strong><\/p>\n<p>Przechowywa\u0107 w temperaturze pokojowej, w spos\u00f3b niedost\u0119pny dla ma\u0142ych dzieci.<\/p>\n<p><strong>Producent:<\/strong><\/p>\n<p>Now Foods<br \/>\n395 S. Glen Ellyn Road<br \/>\nIL 60108 Bloomingdale, Stany Zjednoczone<\/p>\n","protected":false},"excerpt":{"rendered":"<p><strong>Suplement diet<\/strong><\/p>\n<p>Suplement diety BerryDophilus Kids zawiera 10 zczep\u00f3w\/ 2 mld jednostek bakterii probiotycznych zamkni\u0119tych w \u017celku.<\/p>\n","protected":false},"featured_media":9506,"comment_status":"closed","ping_status":"closed","template":"","meta":[],"product_brand":[],"product_cat":[72],"product_tag":[],"class_list":{"0":"post-1169","1":"product","2":"type-product","3":"status-publish","4":"has-post-thumbnail","6":"product_cat-suplementy-diety","8":"first","9":"instock","10":"sale","11":"taxable","12":"shipping-taxable","13":"purchasable","14":"product-type-simple"},"_links":{"self":[{"href":"https:\/\/ziolazycia.com\/nowa\/wp-json\/wp\/v2\/product\/1169","targetHints":{"allow":["GET"]}}],"collection":[{"href":"https:\/\/ziolazycia.com\/nowa\/wp-json\/wp\/v2\/product"}],"about":[{"href":"https:\/\/ziolazycia.com\/nowa\/wp-json\/wp\/v2\/types\/product"}],"replies":[{"embeddable":true,"href":"https:\/\/ziolazycia.com\/nowa\/wp-json\/wp\/v2\/comments?post=1169"}],"wp:featuredmedia":[{"embeddable":true,"href":"https:\/\/ziolazycia.com\/nowa\/wp-json\/wp\/v2\/media\/9506"}],"wp:attachment":[{"href":"https:\/\/ziolazycia.com\/nowa\/wp-json\/wp\/v2\/media?parent=1169"}],"wp:term":[{"taxonomy":"product_brand","embeddable":true,"href":"https:\/\/ziolazycia.com\/nowa\/wp-json\/wp\/v2\/product_brand?post=1169"},{"taxonomy":"product_cat","embeddable":true,"href":"https:\/\/ziolazycia.com\/nowa\/wp-json\/wp\/v2\/product_cat?post=1169"},{"taxonomy":"product_tag","embeddable":true,"href":"https:\/\/ziolazycia.com\/nowa\/wp-json\/wp\/v2\/product_tag?post=1169"}],"curies":[{"name":"wp","href":"https:\/\/api.w.org\/{rel}","templated":true}]}}