{"id":1165,"date":"2023-11-29T18:33:25","date_gmt":"2023-11-29T17:33:25","guid":{"rendered":"https:\/\/ziolazycia.com\/nowa\/?post_type=product&#038;p=1165"},"modified":"2025-11-26T15:58:31","modified_gmt":"2025-11-26T14:58:31","slug":"8-billion-acidophilus-bifidus-120-kapsulek-now-foods","status":"publish","type":"product","link":"https:\/\/ziolazycia.com\/nowa\/product\/8-billion-acidophilus-bifidus-120-kapsulek-now-foods\/","title":{"rendered":"8 Billion Acidophilus &#038; Bifidus 120 kapsu\u0142ek"},"content":{"rendered":"<p><strong>Zawarto\u015b\u0107 opakowania<\/strong>:\u00a0120 kapsu\u0142ek r\u00f3wnie\u017c dla wegetarian<\/p>\n<p><strong>Dzienne spo\u017cycie<\/strong>:\u00a01-2 kapsu\u0142ki<\/p>\n<p><strong>Sk\u0142adniki:<\/strong><\/p>\n<table style=\"height: 353px;\" width=\"1060\">\n<thead>\n<tr>\n<td><strong>Warto\u015b\u0107 od\u017cywcza<\/strong><\/td>\n<td width=\"23%\"><strong>1 kapsu\u0142ka<\/strong><\/td>\n<td width=\"1%\"><\/td>\n<\/tr>\n<\/thead>\n<tbody>\n<tr>\n<td>Kalorie<\/td>\n<td width=\"23%\">0 kcal \/ 0 kJ<\/td>\n<td width=\"1%\"><\/td>\n<\/tr>\n<tr>\n<td>Lactobacillus acidophilus<\/td>\n<td width=\"23%\">4 miliardy<\/td>\n<td width=\"1%\"><\/td>\n<\/tr>\n<tr>\n<td>Bifidobacterium lactis<\/td>\n<td width=\"23%\">3,2 miliarda<\/td>\n<td width=\"1%\"><\/td>\n<\/tr>\n<tr>\n<td>Bifidobacterium longum<\/td>\n<td width=\"23%\">0,8 miliarda<\/td>\n<td width=\"1%\"><\/td>\n<\/tr>\n<tr>\n<td>Zawarto\u015b\u0107 minimalna mikroorganizm\u00f3w: 8 miliard\u00f3w<\/td>\n<td width=\"23%\">&nbsp;<\/p>\n<p>&nbsp;<\/td>\n<td width=\"1%\"><\/td>\n<\/tr>\n<\/tbody>\n<\/table>\n<p>\u017bywe kultury bakterii, skrobia ziemniaczana, celuloza (kapsu\u0142ka), celuloza sproszkowana, krzemionka \u2013 substancja przeciwzbrylaj\u0105ca, ro\u015blinne sole magnezowe kwas\u00f3w t\u0142uszczowych \u2013 substancja przeciwzbrylaj\u0105ca.<\/p>\n<p>Zawiera pochodne mleka.<\/p>\n<p>Nie zawiera: dro\u017cd\u017cy, pszenicy, glutenu, soi, jajek, ryb, skorupiak\u00f3w ani orzech\u00f3w drzewnych.<\/p>\n<h2>Probiotyk 8 Billion Acidophilus &amp; Bifidus 120 kapsu\u0142ek &#8211; spos\u00f3b u\u017cycia:<\/h2>\n<p>Jedna kapsu\u0142ka 1-2 razy dziennie pomi\u0119dzy posi\u0142kami lub na pusty \u017co\u0142\u0105dek.<\/p>\n<p>Nie przekracza\u0107 zalecanej porcji do spo\u017cycia w ci\u0105gu dnia. Produkt nie mo\u017ce by\u0107 stosowany jako substytut zr\u00f3\u017cnicowanej diety. Wa\u017cne jest stosowanie zr\u00f3\u017cnicowanej i zbilansowanej diety oraz prowadzenie zdrowego trybu \u017cycia.<\/p>\n<p><strong>Przechowywanie<\/strong><\/p>\n<p>Po otwarciu przechowywa\u0107 w lod\u00f3wce w celu zachowania maksymalnego poziomu skuteczno\u015bci preparatu. Przechowywa\u0107 w spos\u00f3b niedost\u0119pny dla ma\u0142ych dzieci.<\/p>\n<p><strong>Ostrze\u017cenie<\/strong><\/p>\n<p>Uwaga dotycz\u0105ca os\u00f3b z wysok\u0105 wra\u017cliwo\u015bci\u0105 na bia\u0142ko mleka: preparat 8 Billion Acidophilus &amp; Bifidus 120 kapsu\u0142ek mo\u017ce zwiera\u0107 niewielkie ilo\u015bci kazeiny. Wewn\u0105trz kapsu\u0142ki mo\u017ce by\u0107 zauwa\u017calne przemieszczanie si\u0119 substancji proszkowej, gdy\u017c kapsu\u0142ki wype\u0142niane s\u0105 wagowo, a nie obj\u0119to\u015bciowo. Zawiera 10 miliard\u00f3w mikroorganizm\u00f3w w kapsu\u0142ce w fazie jej produkcji.<\/p>\n<p><strong>Producent:<\/strong><\/p>\n<p>Now Foods<br \/>\n395 S. Glen Ellyn Road<br \/>\nIL 60108 Bloomingdale, Stany Zjednoczone<\/p>\n<p>&nbsp;<\/p>\n","protected":false},"excerpt":{"rendered":"<p><strong>Suplement diety<\/strong><\/p>\n<p>Zbilansowana mieszanka wa\u017cnych szczep\u00f3w bakterii jelitowych: Lactobacillus acidophilus, Bifidobacterium lactis, Bifidobacterium longum. Regularne spo\u017cywanie po\u017cytecznych probiotyk\u00f3w mo\u017ce by\u0107 pomocne w utrzymaniu prawid\u0142owej flory bakteryjnej jelit<\/p>\n","protected":false},"featured_media":9503,"comment_status":"closed","ping_status":"closed","template":"","meta":[],"product_brand":[77],"product_cat":[76,72],"product_tag":[],"class_list":{"0":"post-1165","1":"product","2":"type-product","3":"status-publish","4":"has-post-thumbnail","6":"product_brand-my-magic-essence","7":"product_cat-probiotyki","8":"product_cat-suplementy-diety","10":"first","11":"instock","12":"sale","13":"featured","14":"taxable","15":"shipping-taxable","16":"purchasable","17":"product-type-simple"},"_links":{"self":[{"href":"https:\/\/ziolazycia.com\/nowa\/wp-json\/wp\/v2\/product\/1165","targetHints":{"allow":["GET"]}}],"collection":[{"href":"https:\/\/ziolazycia.com\/nowa\/wp-json\/wp\/v2\/product"}],"about":[{"href":"https:\/\/ziolazycia.com\/nowa\/wp-json\/wp\/v2\/types\/product"}],"replies":[{"embeddable":true,"href":"https:\/\/ziolazycia.com\/nowa\/wp-json\/wp\/v2\/comments?post=1165"}],"wp:featuredmedia":[{"embeddable":true,"href":"https:\/\/ziolazycia.com\/nowa\/wp-json\/wp\/v2\/media\/9503"}],"wp:attachment":[{"href":"https:\/\/ziolazycia.com\/nowa\/wp-json\/wp\/v2\/media?parent=1165"}],"wp:term":[{"taxonomy":"product_brand","embeddable":true,"href":"https:\/\/ziolazycia.com\/nowa\/wp-json\/wp\/v2\/product_brand?post=1165"},{"taxonomy":"product_cat","embeddable":true,"href":"https:\/\/ziolazycia.com\/nowa\/wp-json\/wp\/v2\/product_cat?post=1165"},{"taxonomy":"product_tag","embeddable":true,"href":"https:\/\/ziolazycia.com\/nowa\/wp-json\/wp\/v2\/product_tag?post=1165"}],"curies":[{"name":"wp","href":"https:\/\/api.w.org\/{rel}","templated":true}]}}