{"id":1154,"date":"2023-11-29T18:24:30","date_gmt":"2023-11-29T17:24:30","guid":{"rendered":"https:\/\/ziolazycia.com\/nowa\/?post_type=product&#038;p=1154"},"modified":"2025-11-26T15:58:30","modified_gmt":"2025-11-26T14:58:30","slug":"spirulina-500mg-100-tabletek-now-foods","status":"publish","type":"product","link":"https:\/\/ziolazycia.com\/nowa\/product\/spirulina-500mg-100-tabletek-now-foods\/","title":{"rendered":"Spirulina 500mg 100 tabletek"},"content":{"rendered":"<p>Spirulina to<strong>\u00a0rodzaj sinic (cyjanobakterii)<\/strong><strong>. <\/strong>Jest ona wyj\u0105tkowym<strong> superfoodem<\/strong> dostarczaj\u0105cym organizmowi wielu sk\u0142adnik\u00f3w od\u017cywczych takich jak kwas foliowy, selen, cynk, mangan, mied\u017a, \u017celazo, czy witaminy z grupy B oraz witamin\u0119 A, C, D, E i K jak i kwasy t\u0142uszczowe omega-6\u00a0(kwas\u00a0gamma-linolenowy). Dzi\u0119ki zawartym w niej sk\u0142adnikom od\u017cywczym spirulina mo\u017ce wspomaga\u0107 redukcj\u0119 i utrzymanie prawid\u0142owego poziomu tkanki t\u0142uszczowej oraz mo\u017ce pozytywnie wp\u0142ywa\u0107 na prawid\u0142owy poziom ci\u015bnienia krwi. Mo\u017ce przyczynia\u0107 si\u0119 tak\u017ce od obni\u017cenia tzw.&#8221;z\u0142ego&#8221; cholesterolu oraz wykazywa\u0107 dzia\u0142anie detoksykuj\u0105ce. Spirulina mo\u017ce wspomaga\u0107 procesy krwiotw\u00f3rcze oraz wp\u0142ywa\u0107 na obni\u017cenie apetytu.<\/p>\n<p><strong>Zawarto\u015b\u0107 opakowania:<\/strong>\u00a0100 tabletek<\/p>\n<p><strong>Dzienne spo\u017cycie:<\/strong>\u00a06 tabletek<\/p>\n<p><strong>Sk\u0142adniki aktywne:<\/strong><\/p>\n<table width=\"100%\">\n<thead>\n<tr>\n<td><\/td>\n<td width=\"23%\">6 tabletek<\/td>\n<td width=\"1%\"><\/td>\n<\/tr>\n<\/thead>\n<tbody>\n<tr>\n<td>\n<table>\n<tbody>\n<tr>\n<td width=\"398\">Organiczna spirulina (<em>Arthrospira platensis<\/em>) &#8211; ca\u0142a ro\u015blina.<\/td>\n<td width=\"1\"><\/td>\n<\/tr>\n<tr>\n<td width=\"398\"><\/td>\n<td width=\"1\"><\/td>\n<\/tr>\n<\/tbody>\n<\/table>\n<\/td>\n<td width=\"23%\">3 g<\/p>\n<p>&nbsp;<\/p>\n<p>&nbsp;<\/td>\n<td width=\"1%\"><\/td>\n<\/tr>\n<\/tbody>\n<\/table>\n<p><strong>Sk\u0142adniki:<\/strong> Organiczna spirulina (Arthrospira platensis) (ca\u0142a ro\u015blina).<\/p>\n<p><strong>Spirulina 500 mg- spos\u00f3b u\u017cycia:<\/strong><\/p>\n<p>6 kapsu\u0142ek dziennie<\/p>\n<p><strong>Nie przekracza\u0107 zalecanej porcji do spo\u017cycia w ci\u0105gu dnia. Produkt nie mo\u017ce by\u0107 stosowany jako substytut zr\u00f3\u017cnicowanej diety. Wa\u017cne jest stosowanie zr\u00f3\u017cnicowanej i zbilansowanej diety oraz prowadzenie zdrowego trybu \u017cycia.<\/strong><\/p>\n<p><strong>Przechowywanie:<\/strong><\/p>\n<p>Po otwarciu przechowywa\u0107 w suchym i ciemnym miejscu, z dala od ma\u0142ych dzieci.<\/p>\n<p><strong>Producent:<\/strong><\/p>\n<p>Now Foods<br \/>\n395 S. Glen Ellyn Road<br \/>\nIL 60108 Bloomingdale, Stany Zjednoczone<\/p>\n","protected":false},"excerpt":{"rendered":"<p><strong>Suplement diety<\/strong><\/p>\n<h2>Superfood<\/h2>\n<p>G\u0142\u00f3wnym sk\u0142adnikiem zio\u0142owym suplementu diety <strong>Spirulina 500 mg<\/strong> jest spirulina &#8211; ogate w substancje od\u017cywcze bia\u0142ko pochodzenie ro\u015blinnego.<\/p>\n","protected":false},"featured_media":9494,"comment_status":"closed","ping_status":"closed","template":"","meta":[],"product_brand":[],"product_cat":[72],"product_tag":[],"class_list":{"0":"post-1154","1":"product","2":"type-product","3":"status-publish","4":"has-post-thumbnail","6":"product_cat-suplementy-diety","8":"first","9":"instock","10":"sale","11":"taxable","12":"shipping-taxable","13":"purchasable","14":"product-type-simple"},"_links":{"self":[{"href":"https:\/\/ziolazycia.com\/nowa\/wp-json\/wp\/v2\/product\/1154","targetHints":{"allow":["GET"]}}],"collection":[{"href":"https:\/\/ziolazycia.com\/nowa\/wp-json\/wp\/v2\/product"}],"about":[{"href":"https:\/\/ziolazycia.com\/nowa\/wp-json\/wp\/v2\/types\/product"}],"replies":[{"embeddable":true,"href":"https:\/\/ziolazycia.com\/nowa\/wp-json\/wp\/v2\/comments?post=1154"}],"wp:featuredmedia":[{"embeddable":true,"href":"https:\/\/ziolazycia.com\/nowa\/wp-json\/wp\/v2\/media\/9494"}],"wp:attachment":[{"href":"https:\/\/ziolazycia.com\/nowa\/wp-json\/wp\/v2\/media?parent=1154"}],"wp:term":[{"taxonomy":"product_brand","embeddable":true,"href":"https:\/\/ziolazycia.com\/nowa\/wp-json\/wp\/v2\/product_brand?post=1154"},{"taxonomy":"product_cat","embeddable":true,"href":"https:\/\/ziolazycia.com\/nowa\/wp-json\/wp\/v2\/product_cat?post=1154"},{"taxonomy":"product_tag","embeddable":true,"href":"https:\/\/ziolazycia.com\/nowa\/wp-json\/wp\/v2\/product_tag?post=1154"}],"curies":[{"name":"wp","href":"https:\/\/api.w.org\/{rel}","templated":true}]}}