{"id":11538,"date":"2025-03-01T02:00:10","date_gmt":"2025-03-01T01:00:10","guid":{"rendered":"https:\/\/ziolazycia.com\/nowa\/?post_type=product&#038;p=11538"},"modified":"2025-11-26T15:59:32","modified_gmt":"2025-11-26T14:59:32","slug":"pakiet-premium-kortyzol-na-smyczy","status":"publish","type":"product","link":"https:\/\/ziolazycia.com\/nowa\/product\/pakiet-premium-kortyzol-na-smyczy\/","title":{"rendered":"Pakiet Premium \u201eKortyzol na Smyczy\u201d"},"content":{"rendered":"","protected":false},"excerpt":{"rendered":"<p class=\"\" data-start=\"0\" data-end=\"86\"><strong data-start=\"2\" data-end=\"84\">Pakiet Premium \u201eKortyzol na Smyczy\u201d \u2013 wsparcie w walce ze stresem!<\/strong><\/p>\n<p class=\"\" data-start=\"88\" data-end=\"341\">Je\u015bli nie chcesz tylko zrozumie\u0107 mechanizm\u00f3w stresu, ale tak\u017ce szukasz wsparcia we wdro\u017ceniu zmian w swoim \u017cyciu, <strong data-start=\"191\" data-end=\"209\">Pakiet Premium<\/strong> jest dla Ciebie! To rozszerzona wersja e-booka, kt\u00f3ra daje Ci <strong data-start=\"272\" data-end=\"338\">pomoc w praktycznym zarz\u0105dzaniu stresem i kortyzolem<\/strong> .<\/p>\n<p class=\"\" data-start=\"343\" data-end=\"383\">Co zyskasz, decyduj\u0105c si\u0119 na wersj\u0119 premium?<\/p>\n<p class=\"\" data-start=\"385\" data-end=\"946\">\ud83c\udf3f <strong data-start=\"388\" data-end=\"434\">Dost\u0119p do zamkni\u0119tej spo\u0142eczno\u015bci wsparcia<\/strong> \u2013 miejsce, gdzie mo\u017cesz wymieni\u0107 si\u0119 do\u015bwiadczeniem, zadaj\u0105c pytania i dostarczaj\u0105c prawdziwe potwierdzenie.<br data-start=\"662\" data-end=\"665\" data-is-only-node=\"\" \/>\ud83c\udf3f <strong data-start=\"668\" data-end=\"706\">Pakiet narz\u0119dzi do zmian<\/strong> \u2013 zestawy \u0107wicze\u0144, lista kontrolna i plan dzia\u0142ania, kt\u00f3re wspieraj\u0105 monitorowanie post\u0119p\u00f3w i motywacj\u0119.<br data-start=\"813\" data-end=\"816\" \/>\ud83c\udf3f <strong data-start=\"819\" data-end=\"851\">Dodatkowe materia\u0142y bonusowe<\/strong> \u2013 rozszerzone tre\u015bci, kt\u00f3re s\u0105 rozszerzeniem dla ebooka podstawowego i u\u0142atwiaj\u0105 skuteczne dzia\u0142anie na co dzie\u0144.<\/p>\n<p class=\"\" data-start=\"948\" data-end=\"1149\">Dzi\u0119ki <strong data-start=\"955\" data-end=\"976\">pakietowi Premium<\/strong> zyskasz wsparcie w drodze po spok\u00f3j i zdrowsze nawyki\ud83d\udc9a<\/p>\n","protected":false},"featured_media":11539,"comment_status":"open","ping_status":"closed","template":"","meta":[],"product_brand":[],"product_cat":[91],"product_tag":[],"class_list":{"0":"post-11538","1":"product","2":"type-product","3":"status-publish","4":"has-post-thumbnail","6":"product_cat-e-booki","8":"first","9":"instock","10":"sale","11":"downloadable","12":"virtual","13":"taxable","14":"purchasable","15":"product-type-simple"},"_links":{"self":[{"href":"https:\/\/ziolazycia.com\/nowa\/wp-json\/wp\/v2\/product\/11538","targetHints":{"allow":["GET"]}}],"collection":[{"href":"https:\/\/ziolazycia.com\/nowa\/wp-json\/wp\/v2\/product"}],"about":[{"href":"https:\/\/ziolazycia.com\/nowa\/wp-json\/wp\/v2\/types\/product"}],"replies":[{"embeddable":true,"href":"https:\/\/ziolazycia.com\/nowa\/wp-json\/wp\/v2\/comments?post=11538"}],"wp:featuredmedia":[{"embeddable":true,"href":"https:\/\/ziolazycia.com\/nowa\/wp-json\/wp\/v2\/media\/11539"}],"wp:attachment":[{"href":"https:\/\/ziolazycia.com\/nowa\/wp-json\/wp\/v2\/media?parent=11538"}],"wp:term":[{"taxonomy":"product_brand","embeddable":true,"href":"https:\/\/ziolazycia.com\/nowa\/wp-json\/wp\/v2\/product_brand?post=11538"},{"taxonomy":"product_cat","embeddable":true,"href":"https:\/\/ziolazycia.com\/nowa\/wp-json\/wp\/v2\/product_cat?post=11538"},{"taxonomy":"product_tag","embeddable":true,"href":"https:\/\/ziolazycia.com\/nowa\/wp-json\/wp\/v2\/product_tag?post=11538"}],"curies":[{"name":"wp","href":"https:\/\/api.w.org\/{rel}","templated":true}]}}