{"id":1144,"date":"2023-11-29T18:16:45","date_gmt":"2023-11-29T17:16:45","guid":{"rendered":"https:\/\/ziolazycia.com\/nowa\/?post_type=product&#038;p=1144"},"modified":"2025-11-26T15:58:30","modified_gmt":"2025-11-26T14:58:30","slug":"selenium-100-mcg-100-tabletek-now-foods","status":"publish","type":"product","link":"https:\/\/ziolazycia.com\/nowa\/product\/selenium-100-mcg-100-tabletek-now-foods\/","title":{"rendered":"Selenium 100 mcg 100 tabletek"},"content":{"rendered":"<p>Badania wykaza\u0142y, \u017ce selen mo\u017ce korzystnie wp\u0142ywa\u0107 na stan w\u0142os\u00f3w i paznokci. Ponadto mo\u017ce mie\u0107 pozytywny wp\u0142yw na prawid\u0142owe funkcjonowanie tarczycy jak i na prawid\u0142owy przebieg procesu spermatogenezy. Mo\u017ce tak\u017ce chroni\u0107 organizm przed stresem oksydacyjnym.<\/p>\n<p><strong>Zawarto\u015b\u0107 opakowania:<\/strong>\u00a0100 tabletek<\/p>\n<p><strong>Dzienne spo\u017cycie:<\/strong>\u00a01 tabletka<\/p>\n<p><strong>Sk\u0142adniki aktywne:<\/strong><\/p>\n<table width=\"100%\">\n<thead>\n<tr>\n<td colspan=\"5\"><\/td>\n<td colspan=\"2\" width=\"23%\">1 kapsu\u0142ka<\/td>\n<\/tr>\n<\/thead>\n<tbody>\n<tr>\n<td colspan=\"5\">Selen (w postaci L-selenometioniny)<\/td>\n<td colspan=\"2\" width=\"23%\">100 mcg<\/td>\n<\/tr>\n<tr>\n<td width=\"38%\">&nbsp;<\/td>\n<td width=\"12%\">&nbsp;<\/td>\n<td width=\"12%\">&nbsp;<\/td>\n<td width=\"12%\">&nbsp;<\/td>\n<td width=\"12%\">&nbsp;<\/td>\n<td width=\"12%\">&nbsp;<\/td>\n<td width=\"0%\"><\/td>\n<\/tr>\n<tr>\n<td width=\"38%\">&nbsp;<\/td>\n<td width=\"12%\">&nbsp;<\/td>\n<td width=\"12%\">&nbsp;<\/td>\n<td width=\"12%\">&nbsp;<\/td>\n<td width=\"12%\">&nbsp;<\/td>\n<td width=\"12%\">&nbsp;<\/td>\n<td width=\"0%\"><\/td>\n<\/tr>\n<\/tbody>\n<\/table>\n<p><strong>Sk\u0142adniki:<\/strong> selen, substancja wype\u0142niaj\u0105ca: celuloza; L-selenometionina; no\u015bnik: kwas stearynowy; subst. wi\u0105\u017c\u0105ca: sole magnezowe kwas\u00f3w t\u0142uszczowych.<\/p>\n<h2><strong>Selenium 100 mcg &#8211; spos\u00f3b u\u017cycia:<\/strong><\/h2>\n<p>1 tabletka dziennie popijaj\u0105c obficie wod\u0105<\/p>\n<p><strong>Nie przekracza\u0107 zalecanej porcji do spo\u017cycia w ci\u0105gu dnia. Produkt nie mo\u017ce by\u0107 stosowany jako substytut zr\u00f3\u017cnicowanej diety. Wa\u017cne jest stosowanie zr\u00f3\u017cnicowanej i zbilansowanej diety oraz prowadzenie zdrowego trybu \u017cycia.<\/strong><\/p>\n<p><strong>Przechowywanie:<\/strong><\/p>\n<p>Po otwarciu przechowywa\u0107 w suchym i ciemnym miejscu, z dala od ma\u0142ych dzieci.<\/p>\n<p><strong>Producent:<\/strong><\/p>\n<p>Now Foods<br \/>\n395 S. Glen Ellyn Road<br \/>\nIL 60108 Bloomingdale, Stany Zjednoczone<\/p>\n","protected":false},"excerpt":{"rendered":"<p><strong>Suplement diety<\/strong><\/p>\n<p>G\u0142\u00f3wnym sk\u0142adnikiem suplementu diety S<strong>elenium 100 mcg<\/strong> jest selen w postaci L-selenometioniny. Jest to pierwiastek \u015bladowy naturalnie wyst\u0119puj\u0105cy w orzechach brazylijskich, w podrobach, w owocach morza oraz w kie\u0142kach pszenicy.<\/p>\n","protected":false},"featured_media":9488,"comment_status":"closed","ping_status":"closed","template":"","meta":[],"product_brand":[],"product_cat":[72],"product_tag":[],"class_list":{"0":"post-1144","1":"product","2":"type-product","3":"status-publish","4":"has-post-thumbnail","6":"product_cat-suplementy-diety","8":"first","9":"instock","10":"sale","11":"taxable","12":"shipping-taxable","13":"purchasable","14":"product-type-simple"},"_links":{"self":[{"href":"https:\/\/ziolazycia.com\/nowa\/wp-json\/wp\/v2\/product\/1144","targetHints":{"allow":["GET"]}}],"collection":[{"href":"https:\/\/ziolazycia.com\/nowa\/wp-json\/wp\/v2\/product"}],"about":[{"href":"https:\/\/ziolazycia.com\/nowa\/wp-json\/wp\/v2\/types\/product"}],"replies":[{"embeddable":true,"href":"https:\/\/ziolazycia.com\/nowa\/wp-json\/wp\/v2\/comments?post=1144"}],"wp:featuredmedia":[{"embeddable":true,"href":"https:\/\/ziolazycia.com\/nowa\/wp-json\/wp\/v2\/media\/9488"}],"wp:attachment":[{"href":"https:\/\/ziolazycia.com\/nowa\/wp-json\/wp\/v2\/media?parent=1144"}],"wp:term":[{"taxonomy":"product_brand","embeddable":true,"href":"https:\/\/ziolazycia.com\/nowa\/wp-json\/wp\/v2\/product_brand?post=1144"},{"taxonomy":"product_cat","embeddable":true,"href":"https:\/\/ziolazycia.com\/nowa\/wp-json\/wp\/v2\/product_cat?post=1144"},{"taxonomy":"product_tag","embeddable":true,"href":"https:\/\/ziolazycia.com\/nowa\/wp-json\/wp\/v2\/product_tag?post=1144"}],"curies":[{"name":"wp","href":"https:\/\/api.w.org\/{rel}","templated":true}]}}