{"id":1140,"date":"2023-11-29T18:14:24","date_gmt":"2023-11-29T17:14:24","guid":{"rendered":"https:\/\/ziolazycia.com\/nowa\/?post_type=product&#038;p=1140"},"modified":"2025-11-26T15:58:29","modified_gmt":"2025-11-26T14:58:29","slug":"saw-palmetto-extract-ekstrakt-z-palmy-sabalowej-160mg-120-kapsulek-now-foods","status":"publish","type":"product","link":"https:\/\/ziolazycia.com\/nowa\/product\/saw-palmetto-extract-ekstrakt-z-palmy-sabalowej-160mg-120-kapsulek-now-foods\/","title":{"rendered":"Saw Palmetto Extract (Ekstrakt z palmy saba\u0142owej) 160mg 120 kapsu\u0142ek"},"content":{"rendered":"<p>Owoc palmy saba\u0142owej jest <strong>\u017ar\u00f3d\u0142em wa\u017cnych flawonoid\u00f3w o w\u0142a\u015bciwo\u015bciach przeciwutleniaj\u0105cych<\/strong>. Zawiera r\u00f3wnie\u017c kwasy t\u0142uszczowe o szerokim spektrum dzia\u0142ania i inne substancje bioaktywne. Wszystkie te substancje s\u0105 poddawane badaniom naukowym pod k\u0105tem ich mo\u017cliwego wp\u0142ywu na zdrowie prostaty, dr\u00f3g moczowych i uk\u0142adu rozrodczego m\u0119\u017cczyzn.<\/p>\n<p><strong>Zawarto\u015b\u0107 opakowania:<\/strong>\u00a0120 kapsu\u0142ek vege<\/p>\n<p><strong>Dzienne spo\u017cycie:<\/strong>\u00a02 kapsu\u0142ki<\/p>\n<p><strong>Sk\u0142adniki aktywne:<\/strong><\/p>\n<table width=\"100%\">\n<thead>\n<tr>\n<td><\/td>\n<td width=\"23%\">1 kapsu\u0142ka<\/td>\n<td width=\"1%\"><\/td>\n<\/tr>\n<\/thead>\n<tbody>\n<tr>\n<td>\n<table>\n<tbody>\n<tr>\n<td width=\"398\">Owoc palmy sabalowej (ekstrakt)(Serenoa repens)<\/td>\n<td width=\"1\"><\/td>\n<\/tr>\n<tr>\n<td width=\"398\"><\/td>\n<td width=\"1\"><\/td>\n<\/tr>\n<\/tbody>\n<\/table>\n<\/td>\n<td width=\"23%\">160 mg<\/p>\n<p>&nbsp;<\/p>\n<p>&nbsp;<\/td>\n<td width=\"1%\"><\/td>\n<\/tr>\n<\/tbody>\n<\/table>\n<p><strong>Sk\u0142adniki <\/strong>Ekstrakt owocu palmy saba\u0142owej (Serenoa repens fructus) (DER 6,3:1); ekologiczna oliwa z oliwek pierwszego t\u0142oczenia; materia\u0142 kapsu\u0142ki: \u017celatyna; substancja rozpuszczaj\u0105ca: gliceryna ro\u015blinna, woda; barwnik: karmel sproszkowany.<\/p>\n<p><strong>Saw Palmetto Extract 160mg &#8211; spos\u00f3b u\u017cycia:<\/strong><\/p>\n<p>1 kapsu\u0142ka do 2 razy dziennie.<\/p>\n<p><strong>Nie przekracza\u0107 zalecanej porcji do spo\u017cycia w ci\u0105gu dnia. Produkt nie mo\u017ce by\u0107 stosowany jako substytut zr\u00f3\u017cnicowanej diety. Wa\u017cne jest stosowanie zr\u00f3\u017cnicowanej i zbilansowanej diety oraz prowadzenie zdrowego trybu \u017cycia.<\/strong><\/p>\n<p><strong>Przechowywanie:<\/strong><\/p>\n<p>Po otwarciu przechowywa\u0107 w suchym i ciemnym miejscu, z dala od ma\u0142ych dzieci.<\/p>\n<p><strong>Producent:<\/strong><\/p>\n<p>Now Foods<br \/>\n395 S. Glen Ellyn Road<br \/>\nIL 60108 Bloomingdale, Stany Zjednoczone<\/p>\n","protected":false},"excerpt":{"rendered":"<p><strong>Suplement diety<\/strong><\/p>\n<h2><strong>Wsparcie zdrowia m\u0119\u017cczyzn<\/strong><\/h2>\n<p>G\u0142\u00f3wnym sk\u0142adnikiem zio\u0142owym suplementu diety Saw Palmetto Extract 160 mg jest ekstrakt z palmy saba\u0142owej (Serenoa repens) oraz ekologiczna oliwa z oliwek.<\/p>\n","protected":false},"featured_media":9485,"comment_status":"closed","ping_status":"closed","template":"","meta":[],"product_brand":[],"product_cat":[72],"product_tag":[],"class_list":{"0":"post-1140","1":"product","2":"type-product","3":"status-publish","4":"has-post-thumbnail","6":"product_cat-suplementy-diety","8":"first","9":"outofstock","10":"sale","11":"taxable","12":"shipping-taxable","13":"purchasable","14":"product-type-simple"},"_links":{"self":[{"href":"https:\/\/ziolazycia.com\/nowa\/wp-json\/wp\/v2\/product\/1140","targetHints":{"allow":["GET"]}}],"collection":[{"href":"https:\/\/ziolazycia.com\/nowa\/wp-json\/wp\/v2\/product"}],"about":[{"href":"https:\/\/ziolazycia.com\/nowa\/wp-json\/wp\/v2\/types\/product"}],"replies":[{"embeddable":true,"href":"https:\/\/ziolazycia.com\/nowa\/wp-json\/wp\/v2\/comments?post=1140"}],"wp:featuredmedia":[{"embeddable":true,"href":"https:\/\/ziolazycia.com\/nowa\/wp-json\/wp\/v2\/media\/9485"}],"wp:attachment":[{"href":"https:\/\/ziolazycia.com\/nowa\/wp-json\/wp\/v2\/media?parent=1140"}],"wp:term":[{"taxonomy":"product_brand","embeddable":true,"href":"https:\/\/ziolazycia.com\/nowa\/wp-json\/wp\/v2\/product_brand?post=1140"},{"taxonomy":"product_cat","embeddable":true,"href":"https:\/\/ziolazycia.com\/nowa\/wp-json\/wp\/v2\/product_cat?post=1140"},{"taxonomy":"product_tag","embeddable":true,"href":"https:\/\/ziolazycia.com\/nowa\/wp-json\/wp\/v2\/product_tag?post=1140"}],"curies":[{"name":"wp","href":"https:\/\/api.w.org\/{rel}","templated":true}]}}