{"id":1136,"date":"2023-11-29T18:11:31","date_gmt":"2023-11-29T17:11:31","guid":{"rendered":"https:\/\/ziolazycia.com\/nowa\/?post_type=product&#038;p=1136"},"modified":"2025-11-26T15:58:29","modified_gmt":"2025-11-26T14:58:29","slug":"pau-darco-lapacho-500mg-100-kapsulek-now-foods","status":"publish","type":"product","link":"https:\/\/ziolazycia.com\/nowa\/product\/pau-darco-lapacho-500mg-100-kapsulek-now-foods\/","title":{"rendered":"Pau D&#8217;Arco (La Pacho) 500mg 100 kapsu\u0142ek"},"content":{"rendered":"<p>Dzi\u0119ki zawarto\u015bci sk\u0142adnik\u00f3w aktywnych takich jak lapacholu oraz beta-lapachonu jest surowcem zielarskim stosowanym dla wsparcia uk\u0142adu immunologicznego. Mo\u017ce r\u00f3wnie\u017c wp\u0142ywa\u0107 na utrzymanie prawid\u0142owego poziomu cukru we krwi. Ponadto Pau D&#8217;Arco mo\u017ce poprawia\u0107 funkcjonowanie uk\u0142adu pokarmowego poprzez pobudzenie proces\u00f3w trawiennych.<\/p>\n<p>Suplement diety przeznaczony dla os\u00f3b doros\u0142ych<\/p>\n<p><strong>Zawarto\u015b\u0107 opakowania:<\/strong>\u00a0100 kapsu\u0142ek mi\u0119kkich<\/p>\n<p><strong>Dzienne spo\u017cycie:<\/strong>\u00a04 kapsu\u0142ki<\/p>\n<p><strong>Sk\u0142adniki aktywne:<\/strong><\/p>\n<table width=\"100%\">\n<thead>\n<tr>\n<td><\/td>\n<td width=\"23%\">1 kapsu\u0142ka<\/td>\n<td width=\"1%\"><\/td>\n<\/tr>\n<\/thead>\n<tbody>\n<tr>\n<td>\n<table>\n<tbody>\n<tr>\n<td>Pau D\u2019Arco -Tabebuia heptaphylla<\/td>\n<td><\/td>\n<td><\/td>\n<td><\/td>\n<td><\/td>\n<td><\/td>\n<td><\/td>\n<td><\/td>\n<td><\/td>\n<\/tr>\n<tr>\n<td><\/td>\n<td><\/td>\n<td><\/td>\n<td><\/td>\n<td><\/td>\n<td><\/td>\n<td><\/td>\n<td><\/td>\n<td><\/td>\n<\/tr>\n<tr>\n<td><\/td>\n<td><\/td>\n<td><\/td>\n<td><\/td>\n<td><\/td>\n<td><\/td>\n<td><\/td>\n<td><\/td>\n<td><\/td>\n<\/tr>\n<\/tbody>\n<\/table>\n<\/td>\n<td width=\"23%\">500 mg<\/td>\n<td width=\"1%\"><\/td>\n<\/tr>\n<\/tbody>\n<\/table>\n<p><strong>Sk\u0142adniki:<\/strong> Pau d\u2019Arco sproszkowane, celuloza (kapsu\u0142ka), ro\u015blinny kwas stearynowy \u2013 substancja wype\u0142niaj\u0105ca.<\/p>\n<h2><strong>Pau D&#8217;Arco 500mg &#8211; spos\u00f3b u\u017cycia: <\/strong><\/h2>\n<p>2 kapsu\u0142ki do 2 razy dziennie<\/p>\n<p><strong>Nie przekracza\u0107 zalecanej porcji do spo\u017cycia w ci\u0105gu dnia. Produkt nie mo\u017ce by\u0107 stosowany jako substytut zr\u00f3\u017cnicowanej diety. Wa\u017cne jest stosowanie zr\u00f3\u017cnicowanej i zbilansowanej diety oraz prowadzenie zdrowego trybu \u017cycia.<\/strong><\/p>\n<p><strong>Przechowywanie:<\/strong><\/p>\n<p>Po otwarciu przechowywa\u0107 w suchym i ciemnym miejscu, z dala od ma\u0142ych dzieci.<\/p>\n<p><strong>Producent:<\/strong><\/p>\n<p>Now Foods<br \/>\n395 S. Glen Ellyn Road<br \/>\nIL 60108 Bloomingdale, Stany Zjednoczone<\/p>\n","protected":false},"excerpt":{"rendered":"<p><strong>Suplement diety<\/strong><\/p>\n<h2><strong>Wielokierunkowe zio\u0142owe wsparcie prawid\u0142owego funkcjonowania organizmu<\/strong><\/h2>\n<p>G\u0142\u00f3wnym sk\u0142adnikiem suplementu diety Pau D&#8217;Arco jest kora \u00a0drzewa La Pacho rosn\u0105cego w tropikalnych lasach Ameryki Po\u0142udniowej zwanego tak\u017ce Tabeusa albo Tabeuia Ipe.<\/p>\n","protected":false},"featured_media":9482,"comment_status":"closed","ping_status":"closed","template":"","meta":[],"product_brand":[],"product_cat":[72],"product_tag":[],"class_list":{"0":"post-1136","1":"product","2":"type-product","3":"status-publish","4":"has-post-thumbnail","6":"product_cat-suplementy-diety","8":"first","9":"instock","10":"sale","11":"taxable","12":"shipping-taxable","13":"purchasable","14":"product-type-simple"},"_links":{"self":[{"href":"https:\/\/ziolazycia.com\/nowa\/wp-json\/wp\/v2\/product\/1136","targetHints":{"allow":["GET"]}}],"collection":[{"href":"https:\/\/ziolazycia.com\/nowa\/wp-json\/wp\/v2\/product"}],"about":[{"href":"https:\/\/ziolazycia.com\/nowa\/wp-json\/wp\/v2\/types\/product"}],"replies":[{"embeddable":true,"href":"https:\/\/ziolazycia.com\/nowa\/wp-json\/wp\/v2\/comments?post=1136"}],"wp:featuredmedia":[{"embeddable":true,"href":"https:\/\/ziolazycia.com\/nowa\/wp-json\/wp\/v2\/media\/9482"}],"wp:attachment":[{"href":"https:\/\/ziolazycia.com\/nowa\/wp-json\/wp\/v2\/media?parent=1136"}],"wp:term":[{"taxonomy":"product_brand","embeddable":true,"href":"https:\/\/ziolazycia.com\/nowa\/wp-json\/wp\/v2\/product_brand?post=1136"},{"taxonomy":"product_cat","embeddable":true,"href":"https:\/\/ziolazycia.com\/nowa\/wp-json\/wp\/v2\/product_cat?post=1136"},{"taxonomy":"product_tag","embeddable":true,"href":"https:\/\/ziolazycia.com\/nowa\/wp-json\/wp\/v2\/product_tag?post=1136"}],"curies":[{"name":"wp","href":"https:\/\/api.w.org\/{rel}","templated":true}]}}