{"id":1132,"date":"2023-11-29T18:09:25","date_gmt":"2023-11-29T17:09:25","guid":{"rendered":"https:\/\/ziolazycia.com\/nowa\/?post_type=product&#038;p=1132"},"modified":"2025-11-26T15:58:29","modified_gmt":"2025-11-26T14:58:29","slug":"omega-3-6-9-1000-mg-100-kapsulek-now-foods","status":"publish","type":"product","link":"https:\/\/ziolazycia.com\/nowa\/product\/omega-3-6-9-1000-mg-100-kapsulek-now-foods\/","title":{"rendered":"Omega 3-6-9 1000 mg 100 kapsu\u0142ek"},"content":{"rendered":"<p>Kwas Omega-3: Kwasy t\u0142uszczowe EPA (kwas eikozapentaenowy) i DHA (kwas dokozaheksaenowy) pomagaj\u0105 w utrzymaniu prawid\u0142owej pracy serca i m\u00f3zgu.<\/p>\n<p>Kwas Omega-6: Kwas alfa- linolenowy (ALA) jest niezb\u0119dny dla prawid\u0142owego wzrostu i rozwoju organizmu, wygl\u0105du sk\u00f3ry oraz stanowi wsparcie dla uk\u0142adu odporno\u015bciowego.<\/p>\n<p>Kwas Omega-9: Kwas oleinowy mo\u017ce stanowi\u0107 wsparcie dla pracy serca oraz mo\u017ce pom\u00f3c w utrzymaniu prawid\u0142owego poziomu cholesterolu.<\/p>\n<p><strong>Zawarto\u015b\u0107 opakowania:<\/strong>\u00a0100 kapsu\u0142ek mi\u0119kkich r\u00f3wnie\u017c dla wegan i wegetarian<\/p>\n<p><strong>Dzienne spo\u017cycie:<\/strong>\u00a02 kapsu\u0142ki<\/p>\n<p><strong>Sk\u0142adniki aktywne:<\/strong><\/p>\n<table width=\"100%\">\n<thead>\n<tr>\n<td width=\"73%\"><\/td>\n<td width=\"23%\">1 kapsu\u0142ka<\/td>\n<td width=\"1%\"><\/td>\n<td width=\"1%\"><strong>\u00a0<\/strong><\/td>\n<\/tr>\n<\/thead>\n<tbody>\n<tr>\n<td width=\"73%\">\n<table>\n<tbody>\n<tr>\n<td>Olej z nasion lnu<\/p>\n<p>Olej z nasion wiesio\u0142ka<\/p>\n<table>\n<tbody>\n<tr>\n<td>Olej z nasion rzepaku (nie zawiera GMO<\/td>\n<td><\/td>\n<\/tr>\n<tr>\n<td>\n<table>\n<tbody>\n<tr>\n<td>Olej z nasion czarnej porzeczki<\/p>\n<p>Olej z pestek dyni<\/td>\n<td><\/td>\n<\/tr>\n<tr>\n<td><\/td>\n<td><\/td>\n<\/tr>\n<tr>\n<td><\/td>\n<td><\/td>\n<\/tr>\n<tr>\n<td><\/td>\n<td><\/td>\n<\/tr>\n<\/tbody>\n<\/table>\n<\/td>\n<td><\/td>\n<\/tr>\n<\/tbody>\n<\/table>\n<\/td>\n<td><\/td>\n<\/tr>\n<tr>\n<td>\n<table>\n<tbody>\n<tr>\n<td width=\"252\"><\/td>\n<td width=\"1\"><\/td>\n<\/tr>\n<tr>\n<td width=\"252\"><\/td>\n<td width=\"1\"><\/td>\n<\/tr>\n<tr>\n<td width=\"252\"><\/td>\n<td width=\"1\"><\/td>\n<\/tr>\n<tr>\n<td width=\"252\"><\/td>\n<td width=\"1\"><\/td>\n<\/tr>\n<\/tbody>\n<\/table>\n<\/td>\n<td><\/td>\n<\/tr>\n<tr>\n<td><\/td>\n<td><\/td>\n<\/tr>\n<\/tbody>\n<\/table>\n<\/td>\n<td width=\"23%\">700 mg<\/p>\n<p>150 mg<\/p>\n<p>130 mg<\/p>\n<p>10 mg<\/p>\n<p>10 mg<\/td>\n<td width=\"1%\"><\/td>\n<td width=\"1%\"><\/td>\n<\/tr>\n<\/tbody>\n<\/table>\n<p><strong>Sk\u0142adniki:<\/strong> olej z nasion lnu t\u0142oczony na zimno, olej z nasion wiesio\u0142ka t\u0142oczony na zimno, olej z nasion rzepaku t\u0142oczony na zimno (nie zawiera GMO), olej z nasion czarnej porzeczki t\u0142oczony na zimno, olej z pestek dyni t\u0142oczony na zimno, kapsu\u0142ki \u017celowe (\u017celatyna, woda, gliceryna, sproszkowany karmel, sproszkowany karob).<\/p>\n<h2><strong>Omega 3-6-9 &#8211; spos\u00f3b u\u017cycia: <\/strong><\/h2>\n<p>1 kapsu\u0142ka do 2 razy dziennie<\/p>\n<p><strong>Nie przekracza\u0107 zalecanej porcji do spo\u017cycia w ci\u0105gu dnia. Produkt nie mo\u017ce by\u0107 stosowany jako substytut zr\u00f3\u017cnicowanej diety. Wa\u017cne jest stosowanie zr\u00f3\u017cnicowanej i zbilansowanej diety oraz prowadzenie zdrowego trybu \u017cycia.<\/strong><\/p>\n<p><strong>Przechowywanie:<\/strong><\/p>\n<p>Po otwarciu przechowywa\u0107 w suchym i ciemnym miejscu, z dala od ma\u0142ych dzieci.<\/p>\n<p><strong>Producent:<\/strong><\/p>\n<p>Now Foods<br \/>\n395 S. Glen Ellyn Road<br \/>\nIL 60108 Bloomingdale, Stany Zjednoczone<\/p>\n","protected":false},"excerpt":{"rendered":"<p><strong>Suplement diety<\/strong><\/p>\n<p>G\u0142\u00f3wnym sk\u0142adnikiem suplementu diety Omega 3-6-9 jest kombinacja kwas\u00f3w omega-3, omega-6 i omega-9. S\u0105 one niezb\u0119dne dla prawid\u0142owego funkcjonowania organizmu.<\/p>\n","protected":false},"featured_media":9479,"comment_status":"closed","ping_status":"closed","template":"","meta":[],"product_brand":[],"product_cat":[72],"product_tag":[],"class_list":{"0":"post-1132","1":"product","2":"type-product","3":"status-publish","4":"has-post-thumbnail","6":"product_cat-suplementy-diety","8":"first","9":"instock","10":"sale","11":"taxable","12":"shipping-taxable","13":"purchasable","14":"product-type-simple"},"_links":{"self":[{"href":"https:\/\/ziolazycia.com\/nowa\/wp-json\/wp\/v2\/product\/1132","targetHints":{"allow":["GET"]}}],"collection":[{"href":"https:\/\/ziolazycia.com\/nowa\/wp-json\/wp\/v2\/product"}],"about":[{"href":"https:\/\/ziolazycia.com\/nowa\/wp-json\/wp\/v2\/types\/product"}],"replies":[{"embeddable":true,"href":"https:\/\/ziolazycia.com\/nowa\/wp-json\/wp\/v2\/comments?post=1132"}],"wp:featuredmedia":[{"embeddable":true,"href":"https:\/\/ziolazycia.com\/nowa\/wp-json\/wp\/v2\/media\/9479"}],"wp:attachment":[{"href":"https:\/\/ziolazycia.com\/nowa\/wp-json\/wp\/v2\/media?parent=1132"}],"wp:term":[{"taxonomy":"product_brand","embeddable":true,"href":"https:\/\/ziolazycia.com\/nowa\/wp-json\/wp\/v2\/product_brand?post=1132"},{"taxonomy":"product_cat","embeddable":true,"href":"https:\/\/ziolazycia.com\/nowa\/wp-json\/wp\/v2\/product_cat?post=1132"},{"taxonomy":"product_tag","embeddable":true,"href":"https:\/\/ziolazycia.com\/nowa\/wp-json\/wp\/v2\/product_tag?post=1132"}],"curies":[{"name":"wp","href":"https:\/\/api.w.org\/{rel}","templated":true}]}}