{"id":1124,"date":"2023-11-29T18:04:36","date_gmt":"2023-11-29T17:04:36","guid":{"rendered":"https:\/\/ziolazycia.com\/nowa\/?post_type=product&#038;p=1124"},"modified":"2025-11-26T15:58:27","modified_gmt":"2025-11-26T14:58:27","slug":"olive-leaf-extract-lisc-oliwny-ekstrakt-60-kapsulek-now-foods","status":"publish","type":"product","link":"https:\/\/ziolazycia.com\/nowa\/product\/olive-leaf-extract-lisc-oliwny-ekstrakt-60-kapsulek-now-foods\/","title":{"rendered":"Olive Leaf Extract (Li\u015b\u0107 oliwny ekstrakt) 500 mg 60 kapsu\u0142ek"},"content":{"rendered":"<p><strong>Suplement diety<\/strong><\/p>\n<p>Li\u015bcie oliwki europejskiej maj\u0105 najwy\u017csz\u0105 zdolno\u015b\u0107 niszczenia wolnych rodnik\u00f3w spo\u015br\u00f3d pozosta\u0142ych surowc\u00f3w zielarskich pochodz\u0105cych z tego drzewa.<\/p>\n<p>Li\u015bcie oliwki europejskiej s\u0105 \u017ar\u00f3d\u0142em polifenoli posiadaj\u0105cych w\u0142a\u015bciwo\u015bci antyoksydacyjne dzi\u0119ki czemu mog\u0105cych wspiera\u0107 uk\u0142ad immunologiczny .<\/p>\n<p>Standaryzowany do minimum 6% oleuropeiny.<\/p>\n<p><strong>Zawarto\u015b\u0107 opakowania:<\/strong>\u00a060 kapsu\u0142ek vege<\/p>\n<p><strong>Dzienne spo\u017cycie:<\/strong>\u00a03 kapsu\u0142ki<\/p>\n<p><strong>Sk\u0142adniki aktywne:<\/strong><\/p>\n<table width=\"100%\">\n<thead>\n<tr>\n<td><\/td>\n<td width=\"23%\">1 kapsu\u0142ka<\/td>\n<td width=\"1%\"><\/td>\n<\/tr>\n<\/thead>\n<tbody>\n<tr>\n<td>\n<table>\n<tbody>\n<tr>\n<td width=\"398\">Li\u015b\u0107 oliwny ekstrakt (Olea europaea) (Standaryzowany do min. 6% Oleuropein<\/td>\n<td width=\"1\"><\/td>\n<\/tr>\n<tr>\n<td width=\"398\"><\/td>\n<td width=\"1\"><\/td>\n<\/tr>\n<\/tbody>\n<\/table>\n<\/td>\n<td width=\"23%\">500 mg<\/p>\n<p>&nbsp;<\/p>\n<p>&nbsp;<\/td>\n<td width=\"1%\"><\/td>\n<\/tr>\n<\/tbody>\n<\/table>\n<p><strong>Sk\u0142adniki:<\/strong> Li\u015b\u0107 drzewa oliwnego ekstrakt (6% oleuropeiny); materia\u0142 kapsu\u0142ki: celuloza; subst. przeciwzbrylaj\u0105ca: sole magnezowe kwas\u00f3w t\u0142uszczowych, krzemionka.<\/p>\n<h2><strong>Olive Leaf Extract 500mg &#8211; spos\u00f3b u\u017cycia: <\/strong><\/h2>\n<p>1 kapsu\u0142ka do 3 razy dziennie<\/p>\n<p><strong>Nie przekracza\u0107 zalecanej porcji do spo\u017cycia w ci\u0105gu dnia. Produkt nie mo\u017ce by\u0107 stosowany jako substytut zr\u00f3\u017cnicowanej diety. Wa\u017cne jest stosowanie zr\u00f3\u017cnicowanej i zbilansowanej diety oraz prowadzenie zdrowego trybu \u017cycia.<\/strong><\/p>\n<p><strong>Przechowywanie:<\/strong><\/p>\n<p>Po otwarciu przechowywa\u0107 w suchym i ciemnym miejscu, z dala od ma\u0142ych dzieci.<\/p>\n<p><strong>Producent:<\/strong><\/p>\n<p>Now Foods<br \/>\n395 S. Glen Ellyn Road<br \/>\nIL 60108 Bloomingdale, Stany Zjednoczone<\/p>\n","protected":false},"excerpt":{"rendered":"<p><strong>Suplement diety<\/strong><\/p>\n<p>G\u0142\u00f3wnym sk\u0142adnikiem zio\u0142owym suplementu diety Olive Extract Leave 500 mg jest ekstrakt z li\u015bci drzewa oliwnego (Olea europaea).<\/p>\n","protected":false},"featured_media":9473,"comment_status":"closed","ping_status":"closed","template":"","meta":[],"product_brand":[],"product_cat":[72],"product_tag":[],"class_list":{"0":"post-1124","1":"product","2":"type-product","3":"status-publish","4":"has-post-thumbnail","6":"product_cat-suplementy-diety","8":"first","9":"outofstock","10":"taxable","11":"shipping-taxable","12":"purchasable","13":"product-type-simple"},"_links":{"self":[{"href":"https:\/\/ziolazycia.com\/nowa\/wp-json\/wp\/v2\/product\/1124","targetHints":{"allow":["GET"]}}],"collection":[{"href":"https:\/\/ziolazycia.com\/nowa\/wp-json\/wp\/v2\/product"}],"about":[{"href":"https:\/\/ziolazycia.com\/nowa\/wp-json\/wp\/v2\/types\/product"}],"replies":[{"embeddable":true,"href":"https:\/\/ziolazycia.com\/nowa\/wp-json\/wp\/v2\/comments?post=1124"}],"wp:featuredmedia":[{"embeddable":true,"href":"https:\/\/ziolazycia.com\/nowa\/wp-json\/wp\/v2\/media\/9473"}],"wp:attachment":[{"href":"https:\/\/ziolazycia.com\/nowa\/wp-json\/wp\/v2\/media?parent=1124"}],"wp:term":[{"taxonomy":"product_brand","embeddable":true,"href":"https:\/\/ziolazycia.com\/nowa\/wp-json\/wp\/v2\/product_brand?post=1124"},{"taxonomy":"product_cat","embeddable":true,"href":"https:\/\/ziolazycia.com\/nowa\/wp-json\/wp\/v2\/product_cat?post=1124"},{"taxonomy":"product_tag","embeddable":true,"href":"https:\/\/ziolazycia.com\/nowa\/wp-json\/wp\/v2\/product_tag?post=1124"}],"curies":[{"name":"wp","href":"https:\/\/api.w.org\/{rel}","templated":true}]}}